{"id":10901,"date":"2025-11-13T15:36:33","date_gmt":"2025-11-13T15:36:33","guid":{"rendered":"https:\/\/lightgoldenrodyellow-horse-236112.hostingersite.com\/verkaufsbedingungen-und-konditionen\/"},"modified":"2026-01-21T11:04:22","modified_gmt":"2026-01-21T11:04:22","slug":"verkaufsbedingungen-und-konditionen","status":"publish","type":"page","link":"https:\/\/cloudity.com\/de\/verkaufsbedingungen-und-konditionen\/","title":{"rendered":"Verkaufsbedingungen und Konditionen"},"content":{"rendered":"\t\t<div data-elementor-type=\"wp-post\" data-elementor-id=\"10901\" class=\"elementor elementor-10901 elementor-1405\" data-elementor-post-type=\"page\">\n\t\t\t\t<div class=\"elementor-element elementor-element-1259f128 hero-grid e-flex e-con-boxed e-con e-parent\" data-id=\"1259f128\" data-element_type=\"container\" data-e-type=\"container\" data-settings=\"{&quot;background_background&quot;:&quot;gradient&quot;}\">\n\t\t\t\t\t<div class=\"e-con-inner\">\n\t\t<div class=\"elementor-element elementor-element-329ddd51 e-con-full e-flex e-con e-child\" data-id=\"329ddd51\" data-element_type=\"container\" data-e-type=\"container\">\n\t\t\t\t<div class=\"elementor-element elementor-element-15982a32 elementor-widget elementor-widget-heading\" data-id=\"15982a32\" data-element_type=\"widget\" data-e-type=\"widget\" data-widget_type=\"heading.default\">\n\t\t\t\t\t<h1 class=\"elementor-heading-title elementor-size-default\">Verkaufsbedingungen und Konditionen<\/h1>\t\t\t\t<\/div>\n\t\t\t\t<div class=\"elementor-element elementor-element-13745e28 elementor-widget elementor-widget-spacer\" data-id=\"13745e28\" data-element_type=\"widget\" data-e-type=\"widget\" data-widget_type=\"spacer.default\">\n\t\t\t\t\t\t\t<div class=\"elementor-spacer\">\n\t\t\t<div class=\"elementor-spacer-inner\"><\/div>\n\t\t<\/div>\n\t\t\t\t\t\t<\/div>\n\t\t\t\t<div class=\"elementor-element elementor-element-15e31422 elementor-widget elementor-widget-spacer\" data-id=\"15e31422\" data-element_type=\"widget\" data-e-type=\"widget\" data-widget_type=\"spacer.default\">\n\t\t\t\t\t\t\t<div class=\"elementor-spacer\">\n\t\t\t<div class=\"elementor-spacer-inner\"><\/div>\n\t\t<\/div>\n\t\t\t\t\t\t<\/div>\n\t\t\t\t<\/div>\n\t\t<div class=\"elementor-element elementor-element-370f428 e-con-full e-flex e-con e-child\" data-id=\"370f428\" data-element_type=\"container\" data-e-type=\"container\">\n\t\t\t\t<\/div>\n\t\t\t\t\t<\/div>\n\t\t\t\t<\/div>\n\t\t<div class=\"elementor-element elementor-element-a0a11d6 e-flex e-con-boxed e-con e-parent\" data-id=\"a0a11d6\" data-element_type=\"container\" data-e-type=\"container\" data-settings=\"{&quot;background_background&quot;:&quot;classic&quot;}\">\n\t\t\t\t\t<div class=\"e-con-inner\">\n\t\t<div class=\"elementor-element elementor-element-7045596 e-con-full e-flex e-con e-child\" data-id=\"7045596\" data-element_type=\"container\" data-e-type=\"container\" data-settings=\"{&quot;background_background&quot;:&quot;classic&quot;}\">\n\t\t\t\t<div class=\"elementor-element elementor-element-a4b1f1f elementor-widget elementor-widget-spacer\" data-id=\"a4b1f1f\" data-element_type=\"widget\" data-e-type=\"widget\" data-widget_type=\"spacer.default\">\n\t\t\t\t\t\t\t<div class=\"elementor-spacer\">\n\t\t\t<div class=\"elementor-spacer-inner\"><\/div>\n\t\t<\/div>\n\t\t\t\t\t\t<\/div>\n\t\t\t\t<div class=\"elementor-element elementor-element-483e112 elementor-widget elementor-widget-spacer\" data-id=\"483e112\" data-element_type=\"widget\" data-e-type=\"widget\" data-widget_type=\"spacer.default\">\n\t\t\t\t\t\t\t<div class=\"elementor-spacer\">\n\t\t\t<div class=\"elementor-spacer-inner\"><\/div>\n\t\t<\/div>\n\t\t\t\t\t\t<\/div>\n\t\t\t\t<div class=\"elementor-element elementor-element-6dfc32b elementor-widget elementor-widget-heading\" data-id=\"6dfc32b\" data-element_type=\"widget\" data-e-type=\"widget\" data-widget_type=\"heading.default\">\n\t\t\t\t\t<h3 class=\"elementor-heading-title elementor-size-default\">Die neueste Version anzeigen<\/h3>\t\t\t\t<\/div>\n\t\t\t\t<div class=\"elementor-element elementor-element-244a180 elementor-widget elementor-widget-spacer\" data-id=\"244a180\" data-element_type=\"widget\" data-e-type=\"widget\" data-widget_type=\"spacer.default\">\n\t\t\t\t\t\t\t<div class=\"elementor-spacer\">\n\t\t\t<div class=\"elementor-spacer-inner\"><\/div>\n\t\t<\/div>\n\t\t\t\t\t\t<\/div>\n\t\t\t\t<div class=\"elementor-element elementor-element-13cf884 elementor-align-left elementor-widget elementor-widget-button\" data-id=\"13cf884\" data-element_type=\"widget\" data-e-type=\"widget\" data-widget_type=\"button.default\">\n\t\t\t\t\t\t\t\t\t\t<a class=\"elementor-button elementor-button-link elementor-size-sm\" href=\"http:\/\/cloudity.com\/wp-content\/uploads\/2025\/11\/LEG.C4.-CLOUDITY-CONDITIONS-GENERALES-DE-VENTES.-VOctobre.25.pdf\">\n\t\t\t\t\t\t<span class=\"elementor-button-content-wrapper\">\n\t\t\t\t\t\t\t\t\t<span class=\"elementor-button-text\">Conditions g\u00e9n\u00e9rales V.Octobre.2025.pdf (Taille du fichier : 588 Ko)<\/span>\n\t\t\t\t\t<\/span>\n\t\t\t\t\t<\/a>\n\t\t\t\t\t\t\t\t<\/div>\n\t\t\t\t<div class=\"elementor-element elementor-element-2c64056 elementor-widget elementor-widget-spacer\" data-id=\"2c64056\" data-element_type=\"widget\" data-e-type=\"widget\" data-widget_type=\"spacer.default\">\n\t\t\t\t\t\t\t<div class=\"elementor-spacer\">\n\t\t\t<div class=\"elementor-spacer-inner\"><\/div>\n\t\t<\/div>\n\t\t\t\t\t\t<\/div>\n\t\t\t\t<div class=\"elementor-element elementor-element-9a5dd9a elementor-widget elementor-widget-heading\" data-id=\"9a5dd9a\" data-element_type=\"widget\" data-e-type=\"widget\" data-widget_type=\"heading.default\">\n\t\t\t\t\t<h3 class=\"elementor-heading-title elementor-size-default\">Vorherige Version anzeigen<\/h3>\t\t\t\t<\/div>\n\t\t\t\t<div class=\"elementor-element elementor-element-7285efe elementor-widget elementor-widget-spacer\" data-id=\"7285efe\" data-element_type=\"widget\" data-e-type=\"widget\" data-widget_type=\"spacer.default\">\n\t\t\t\t\t\t\t<div class=\"elementor-spacer\">\n\t\t\t<div class=\"elementor-spacer-inner\"><\/div>\n\t\t<\/div>\n\t\t\t\t\t\t<\/div>\n\t\t\t\t<div class=\"elementor-element elementor-element-2c5b8dd elementor-align-left elementor-widget elementor-widget-button\" data-id=\"2c5b8dd\" data-element_type=\"widget\" data-e-type=\"widget\" data-widget_type=\"button.default\">\n\t\t\t\t\t\t\t\t\t\t<a class=\"elementor-button elementor-button-link elementor-size-sm\" href=\"http:\/\/cloudity.com\/wp-content\/uploads\/2025\/11\/LEG.C4-CLOUDITY-CONDITIONS-GENERALES-V.Aout_.2025.pdf\">\n\t\t\t\t\t\t<span class=\"elementor-button-content-wrapper\">\n\t\t\t\t\t\t\t\t\t<span class=\"elementor-button-text\">Conditions g\u00e9n\u00e9rales V.Aout.2025.pdf (Taille du fichier : 855 Ko)<\/span>\n\t\t\t\t\t<\/span>\n\t\t\t\t\t<\/a>\n\t\t\t\t\t\t\t\t<\/div>\n\t\t\t\t<\/div>\n\t\t\t\t<div class=\"elementor-element elementor-element-287909f elementor-widget elementor-widget-spacer\" data-id=\"287909f\" data-element_type=\"widget\" data-e-type=\"widget\" data-widget_type=\"spacer.default\">\n\t\t\t\t\t\t\t<div class=\"elementor-spacer\">\n\t\t\t<div class=\"elementor-spacer-inner\"><\/div>\n\t\t<\/div>\n\t\t\t\t\t\t<\/div>\n\t\t\t\t\t<\/div>\n\t\t\t\t<\/div>\n\t\t\t\t<\/div>\n\t\t","protected":false},"excerpt":{"rendered":"<p>Verkaufsbedingungen und Konditionen Die neueste Version anzeigen Conditions g\u00e9n\u00e9rales V.Octobre.2025.pdf (Taille du fichier : 588 Ko) Vorherige Version anzeigen Conditions g\u00e9n\u00e9rales V.Aout.2025.pdf (Taille du fichier : 855 Ko)<\/p>\n","protected":false},"author":2,"featured_media":0,"parent":0,"menu_order":0,"comment_status":"closed","ping_status":"closed","template":"elementor_header_footer","meta":{"_acf_changed":false,"_seopress_robots_primary_cat":"","_seopress_titles_title":"Verkaufsbedingungen und Konditionen - Cloudity","_seopress_titles_desc":"Lesen Sie Clouditys Verkaufsbedingungen und Konditionen. Ihre Rechte und unsere Verpflichtungen bez\u00fcglich legal matters.","_seopress_robots_index":"","footnotes":""},"class_list":["post-10901","page","type-page","status-publish","hentry"],"acf":[],"_links":{"self":[{"href":"https:\/\/cloudity.com\/de\/wp-json\/wp\/v2\/pages\/10901","targetHints":{"allow":["GET"]}}],"collection":[{"href":"https:\/\/cloudity.com\/de\/wp-json\/wp\/v2\/pages"}],"about":[{"href":"https:\/\/cloudity.com\/de\/wp-json\/wp\/v2\/types\/page"}],"author":[{"embeddable":true,"href":"https:\/\/cloudity.com\/de\/wp-json\/wp\/v2\/users\/2"}],"replies":[{"embeddable":true,"href":"https:\/\/cloudity.com\/de\/wp-json\/wp\/v2\/comments?post=10901"}],"version-history":[{"count":0,"href":"https:\/\/cloudity.com\/de\/wp-json\/wp\/v2\/pages\/10901\/revisions"}],"wp:attachment":[{"href":"https:\/\/cloudity.com\/de\/wp-json\/wp\/v2\/media?parent=10901"}],"curies":[{"name":"wp","href":"https:\/\/api.w.org\/{rel}","templated":true}]}}