{"id":11078,"date":"2025-11-13T15:13:48","date_gmt":"2025-11-13T15:13:48","guid":{"rendered":"https:\/\/lightgoldenrodyellow-horse-236112.hostingersite.com\/datenschutzrichtlinie\/"},"modified":"2026-02-17T13:49:38","modified_gmt":"2026-02-17T13:49:38","slug":"datenschutzrichtlinie","status":"publish","type":"page","link":"https:\/\/cloudity.com\/de\/datenschutzrichtlinie\/","title":{"rendered":"Datenschutzrichtlinie"},"content":{"rendered":"\t\t<div data-elementor-type=\"wp-post\" data-elementor-id=\"11078\" class=\"elementor elementor-11078 elementor-1375\" data-elementor-post-type=\"page\">\n\t\t\t\t<div class=\"elementor-element elementor-element-1259f128 hero-grid e-flex e-con-boxed e-con e-parent\" data-id=\"1259f128\" data-element_type=\"container\" data-e-type=\"container\" data-settings=\"{&quot;background_background&quot;:&quot;gradient&quot;}\">\n\t\t\t\t\t<div class=\"e-con-inner\">\n\t\t<div class=\"elementor-element elementor-element-329ddd51 e-con-full e-flex e-con e-child\" data-id=\"329ddd51\" data-element_type=\"container\" data-e-type=\"container\">\n\t\t\t\t<div class=\"elementor-element elementor-element-15982a32 elementor-widget elementor-widget-heading\" data-id=\"15982a32\" data-element_type=\"widget\" data-e-type=\"widget\" data-widget_type=\"heading.default\">\n\t\t\t\t\t<h1 class=\"elementor-heading-title elementor-size-default\">Datenschutzbestimmungen<\/h1>\t\t\t\t<\/div>\n\t\t\t\t<div class=\"elementor-element elementor-element-13745e28 elementor-widget elementor-widget-spacer\" data-id=\"13745e28\" data-element_type=\"widget\" data-e-type=\"widget\" data-widget_type=\"spacer.default\">\n\t\t\t\t\t\t\t<div class=\"elementor-spacer\">\n\t\t\t<div class=\"elementor-spacer-inner\"><\/div>\n\t\t<\/div>\n\t\t\t\t\t\t<\/div>\n\t\t\t\t<div class=\"elementor-element elementor-element-15e31422 elementor-widget elementor-widget-spacer\" data-id=\"15e31422\" data-element_type=\"widget\" data-e-type=\"widget\" data-widget_type=\"spacer.default\">\n\t\t\t\t\t\t\t<div class=\"elementor-spacer\">\n\t\t\t<div class=\"elementor-spacer-inner\"><\/div>\n\t\t<\/div>\n\t\t\t\t\t\t<\/div>\n\t\t\t\t<\/div>\n\t\t<div class=\"elementor-element elementor-element-370f428 e-con-full e-flex e-con e-child\" data-id=\"370f428\" data-element_type=\"container\" data-e-type=\"container\">\n\t\t\t\t<\/div>\n\t\t\t\t\t<\/div>\n\t\t\t\t<\/div>\n\t\t<div class=\"elementor-element elementor-element-a0a11d6 e-flex e-con-boxed e-con e-parent\" data-id=\"a0a11d6\" data-element_type=\"container\" data-e-type=\"container\" data-settings=\"{&quot;background_background&quot;:&quot;classic&quot;}\">\n\t\t\t\t\t<div class=\"e-con-inner\">\n\t\t<div class=\"elementor-element elementor-element-7045596 e-con-full e-flex e-con e-child\" data-id=\"7045596\" data-element_type=\"container\" data-e-type=\"container\" data-settings=\"{&quot;background_background&quot;:&quot;classic&quot;}\">\n\t\t\t\t<div class=\"elementor-element elementor-element-a4b1f1f elementor-widget elementor-widget-spacer\" data-id=\"a4b1f1f\" data-element_type=\"widget\" data-e-type=\"widget\" data-widget_type=\"spacer.default\">\n\t\t\t\t\t\t\t<div class=\"elementor-spacer\">\n\t\t\t<div class=\"elementor-spacer-inner\"><\/div>\n\t\t<\/div>\n\t\t\t\t\t\t<\/div>\n\t\t\t\t<div class=\"elementor-element elementor-element-6dfc32b elementor-hidden-desktop elementor-hidden-tablet elementor-hidden-mobile elementor-widget elementor-widget-heading\" data-id=\"6dfc32b\" data-element_type=\"widget\" data-e-type=\"widget\" data-widget_type=\"heading.default\">\n\t\t\t\t\t<h3 class=\"elementor-heading-title elementor-size-default\">Welche Daten sammeln wir?  <\/h3>\t\t\t\t<\/div>\n\t\t\t\t<div class=\"elementor-element elementor-element-244a180 elementor-widget elementor-widget-spacer\" data-id=\"244a180\" data-element_type=\"widget\" data-e-type=\"widget\" data-widget_type=\"spacer.default\">\n\t\t\t\t\t\t\t<div class=\"elementor-spacer\">\n\t\t\t<div class=\"elementor-spacer-inner\"><\/div>\n\t\t<\/div>\n\t\t\t\t\t\t<\/div>\n\t\t\t\t<div class=\"elementor-element elementor-element-7a3f386 elementor-widget elementor-widget-text-editor\" data-id=\"7a3f386\" data-element_type=\"widget\" data-e-type=\"widget\" data-widget_type=\"text-editor.default\">\n\t\t\t\t\t\t\t\t\t<p data-path-to-node=\"1\">Cloudity legt gro\u00dfen Wert auf den Schutz Ihrer personenbezogenen Daten und Ihre Privatsph\u00e4re. Diese Richtlinie (im Folgenden \u201edie Richtlinie\u201c) dient dazu, Sie dar\u00fcber zu informieren, wie wir die personenbezogenen Daten erheben und verarbeiten, die Sie uns \u00fcber unsere Website <a class=\"ng-star-inserted\" target=\"_blank\" rel=\"noopener\">www.cloudity.com<\/a> (im Folgenden \u201edie Website\u201c) zur Verf\u00fcgung stellen.<\/p>\n<h3 data-path-to-node=\"2\"><b data-path-to-node=\"2\" data-index-in-node=\"0\">Welche Daten erheben wir?<\/b><\/h3>\n<p data-path-to-node=\"3\"><b data-path-to-node=\"3\" data-index-in-node=\"0\">Direkt erhobene Daten<\/b> Durch die Nutzung unserer Website k\u00f6nnen Sie aufgefordert werden, uns personenbezogene Daten mitzuteilen (z. B. durch das Ausf\u00fcllen eines Formulars).<\/p>\n<p data-path-to-node=\"4\"><b data-path-to-node=\"4\" data-index-in-node=\"0\">Indirekt von Dritten erhobene Daten<\/b> In Bezug auf Daten aus anderen Quellen k\u00f6nnen wir Ihre Kontaktdaten und andere personenbezogene Informationen auch von unseren Tochtergesellschaften und anderen Dritten beziehen, einschlie\u00dflich:<\/p>\n<ul data-path-to-node=\"5\">\n<li>\n<p data-path-to-node=\"5,0,0\">\u00fcber Cookies und Tracker, die auf Ihrem Ger\u00e4t platziert oder von diesem gelesen werden;<\/p>\n<\/li>\n<li>\n<p data-path-to-node=\"5,1,0\">\u00fcber Quellen von Partnern, basierend auf unserem berechtigten Interesse oder gesetzlichen Verpflichtungen, die Ihre Zustimmung erfordern;<\/p>\n<\/li>\n<li>\n<p data-path-to-node=\"5,2,0\">aus \u00f6ffentlich zug\u00e4nglichen Quellen.<\/p>\n<\/li>\n<\/ul>\n<p data-path-to-node=\"6\">Die erhobenen personenbezogenen Daten k\u00f6nnen daher Folgendes umfassen:<\/p>\n<ul data-path-to-node=\"7\">\n<li>\n<p data-path-to-node=\"7,0,0\"><b data-path-to-node=\"7,0,0\" data-index-in-node=\"0\">Identifikationsdaten<\/b> (wie Name, Vorname, E-Mail-Adresse, Telefonnummer);<\/p>\n<\/li>\n<li>\n<p data-path-to-node=\"7,1,0\"><b data-path-to-node=\"7,1,0\" data-index-in-node=\"0\">Berufsbezogene Daten<\/b> (wie Firmenname, gesch\u00e4ftliche Telefonnummer, gesch\u00e4ftliche E-Mail-Adresse, Jobtitel).<\/p>\n<\/li>\n<\/ul>\n<h3 data-path-to-node=\"8\"><b data-path-to-node=\"8\" data-index-in-node=\"0\">Zu welchem Zweck erheben wir Ihre personenbezogenen Daten?<\/b><\/h3>\n<p data-path-to-node=\"9\">Wir erheben und verarbeiten Ihre personenbezogenen Daten zu folgenden Zwecken:<\/p>\n<ul data-path-to-node=\"10\">\n<li>\n<p data-path-to-node=\"10,0,0\">um auf Ihre Informationsanfragen zu antworten;<\/p>\n<\/li>\n<li>\n<p data-path-to-node=\"10,1,0\">um das ordnungsgem\u00e4\u00dfe Funktionieren und die Sicherheit unserer Website zu gew\u00e4hrleisten;<\/p>\n<\/li>\n<li>\n<p data-path-to-node=\"10,2,0\">um die Funktionalit\u00e4t und Qualit\u00e4t Ihrer Navigation auf unserer Website durch Analysen, Studien und Umfragen zu verbessern;<\/p>\n<\/li>\n<li>\n<p data-path-to-node=\"10,3,0\">um Bewerbungen \u00fcber unsere Website zu verwalten;<\/p>\n<\/li>\n<li>\n<p data-path-to-node=\"10,4,0\">um Ma\u00dfnahmen zur vertrieblichen Akquise durchzuf\u00fchren;<\/p>\n<\/li>\n<li>\n<p data-path-to-node=\"10,5,0\">um Ihnen Aktualisierungen, \u00c4nderungen oder andere Neuigkeiten im Zusammenhang mit unserer Website zuzusenden;<\/p>\n<\/li>\n<li>\n<p data-path-to-node=\"10,6,0\">um Sie zu Veranstaltungen einzuladen, die wir allein oder in Partnerschaft organisieren;<\/p>\n<\/li>\n<li>\n<p data-path-to-node=\"10,7,0\">um Sie zur Teilnahme an Kundenzufriedenheitsumfragen, Werbewettbewerben und verschiedenen Werbeaktionen einzuladen;<\/p>\n<\/li>\n<li>\n<p data-path-to-node=\"10,8,0\">um die gesetzlichen Verpflichtungen zu erf\u00fcllen, denen wir unterliegen;<\/p>\n<\/li>\n<li>\n<p data-path-to-node=\"10,9,0\">um unsere Vertr\u00e4ge auszuf\u00fchren und durchzusetzen.<\/p>\n<\/li>\n<\/ul>\n<h3 data-path-to-node=\"11\"><b data-path-to-node=\"11\" data-index-in-node=\"0\">Auf welcher Rechtsgrundlage erheben wir Ihre personenbezogenen Daten?<\/b><\/h3>\n<p data-path-to-node=\"12\">Wir erheben und verarbeiten Ihre personenbezogenen Daten in \u00dcbereinstimmung mit der Verordnung (DSGVO) und ausschlie\u00dflich auf den folgenden Rechtsgrundlagen:<\/p>\n<ul data-path-to-node=\"13\">\n<li>\n<p data-path-to-node=\"13,0,0\">wenn es f\u00fcr die Erf\u00fcllung eines mit Ihnen geschlossenen Vertrages erforderlich ist;<\/p>\n<\/li>\n<li>\n<p data-path-to-node=\"13,1,0\">wenn es zur Erf\u00fcllung einer rechtlichen Verpflichtung erforderlich ist;<\/p>\n<\/li>\n<li>\n<p data-path-to-node=\"13,2,0\">wenn Sie ausdr\u00fccklich in die Verarbeitung Ihrer personenbezogenen Daten eingewilligt haben;<\/p>\n<\/li>\n<li>\n<p data-path-to-node=\"13,3,0\">wenn es zur Wahrung unserer berechtigten Interessen erforderlich ist;<\/p>\n<\/li>\n<li>\n<p data-path-to-node=\"13,4,0\">wenn es im Rahmen eines \u00f6ffentlichen Interesses erforderlich ist.<\/p>\n<\/li>\n<\/ul>\n<h3 data-path-to-node=\"14\"><b data-path-to-node=\"14\" data-index-in-node=\"0\">Wie lange bewahren wir Ihre personenbezogenen Daten auf?<\/b><\/h3>\n<p data-path-to-node=\"15\">Ihre personenbezogenen Daten werden nur f\u00fcr den Zeitraum aufbewahrt, der zur Erreichung der verfolgten Zwecke unbedingt erforderlich ist, wie in dieser Richtlinie dargelegt und in \u00dcbereinstimmung mit der Verordnung und den geltenden Gesetzen. Nach Ablauf dieses Zeitraums werden Ihre personenbezogenen Daten gel\u00f6scht.<\/p>\n<p data-path-to-node=\"16\"><b data-path-to-node=\"16\" data-index-in-node=\"0\">Aufbewahrungsfristen:<\/b><\/p>\n<ul data-path-to-node=\"17\">\n<li>\n<p data-path-to-node=\"17,0,0\"><b data-path-to-node=\"17,0,0\" data-index-in-node=\"0\">Bewerberdaten:<\/b> Aufbewahrung f\u00fcr 2 Jahre.<\/p>\n<\/li>\n<li>\n<p data-path-to-node=\"17,1,0\"><b data-path-to-node=\"17,1,0\" data-index-in-node=\"0\">Daten zur Verwaltung der Gesch\u00e4ftsbeziehung und f\u00fcr Akquisezwecke:<\/b> Aufbewahrung f\u00fcr 3 Jahre ab dem letzten Kontakt.<\/p>\n<\/li>\n<\/ul>\n<h3 data-path-to-node=\"18\"><b data-path-to-node=\"18\" data-index-in-node=\"0\">Wer ist der Verantwortliche f\u00fcr Ihre personenbezogenen Daten?<\/b><\/h3>\n<p data-path-to-node=\"19\">Verantwortlicher f\u00fcr Ihre personenbezogenen Daten ist die <b data-path-to-node=\"19\" data-index-in-node=\"58\">Cloudity sp. z o.o.<\/b> mit Sitz in Warschau (00-032), ul. Kazimierza Brokla 2, eingetragen im Unternehmerregister des Bezirksgerichts f\u00fcr die Hauptstadt Warschau in Warschau, XII. Wirtschaftsabteilung des Nationalen Gerichtsregisters unter der KRS-Nummer: 0000505827 (NIP: 9512379071; REGON: 147192818), mit einem Stammkapital von 39.900 PLN und\/oder ihre Tochtergesellschaften.<\/p>\n<h3 data-path-to-node=\"20\"><b data-path-to-node=\"20\" data-index-in-node=\"0\">Wer sind die Empf\u00e4nger Ihrer personenbezogenen Daten?<\/b><\/h3>\n<p data-path-to-node=\"21\">Der Zugriff auf einige Ihrer Daten kann den Mitarbeitern und Partnern der HARDIS GROUP, ihren Tochtergesellschaften und ihren Auftragsverarbeitern ausschlie\u00dflich zu Zwecken der Verarbeitung gew\u00e4hrt werden. Die HARDIS GROUP gibt Ihre Daten nur an Auftragsverarbeiter weiter, mit denen ein Vertrag geschlossen wurde, die angemessene Sicherheits- und Vertraulichkeitszusagen und -garantien bieten und die sich verpflichten, alle gesetzlichen und regulatorischen Verpflichtungen zum Schutz personenbezogener Daten einzuhalten.<\/p>\n<p data-path-to-node=\"22\">Die verarbeiteten Daten k\u00f6nnen auf Anfrage an zust\u00e4ndige Beh\u00f6rden im Rahmen von Gerichtsverfahren oder Untersuchungen sowie zur Erf\u00fcllung anderer gesetzlicher Verpflichtungen \u00fcbermittelt werden. Sie k\u00f6nnen auch an Dritte \u00fcbermittelt werden, die durch eine Gerichtsentscheidung dazu befugt sind.<\/p>\n<h3 data-path-to-node=\"23\"><b data-path-to-node=\"23\" data-index-in-node=\"0\">Welche Rechte haben Sie in Bezug auf Ihre personenbezogenen Daten?<\/b><\/h3>\n<p data-path-to-node=\"24\">Sie k\u00f6nnen jederzeit Ihre Rechte aus\u00fcben, die Ihnen durch die Verordnung gew\u00e4hrt werden:<\/p>\n<ul data-path-to-node=\"25\">\n<li>\n<p data-path-to-node=\"25,0,0\">Auskunft \u00fcber Ihre personenbezogenen Daten verlangen;<\/p>\n<\/li>\n<li>\n<p data-path-to-node=\"25,1,0\">die Berichtigung unrichtiger personenbezogener Daten verlangen;<\/p>\n<\/li>\n<li>\n<p data-path-to-node=\"25,2,0\">die L\u00f6schung Ihrer personenbezogenen Daten verlangen;<\/p>\n<\/li>\n<li>\n<p data-path-to-node=\"25,3,0\">die Einschr\u00e4nkung der Verarbeitung verlangen;<\/p>\n<\/li>\n<li>\n<p data-path-to-node=\"25,4,0\">Ihre Einwilligung zur Verarbeitung widerrufen;<\/p>\n<\/li>\n<li>\n<p data-path-to-node=\"25,5,0\">Widerspruch gegen die Verarbeitung einlegen;<\/p>\n<\/li>\n<li>\n<p data-path-to-node=\"25,6,0\">das Recht auf Daten\u00fcbertragbarkeit aus\u00fcben.<\/p>\n<\/li>\n<\/ul>\n<p data-path-to-node=\"26\"><br><\/p><p data-path-to-node=\"26\">Um diese Rechte auszu\u00fcben, k\u00f6nnen Sie uns unter der folgenden Adresse kontaktieren:&nbsp;<\/p><p data-path-to-node=\"26\"><b data-path-to-node=\"26\" data-index-in-node=\"84\">DPO:<\/b> Katarzyna Jastrz\u0119bska-Bieszke. E-Mail-Adresse: <b data-path-to-node=\"26\" data-index-in-node=\"136\">iodo@cloudity.com<\/b><\/p>\n<h3 data-path-to-node=\"27\"><b data-path-to-node=\"27\" data-index-in-node=\"0\">\u00dcbermitteln wir Ihre personenbezogenen Daten?<\/b><\/h3>\n<p data-path-to-node=\"28\">Ihre Daten werden prim\u00e4r innerhalb der Europ\u00e4ischen Union verarbeitet. Sie k\u00f6nnen jedoch auch in ein Drittland au\u00dferhalb des Europ\u00e4ischen Wirtschaftsraums (EWR) \u00fcbermittelt werden. In diesen F\u00e4llen werden die \u00dcbermittlungen durch die in Artikel 46 der DSGVO vorgesehenen Mechanismen geregelt, wie z. B. Standardvertragsklauseln oder einen Angemessenheitsbeschluss.<\/p>\n<h3 data-path-to-node=\"29\"><b data-path-to-node=\"29\" data-index-in-node=\"0\">\u00c4nderung unserer Datenschutzrichtlinie<\/b><\/h3>\n<p data-path-to-node=\"30\">Wir k\u00f6nnen diese Richtlinie gelegentlich \u00e4ndern, um regulatorischen, gerichtlichen oder technischen Entwicklungen Rechnung zu tragen. In diesem Fall werden wir das Datum der \u201eletzten Aktualisierung\u201c anpassen. Wir empfehlen Ihnen, diese Seite regelm\u00e4\u00dfig zu \u00fcberpr\u00fcfen.<\/p>\t\t\t\t\t\t\t\t<\/div>\n\t\t\t\t<\/div>\n\t\t\t\t\t<\/div>\n\t\t\t\t<\/div>\n\t\t\t\t<\/div>\n\t\t","protected":false},"excerpt":{"rendered":"<p>Datenschutzbestimmungen Welche Daten sammeln wir? Cloudity legt gro\u00dfen Wert auf den Schutz Ihrer personenbezogenen Daten und Ihre Privatsph\u00e4re. Diese Richtlinie (im Folgenden \u201edie Richtlinie\u201c) dient dazu, Sie dar\u00fcber zu informieren, wie wir die personenbezogenen Daten erheben und verarbeiten, die Sie uns \u00fcber unsere Website www.cloudity.com (im Folgenden \u201edie Website\u201c) zur Verf\u00fcgung stellen. Welche Daten erheben [&hellip;]<\/p>\n","protected":false},"author":2,"featured_media":0,"parent":0,"menu_order":0,"comment_status":"closed","ping_status":"closed","template":"elementor_header_footer","meta":{"_acf_changed":false,"_seopress_robots_primary_cat":"","_seopress_titles_title":"Datenschutzrichtlinie - Cloudity","_seopress_titles_desc":"Lesen Sie Clouditys Datenschutzrichtlinie. Ihre Rechte und unsere Verpflichtungen bez\u00fcglich legal matters.","_seopress_robots_index":"","footnotes":""},"class_list":["post-11078","page","type-page","status-publish","hentry"],"acf":[],"_links":{"self":[{"href":"https:\/\/cloudity.com\/de\/wp-json\/wp\/v2\/pages\/11078","targetHints":{"allow":["GET"]}}],"collection":[{"href":"https:\/\/cloudity.com\/de\/wp-json\/wp\/v2\/pages"}],"about":[{"href":"https:\/\/cloudity.com\/de\/wp-json\/wp\/v2\/types\/page"}],"author":[{"embeddable":true,"href":"https:\/\/cloudity.com\/de\/wp-json\/wp\/v2\/users\/2"}],"replies":[{"embeddable":true,"href":"https:\/\/cloudity.com\/de\/wp-json\/wp\/v2\/comments?post=11078"}],"version-history":[{"count":1,"href":"https:\/\/cloudity.com\/de\/wp-json\/wp\/v2\/pages\/11078\/revisions"}],"predecessor-version":[{"id":19769,"href":"https:\/\/cloudity.com\/de\/wp-json\/wp\/v2\/pages\/11078\/revisions\/19769"}],"wp:attachment":[{"href":"https:\/\/cloudity.com\/de\/wp-json\/wp\/v2\/media?parent=11078"}],"curies":[{"name":"wp","href":"https:\/\/api.w.org\/{rel}","templated":true}]}}