{"id":11138,"date":"2025-11-13T15:09:43","date_gmt":"2025-11-13T15:09:43","guid":{"rendered":"https:\/\/lightgoldenrodyellow-horse-236112.hostingersite.com\/rechtlicher-hinweis\/"},"modified":"2026-02-06T15:06:44","modified_gmt":"2026-02-06T15:06:44","slug":"rechtlicher-hinweis","status":"publish","type":"page","link":"https:\/\/cloudity.com\/de\/rechtlicher-hinweis\/","title":{"rendered":"Rechtlicher Hinweis"},"content":{"rendered":"\t\t<div data-elementor-type=\"wp-post\" data-elementor-id=\"11138\" class=\"elementor elementor-11138 elementor-1365\" data-elementor-post-type=\"page\">\n\t\t\t\t<div class=\"elementor-element elementor-element-1259f128 hero-grid e-flex e-con-boxed e-con e-parent\" data-id=\"1259f128\" data-element_type=\"container\" data-e-type=\"container\" data-settings=\"{&quot;background_background&quot;:&quot;gradient&quot;}\">\n\t\t\t\t\t<div class=\"e-con-inner\">\n\t\t<div class=\"elementor-element elementor-element-329ddd51 e-con-full e-flex e-con e-child\" data-id=\"329ddd51\" data-element_type=\"container\" data-e-type=\"container\">\n\t\t\t\t<div class=\"elementor-element elementor-element-15982a32 elementor-widget elementor-widget-heading\" data-id=\"15982a32\" data-element_type=\"widget\" data-e-type=\"widget\" data-widget_type=\"heading.default\">\n\t\t\t\t\t<h1 class=\"elementor-heading-title elementor-size-default\">Rechtlicher Hinweis  <\/h1>\t\t\t\t<\/div>\n\t\t\t\t<div class=\"elementor-element elementor-element-13745e28 elementor-widget elementor-widget-spacer\" data-id=\"13745e28\" data-element_type=\"widget\" data-e-type=\"widget\" data-widget_type=\"spacer.default\">\n\t\t\t\t\t\t\t<div class=\"elementor-spacer\">\n\t\t\t<div class=\"elementor-spacer-inner\"><\/div>\n\t\t<\/div>\n\t\t\t\t\t\t<\/div>\n\t\t\t\t<div class=\"elementor-element elementor-element-15e31422 elementor-widget elementor-widget-spacer\" data-id=\"15e31422\" data-element_type=\"widget\" data-e-type=\"widget\" data-widget_type=\"spacer.default\">\n\t\t\t\t\t\t\t<div class=\"elementor-spacer\">\n\t\t\t<div class=\"elementor-spacer-inner\"><\/div>\n\t\t<\/div>\n\t\t\t\t\t\t<\/div>\n\t\t\t\t<\/div>\n\t\t<div class=\"elementor-element elementor-element-370f428 e-con-full e-flex e-con e-child\" data-id=\"370f428\" data-element_type=\"container\" data-e-type=\"container\">\n\t\t\t\t<\/div>\n\t\t\t\t\t<\/div>\n\t\t\t\t<\/div>\n\t\t<div class=\"elementor-element elementor-element-a0a11d6 e-flex e-con-boxed e-con e-parent\" data-id=\"a0a11d6\" data-element_type=\"container\" data-e-type=\"container\" data-settings=\"{&quot;background_background&quot;:&quot;classic&quot;}\">\n\t\t\t\t\t<div class=\"e-con-inner\">\n\t\t<div class=\"elementor-element elementor-element-7045596 e-con-full e-flex e-con e-child\" data-id=\"7045596\" data-element_type=\"container\" data-e-type=\"container\" data-settings=\"{&quot;background_background&quot;:&quot;classic&quot;}\">\n\t\t\t\t<div class=\"elementor-element elementor-element-a4b1f1f elementor-widget elementor-widget-spacer\" data-id=\"a4b1f1f\" data-element_type=\"widget\" data-e-type=\"widget\" data-widget_type=\"spacer.default\">\n\t\t\t\t\t\t\t<div class=\"elementor-spacer\">\n\t\t\t<div class=\"elementor-spacer-inner\"><\/div>\n\t\t<\/div>\n\t\t\t\t\t\t<\/div>\n\t\t\t\t<div class=\"elementor-element elementor-element-6dfc32b elementor-widget elementor-widget-heading\" data-id=\"6dfc32b\" data-element_type=\"widget\" data-e-type=\"widget\" data-widget_type=\"heading.default\">\n\t\t\t\t\t<h3 class=\"elementor-heading-title elementor-size-default\">Informationen zum Herausgeber  <\/h3>\t\t\t\t<\/div>\n\t\t\t\t<div class=\"elementor-element elementor-element-244a180 elementor-widget elementor-widget-spacer\" data-id=\"244a180\" data-element_type=\"widget\" data-e-type=\"widget\" data-widget_type=\"spacer.default\">\n\t\t\t\t\t\t\t<div class=\"elementor-spacer\">\n\t\t\t<div class=\"elementor-spacer-inner\"><\/div>\n\t\t<\/div>\n\t\t\t\t\t\t<\/div>\n\t\t\t\t<div class=\"elementor-element elementor-element-7a3f386 elementor-widget elementor-widget-text-editor\" data-id=\"7a3f386\" data-element_type=\"widget\" data-e-type=\"widget\" data-widget_type=\"text-editor.default\">\n\t\t\t\t\t\t\t\t\t<p><span data-contrast=\"auto\"><br \/>Die Website https:\/\/www.cloudity.com wird gemeinsam ver\u00f6ffentlicht von:<br \/><\/span><\/p><p><br \/><b><span data-contrast=\"auto\">CLOUDITY SAS<\/span><\/b><\/p><ul><li><span data-contrast=\"auto\">Grundkapital: 4.949.013,50 \u20ac.<\/span><\/li><li><span data-contrast=\"auto\">Unternehmensregistrierungsnummer (RCS): 913 269 973 R.C.S. Grenoble<\/span><\/li><li><span data-contrast=\"auto\">Umsatzsteuer-Identifikationsnummer: FR20913269973<\/span><\/li><li><span data-contrast=\"auto\">Eingetragener Sitz:<\/span><br \/><span data-contrast=\"auto\">8 Place de la R\u00e9sistance<\/span><br \/><span data-contrast=\"auto\">38000 Grenoble, Frankreich<\/span><\/li><\/ul><p><br \/><b><span data-contrast=\"auto\">CLOUDITY sp. z o. o. <\/span><\/b><\/p><ul><li><span data-contrast=\"auto\">Grundkapital: PLN 39.000,00<\/span><\/li><li><span data-contrast=\"auto\">NIP: 951-23-79-071<\/span><\/li><li><span data-contrast=\"auto\">KRS: 0000505827<\/span><\/li><li><span data-contrast=\"auto\">REGON: 147192818<\/span><\/li><li><span data-contrast=\"auto\">Eingetragener Sitz:<\/span><br \/><span data-contrast=\"auto\">Kazimierza Brokla 2<\/span><br \/><span data-contrast=\"auto\">00-032 Warschau, Polen<\/span><\/li><\/ul><p><br \/><b><span data-contrast=\"auto\">CLOUDITY GmbH<\/span><\/b><\/p><ul><li><span data-contrast=\"auto\">Kapital: \u20ac50.000,00<\/span><br \/><span data-contrast=\"auto\">Handelsregisternummer: HRB 210340<\/span><br \/><span data-contrast=\"auto\">STEUERNUMMER: 29\/252\/33068<\/span><br \/><span data-contrast=\"auto\">Umsatzsteuer-Identifikationsnummer: DE 326 482 136<\/span><\/li><li><span data-contrast=\"auto\">Eingetragener Sitz:<\/span><br \/><span data-contrast=\"auto\">Krausenstra\u00dfe 9-10<\/span><br \/><span data-contrast=\"auto\">10117 Berlin<\/span><\/li><\/ul><p><br \/><b><span data-contrast=\"auto\">CLOUDITY Sp. z o.o. Filiale <\/span><\/b><br \/><span data-contrast=\"auto\">Umsatzsteuer-Identifikationsnummer: SE 516 411 699 701<\/span><br \/><span data-contrast=\"auto\">Eingetragener Firmensitz:<\/span><br \/>KAM Redovisning AB, Box 47089, 100-74, Stockholm<\/p><p><br \/><br \/><b><span data-contrast=\"auto\">Kontakt: <\/span><\/b><span data-contrast=\"auto\"><a style=\"color: #3453ff;\" href=\"http:\/\/cloudity.com\/contact-us\/\">\u00fcber das Kontaktformular<br \/><\/a><\/span><br \/><b><span data-contrast=\"auto\">Hosting-Anbieter<\/span><\/b><span data-contrast=\"auto\"><br \/>Die Website<br \/>https:\/\/www.cloudity.com<br \/>wird gehostet von:<br \/><\/span><\/p><p><br \/><br \/><b><span data-contrast=\"auto\">OVH<\/span><\/b><br \/><span data-contrast=\"auto\">2, rue Kellermann<\/span><br \/><span data-contrast=\"auto\">59100 Roubaix, Frankreich<\/span><br \/><span data-contrast=\"auto\">Telefon: +33(0)9 72 10 10 07<\/span><\/p><p><br \/><br \/><b><span data-contrast=\"auto\">Veranstaltungsort:<\/span><\/b><br \/><span data-contrast=\"auto\">XXX, Frankreich<\/span><\/p><p><br \/><br \/><b><span data-contrast=\"auto\">Geistiges Eigentum<\/span><\/b><br \/><span data-contrast=\"auto\"><br \/>Der Inhalt von<br \/>https:\/\/www.cloudity.com<br \/>enth\u00e4lt verschiedene Elemente (Texte, Medien, Grafiken, Designs, Marken usw.), die durch Gesetze zum Schutz des geistigen Eigentums, einschlie\u00dflich des Urheberrechts, gesch\u00fctzt sind.<\/span><\/p><p><span data-contrast=\"auto\"><br \/>Jegliche teilweise oder vollst\u00e4ndige Reproduktion, Darstellung, \u00c4nderung oder Ver\u00f6ffentlichung des Inhalts der Website, mit welchen Mitteln auch immer, ist strengstens untersagt und kann gem\u00e4\u00df den geltenden Gesetzen rechtliche Schritte nach sich ziehen.<\/span><\/p><p><br \/><b><span data-contrast=\"auto\">CLOUDITY <\/span><\/b><span data-contrast=\"auto\">ist der Eigent\u00fcmer der <\/span><b><span data-contrast=\"auto\">CLOUDITY <\/span><\/b><span data-contrast=\"auto\">Marke.<\/span><\/p><p><span data-contrast=\"auto\"><br \/>Jegliche Vervielf\u00e4ltigung, Darstellung, Anpassung oder unbefugte Nutzung dieser Marke ist strengstens untersagt und stellt eine Verletzung dar, die nach den geltenden Markengesetzen verfolgt werden kann.<br \/><\/span><\/p>\t\t\t\t\t\t\t\t<\/div>\n\t\t\t\t<\/div>\n\t\t\t\t\t<\/div>\n\t\t\t\t<\/div>\n\t\t\t\t<\/div>\n\t\t","protected":false},"excerpt":{"rendered":"<p>Rechtlicher Hinweis Informationen zum Herausgeber Die Website https:\/\/www.cloudity.com wird gemeinsam ver\u00f6ffentlicht von: CLOUDITY SAS Grundkapital: 4.949.013,50 \u20ac. Unternehmensregistrierungsnummer (RCS): 913 269 973 R.C.S. Grenoble Umsatzsteuer-Identifikationsnummer: FR20913269973 Eingetragener Sitz:8 Place de la R\u00e9sistance38000 Grenoble, Frankreich CLOUDITY sp. z o. o. Grundkapital: PLN 39.000,00 NIP: 951-23-79-071 KRS: 0000505827 REGON: 147192818 Eingetragener Sitz:Kazimierza Brokla 200-032 Warschau, Polen CLOUDITY [&hellip;]<\/p>\n","protected":false},"author":2,"featured_media":0,"parent":0,"menu_order":0,"comment_status":"closed","ping_status":"closed","template":"elementor_header_footer","meta":{"_acf_changed":false,"_seopress_robots_primary_cat":"","_seopress_titles_title":"Rechtlicher Hinweis - Cloudity","_seopress_titles_desc":"Lesen Sie Clouditys Rechtlicher Hinweis. Ihre Rechte und unsere Verpflichtungen bez\u00fcglich legal matters.","_seopress_robots_index":"","footnotes":""},"class_list":["post-11138","page","type-page","status-publish","hentry"],"acf":[],"_links":{"self":[{"href":"https:\/\/cloudity.com\/de\/wp-json\/wp\/v2\/pages\/11138","targetHints":{"allow":["GET"]}}],"collection":[{"href":"https:\/\/cloudity.com\/de\/wp-json\/wp\/v2\/pages"}],"about":[{"href":"https:\/\/cloudity.com\/de\/wp-json\/wp\/v2\/types\/page"}],"author":[{"embeddable":true,"href":"https:\/\/cloudity.com\/de\/wp-json\/wp\/v2\/users\/2"}],"replies":[{"embeddable":true,"href":"https:\/\/cloudity.com\/de\/wp-json\/wp\/v2\/comments?post=11138"}],"version-history":[{"count":0,"href":"https:\/\/cloudity.com\/de\/wp-json\/wp\/v2\/pages\/11138\/revisions"}],"wp:attachment":[{"href":"https:\/\/cloudity.com\/de\/wp-json\/wp\/v2\/media?parent=11138"}],"curies":[{"name":"wp","href":"https:\/\/api.w.org\/{rel}","templated":true}]}}