{"id":10571,"date":"2025-11-18T14:59:49","date_gmt":"2025-11-18T14:59:49","guid":{"rendered":"https:\/\/lightgoldenrodyellow-horse-236112.hostingersite.com\/secteurs\/"},"modified":"2026-02-12T13:01:26","modified_gmt":"2026-02-12T13:01:26","slug":"secteurs","status":"publish","type":"page","link":"https:\/\/cloudity.com\/fr\/secteurs\/","title":{"rendered":"Secteurs"},"content":{"rendered":"\t\t<div data-elementor-type=\"wp-post\" data-elementor-id=\"10571\" class=\"elementor elementor-10571 elementor-1739\" data-elementor-post-type=\"page\">\n\t\t\t\t<div class=\"elementor-element elementor-element-1259f128 hero-grid e-flex e-con-boxed e-con e-parent\" data-id=\"1259f128\" data-element_type=\"container\" data-e-type=\"container\" data-settings=\"{&quot;background_background&quot;:&quot;gradient&quot;}\">\n\t\t\t\t\t<div class=\"e-con-inner\">\n\t\t<div class=\"elementor-element elementor-element-329ddd51 e-con-full e-flex e-con e-child\" data-id=\"329ddd51\" data-element_type=\"container\" data-e-type=\"container\">\n\t\t\t\t<div class=\"elementor-element elementor-element-15982a32 elementor-widget elementor-widget-heading\" data-id=\"15982a32\" data-element_type=\"widget\" data-e-type=\"widget\" data-widget_type=\"heading.default\">\n\t\t\t\t\t<h1 class=\"elementor-heading-title elementor-size-default\">Secteurs<\/h1>\t\t\t\t<\/div>\n\t\t\t\t<\/div>\n\t\t<div class=\"elementor-element elementor-element-370f428 e-con-full e-flex e-con e-child\" data-id=\"370f428\" data-element_type=\"container\" data-e-type=\"container\">\n\t\t\t\t<\/div>\n\t\t\t\t\t<\/div>\n\t\t\t\t<\/div>\n\t\t<div class=\"elementor-element elementor-element-a0a11d6 e-flex e-con-boxed e-con e-parent\" data-id=\"a0a11d6\" data-element_type=\"container\" data-e-type=\"container\" data-settings=\"{&quot;background_background&quot;:&quot;classic&quot;}\">\n\t\t\t\t\t<div class=\"e-con-inner\">\n\t\t<div class=\"elementor-element elementor-element-7045596 e-con-full e-flex e-con e-child\" data-id=\"7045596\" data-element_type=\"container\" data-e-type=\"container\" data-settings=\"{&quot;background_background&quot;:&quot;classic&quot;}\">\n\t\t\t\t<div class=\"elementor-element elementor-element-a4b1f1f elementor-widget elementor-widget-spacer\" data-id=\"a4b1f1f\" data-element_type=\"widget\" data-e-type=\"widget\" data-widget_type=\"spacer.default\">\n\t\t\t\t\t\t\t<div class=\"elementor-spacer\">\n\t\t\t<div class=\"elementor-spacer-inner\"><\/div>\n\t\t<\/div>\n\t\t\t\t\t\t<\/div>\n\t\t\t\t<div class=\"elementor-element elementor-element-7a3f386 elementor-widget elementor-widget-text-editor\" data-id=\"7a3f386\" data-element_type=\"widget\" data-e-type=\"widget\" data-widget_type=\"text-editor.default\">\n\t\t\t\t\t\t\t\t\t<h2>Nos secteurs d\u2019activit\u00e9<\/h2><ul><li><a style=\"color: #3453ff;\" href=\"https:\/\/cloudity.com\/fr\/secteurs\/biens-de-consommation-et-vente-au-detail\/\" target=\"_blank\" rel=\"noopener\">Biens de consommation et vente au d\u00e9tail<\/a><\/li><li><a style=\"color: #3453ff;\" href=\"https:\/\/cloudity.com\/fr\/secteurs\/education\/\" target=\"_blank\" rel=\"noopener\">\u00c9ducation<\/a><\/li><li><a style=\"color: #3453ff;\" href=\"https:\/\/cloudity.com\/fr\/secteurs\/energie-et-services-publics\/\" target=\"_blank\" rel=\"noopener\">\u00c9nergie et services publics<\/a><\/li><li><a style=\"color: #3453ff;\" href=\"https:\/\/cloudity.com\/fr\/secteurs\/services-financiers\/\" target=\"_blank\" rel=\"noopener\">Services financiers<\/a><\/li><li><a style=\"color: #3453ff;\" href=\"https:\/\/cloudity.com\/fr\/secteurs\/sante-et-sciences-de-la-vie\/\" target=\"_blank\" rel=\"noopener\">Sant\u00e9<\/a><\/li><li><a style=\"color: #3453ff;\" href=\"https:\/\/cloudity.com\/fr\/secteurs\/fabrication\/\" target=\"_blank\" rel=\"noopener\">Fabrication<\/a><\/li><li><a style=\"color: #3453ff;\" href=\"https:\/\/cloudity.com\/fr\/secteurs\/services-professionnels\/\" target=\"_blank\" rel=\"noopener\">Services professionnels<\/a><\/li><li><a style=\"color: #3453ff;\" href=\"https:\/\/cloudity.com\/fr\/secteurs\/fournisseurs-de-technologie-et-de-logiciels\/\" target=\"_blank\" rel=\"noopener\">Technologie<\/a><\/li><li><a style=\"color: #3453ff;\" href=\"https:\/\/cloudity.com\/fr\/secteurs\/logistique\/\" target=\"_blank\" rel=\"noopener\">Transport<\/a><\/li><li><a style=\"color: #3453ff;\" href=\"https:\/\/cloudity.com\/fr\/secteurs\/agroalimentaire\/\" target=\"_blank\" rel=\"noopener\">Vin<\/a><\/li><li><a style=\"color: #3453ff;\" href=\"https:\/\/cloudity.com\/fr\/secteurs\/autres\/\" target=\"_blank\" rel=\"noopener\">Autre<\/a><\/li><\/ul>\t\t\t\t\t\t\t\t<\/div>\n\t\t\t\t<\/div>\n\t\t\t\t\t<\/div>\n\t\t\t\t<\/div>\n\t\t\t\t<\/div>\n\t\t","protected":false},"excerpt":{"rendered":"<p>Secteurs Nos secteurs d\u2019activit\u00e9 Biens de consommation et vente au d\u00e9tail \u00c9ducation \u00c9nergie et services publics Services financiers Sant\u00e9 Fabrication Services professionnels Technologie Transport Vin Autre<\/p>\n","protected":false},"author":2,"featured_media":0,"parent":0,"menu_order":0,"comment_status":"closed","ping_status":"closed","template":"elementor_header_footer","meta":{"_acf_changed":false,"_seopress_robots_primary_cat":"","_seopress_titles_title":"Secteurs | Cloudity","_seopress_titles_desc":"Secteurs Nos secteurs d\u2019activit\u00e9Biens de consommation et vente au d\u00e9tail\u00c9ducation\u00c9nergie et services publicsServices\u2026","_seopress_robots_index":"","footnotes":""},"class_list":["post-10571","page","type-page","status-publish","hentry"],"acf":[],"_links":{"self":[{"href":"https:\/\/cloudity.com\/fr\/wp-json\/wp\/v2\/pages\/10571","targetHints":{"allow":["GET"]}}],"collection":[{"href":"https:\/\/cloudity.com\/fr\/wp-json\/wp\/v2\/pages"}],"about":[{"href":"https:\/\/cloudity.com\/fr\/wp-json\/wp\/v2\/types\/page"}],"author":[{"embeddable":true,"href":"https:\/\/cloudity.com\/fr\/wp-json\/wp\/v2\/users\/2"}],"replies":[{"embeddable":true,"href":"https:\/\/cloudity.com\/fr\/wp-json\/wp\/v2\/comments?post=10571"}],"version-history":[{"count":0,"href":"https:\/\/cloudity.com\/fr\/wp-json\/wp\/v2\/pages\/10571\/revisions"}],"wp:attachment":[{"href":"https:\/\/cloudity.com\/fr\/wp-json\/wp\/v2\/media?parent=10571"}],"curies":[{"name":"wp","href":"https:\/\/api.w.org\/{rel}","templated":true}]}}