{"id":12543,"date":"2025-12-02T14:32:46","date_gmt":"2025-12-02T14:32:46","guid":{"rendered":"https:\/\/lightgoldenrodyellow-horse-236112.hostingersite.com\/podcast\/"},"modified":"2026-01-21T12:26:58","modified_gmt":"2026-01-21T12:26:58","slug":"podcast","status":"publish","type":"page","link":"https:\/\/cloudity.com\/fr\/podcast\/","title":{"rendered":"Podcast"},"content":{"rendered":"\t\t<div data-elementor-type=\"wp-post\" data-elementor-id=\"12543\" class=\"elementor elementor-12543 elementor-5590\" data-elementor-post-type=\"page\">\n\t\t\t\t<div class=\"elementor-element elementor-element-1259f128 hero-grid e-flex e-con-boxed e-con e-parent\" data-id=\"1259f128\" data-element_type=\"container\" data-e-type=\"container\" data-settings=\"{&quot;background_background&quot;:&quot;gradient&quot;}\">\n\t\t\t\t\t<div class=\"e-con-inner\">\n\t\t<div class=\"elementor-element elementor-element-329ddd51 e-con-full e-flex e-con e-child\" data-id=\"329ddd51\" data-element_type=\"container\" data-e-type=\"container\">\n\t\t\t\t<div class=\"elementor-element elementor-element-15982a32 elementor-widget elementor-widget-heading\" data-id=\"15982a32\" data-element_type=\"widget\" data-e-type=\"widget\" data-widget_type=\"heading.default\">\n\t\t\t\t\t<h1 class=\"elementor-heading-title elementor-size-default\">Digital Trailblazers PODCAST\n\n<\/h1>\t\t\t\t<\/div>\n\t\t\t\t<div class=\"elementor-element elementor-element-13745e28 elementor-widget elementor-widget-spacer\" data-id=\"13745e28\" data-element_type=\"widget\" data-e-type=\"widget\" data-widget_type=\"spacer.default\">\n\t\t\t\t\t\t\t<div class=\"elementor-spacer\">\n\t\t\t<div class=\"elementor-spacer-inner\"><\/div>\n\t\t<\/div>\n\t\t\t\t\t\t<\/div>\n\t\t\t\t<div class=\"elementor-element elementor-element-4f9661ab elementor-widget elementor-widget-text-editor\" data-id=\"4f9661ab\" data-element_type=\"widget\" data-e-type=\"widget\" data-widget_type=\"text-editor.default\">\n\t\t\t\t\t\t\t\t\t<p>Dans ce podcast, nous discutons de la fa\u00e7on dont les entreprises de divers secteurs tirent parti de la technologie Salesforce et de l&rsquo;impact des outils de cet \u00e9cosyst\u00e8me sur les op\u00e9rations commerciales. Nous sommes passionn\u00e9s par les histoires de transformation num\u00e9rique de nos invit\u00e9s, qu&rsquo;il s&rsquo;agisse de leurs succ\u00e8s ou de leurs \u00e9checs, et par les le\u00e7ons qu&rsquo;ils en ont tir\u00e9es &#8211; c&rsquo;est exactement ce que nous leur demanderons ! <\/p>\t\t\t\t\t\t\t\t<\/div>\n\t\t\t\t<div class=\"elementor-element elementor-element-15e31422 elementor-widget elementor-widget-spacer\" data-id=\"15e31422\" data-element_type=\"widget\" data-e-type=\"widget\" data-widget_type=\"spacer.default\">\n\t\t\t\t\t\t\t<div class=\"elementor-spacer\">\n\t\t\t<div class=\"elementor-spacer-inner\"><\/div>\n\t\t<\/div>\n\t\t\t\t\t\t<\/div>\n\t\t<div class=\"elementor-element elementor-element-3a43ec6c e-con-full e-flex e-con e-child\" data-id=\"3a43ec6c\" data-element_type=\"container\" data-e-type=\"container\">\n\t\t\t\t<div class=\"elementor-element elementor-element-12505e21 elementor-widget elementor-widget-button\" data-id=\"12505e21\" data-element_type=\"widget\" data-e-type=\"widget\" data-widget_type=\"button.default\">\n\t\t\t\t\t\t\t\t\t\t<a class=\"elementor-button elementor-button-link elementor-size-sm\" href=\"#listen\">\n\t\t\t\t\t\t<span class=\"elementor-button-content-wrapper\">\n\t\t\t\t\t\t<span class=\"elementor-button-icon\">\n\t\t\t\t<svg aria-hidden=\"true\" class=\"e-font-icon-svg e-far-play-circle\" viewBox=\"0 0 512 512\" xmlns=\"http:\/\/www.w3.org\/2000\/svg\"><path d=\"M371.7 238l-176-107c-15.8-8.8-35.7 2.5-35.7 21v208c0 18.4 19.8 29.8 35.7 21l176-101c16.4-9.1 16.4-32.8 0-42zM504 256C504 119 393 8 256 8S8 119 8 256s111 248 248 248 248-111 248-248zm-448 0c0-110.5 89.5-200 200-200s200 89.5 200 200-89.5 200-200 200S56 366.5 56 256z\"><\/path><\/svg>\t\t\t<\/span>\n\t\t\t\t\t\t\t\t\t<span class=\"elementor-button-text\">\u00c9couter<\/span>\n\t\t\t\t\t<\/span>\n\t\t\t\t\t<\/a>\n\t\t\t\t\t\t\t\t<\/div>\n\t\t\t\t<\/div>\n\t\t\t\t<\/div>\n\t\t<div class=\"elementor-element elementor-element-370f428 e-con-full e-flex e-con e-child\" data-id=\"370f428\" data-element_type=\"container\" data-e-type=\"container\">\n\t\t\t\t<div class=\"elementor-element elementor-element-e7b9e1c elementor-widget elementor-widget-image\" data-id=\"e7b9e1c\" data-element_type=\"widget\" data-e-type=\"widget\" data-widget_type=\"image.default\">\n\t\t\t\t\t\t\t\t\t\t\t\t\t\t\t<img alt=\"\" fetchpriority=\"high\" decoding=\"async\" width=\"800\" height=\"394\" src=\"https:\/\/cloudity.com\/wp-content\/uploads\/2025\/12\/202402-Logo-Podcast-Digital-Trailblazers-White-Text-02-1024x504.png\" class=\"attachment-large size-large wp-image-12552\" alt=\"\" srcset=\"https:\/\/cloudity.com\/wp-content\/uploads\/2025\/12\/202402-Logo-Podcast-Digital-Trailblazers-White-Text-02-1024x504.png 1024w, https:\/\/cloudity.com\/wp-content\/uploads\/2025\/12\/202402-Logo-Podcast-Digital-Trailblazers-White-Text-02-300x148.png 300w, https:\/\/cloudity.com\/wp-content\/uploads\/2025\/12\/202402-Logo-Podcast-Digital-Trailblazers-White-Text-02-768x378.png 768w, https:\/\/cloudity.com\/wp-content\/uploads\/2025\/12\/202402-Logo-Podcast-Digital-Trailblazers-White-Text-02-1536x755.png 1536w, https:\/\/cloudity.com\/wp-content\/uploads\/2025\/12\/202402-Logo-Podcast-Digital-Trailblazers-White-Text-02.png 1712w\" sizes=\"(max-width: 800px) 100vw, 800px\" \/>\t\t\t\t\t\t\t\t\t\t\t\t\t\t\t<\/div>\n\t\t\t\t<\/div>\n\t\t\t\t\t<\/div>\n\t\t\t\t<\/div>\n\t\t<div class=\"elementor-element elementor-element-a32656e hero-grid e-flex e-con-boxed e-con e-parent\" data-id=\"a32656e\" data-element_type=\"container\" data-e-type=\"container\" data-settings=\"{&quot;background_background&quot;:&quot;gradient&quot;}\">\n\t\t\t\t\t<div class=\"e-con-inner\">\n\t\t<div class=\"elementor-element elementor-element-ac68eff e-con-full e-flex e-con e-child\" data-id=\"ac68eff\" data-element_type=\"container\" data-e-type=\"container\" data-settings=\"{&quot;background_background&quot;:&quot;classic&quot;}\">\n\t\t\t\t<div class=\"elementor-element elementor-element-8dee07a elementor-widget elementor-widget-heading\" data-id=\"8dee07a\" data-element_type=\"widget\" data-e-type=\"widget\" data-widget_type=\"heading.default\">\n\t\t\t\t\t<h2 class=\"elementor-heading-title elementor-size-default\">QUE RETIENDREZ-VOUS DE \n\n<span style=\"color:#0053FF\"> LE PODCAST ?<\/span><\/h2>\t\t\t\t<\/div>\n\t\t\t\t<div class=\"elementor-element elementor-element-cf4881d elementor-widget elementor-widget-spacer\" data-id=\"cf4881d\" data-element_type=\"widget\" data-e-type=\"widget\" data-widget_type=\"spacer.default\">\n\t\t\t\t\t\t\t<div class=\"elementor-spacer\">\n\t\t\t<div class=\"elementor-spacer-inner\"><\/div>\n\t\t<\/div>\n\t\t\t\t\t\t<\/div>\n\t\t<div class=\"elementor-element elementor-element-e69f69a e-con-full e-flex e-con e-child\" data-id=\"e69f69a\" data-element_type=\"container\" data-e-type=\"container\">\n\t\t<div class=\"elementor-element elementor-element-d824035 e-con-full e-flex e-con e-child\" data-id=\"d824035\" data-element_type=\"container\" data-e-type=\"container\">\n\t\t\t\t<div class=\"elementor-element elementor-element-d92ce7a elementor-widget elementor-widget-image\" data-id=\"d92ce7a\" data-element_type=\"widget\" data-e-type=\"widget\" data-widget_type=\"image.default\">\n\t\t\t\t\t\t\t\t\t\t\t\t\t\t\t<img alt=\"\" decoding=\"async\" width=\"779\" height=\"842\" src=\"https:\/\/cloudity.com\/wp-content\/uploads\/2025\/12\/202402-Podcast-Digital-Trailblazers-Symbol02.png\" class=\"attachment-large size-large wp-image-12551\" alt=\"\" srcset=\"https:\/\/cloudity.com\/wp-content\/uploads\/2025\/12\/202402-Podcast-Digital-Trailblazers-Symbol02.png 779w, https:\/\/cloudity.com\/wp-content\/uploads\/2025\/12\/202402-Podcast-Digital-Trailblazers-Symbol02-278x300.png 278w, https:\/\/cloudity.com\/wp-content\/uploads\/2025\/12\/202402-Podcast-Digital-Trailblazers-Symbol02-768x830.png 768w\" sizes=\"(max-width: 779px) 100vw, 779px\" \/>\t\t\t\t\t\t\t\t\t\t\t\t\t\t\t<\/div>\n\t\t\t\t<\/div>\n\t\t<div class=\"elementor-element elementor-element-bd6f472 e-con-full e-flex e-con e-child\" data-id=\"bd6f472\" data-element_type=\"container\" data-e-type=\"container\">\n\t\t\t\t<div class=\"elementor-element elementor-element-66741e5 elementor-widget elementor-widget-text-editor\" data-id=\"66741e5\" data-element_type=\"widget\" data-e-type=\"widget\" data-widget_type=\"text-editor.default\">\n\t\t\t\t\t\t\t\t\t<ul>\n<li aria-level=\"1\"><span dir=\"auto\">comment planifier la mise en \u0153uvre de nouvelles technologies,<\/span><\/li>\n<li aria-level=\"1\"><span dir=\"auto\">comment pr\u00e9parer l&rsquo;organisation \u00e0 l&rsquo;utilisation de nouveaux outils,<\/span><\/li>\n<li aria-level=\"1\"><span dir=\"auto\">ce \u00e0 quoi il faut pr\u00eater attention lors du choix d&rsquo;un partenaire de mise en \u0153uvre,  <\/span><\/li>\n<li aria-level=\"1\"><span dir=\"auto\">comment \u00e9viter les erreurs faciles \u00e0 \u00e9viter,<\/span><\/li>\n<li aria-level=\"1\"><span dir=\"auto\">quel est l&rsquo;impact de la technologie sur les entreprises,  <\/span><\/li>\n<li aria-level=\"1\"><span dir=\"auto\">ce que les entreprises ont gagn\u00e9 gr\u00e2ce \u00e0 la transformation num\u00e9rique,<\/span><\/li>\n<li aria-level=\"1\"><span dir=\"auto\">comment obtenir de meilleurs r\u00e9sultats dans de nombreux domaines de l&rsquo;activit\u00e9 \u00e9conomique.<\/span><\/li>\n<\/ul>\t\t\t\t\t\t\t\t<\/div>\n\t\t\t\t<\/div>\n\t\t\t\t<\/div>\n\t\t\t\t<\/div>\n\t\t\t\t<div class=\"elementor-element elementor-element-c6b02a7 elementor-widget elementor-widget-heading\" data-id=\"c6b02a7\" data-element_type=\"widget\" data-e-type=\"widget\" id=\"listen\" data-widget_type=\"heading.default\">\n\t\t\t\t\t<h2 class=\"elementor-heading-title elementor-size-default\">\u00c9coutez \u00e0 l'endroit\n\n o\u00f9<span style=\"color:#0053FF\"> vous vous sentez \u00e0 l'aise<\/span><\/h2>\t\t\t\t<\/div>\n\t\t\t\t<div class=\"elementor-element elementor-element-08c53ee elementor-widget elementor-widget-spacer\" data-id=\"08c53ee\" data-element_type=\"widget\" data-e-type=\"widget\" data-widget_type=\"spacer.default\">\n\t\t\t\t\t\t\t<div class=\"elementor-spacer\">\n\t\t\t<div class=\"elementor-spacer-inner\"><\/div>\n\t\t<\/div>\n\t\t\t\t\t\t<\/div>\n\t\t<div class=\"elementor-element elementor-element-32417af e-con-full e-flex e-con e-child\" data-id=\"32417af\" data-element_type=\"container\" data-e-type=\"container\">\n\t\t<div class=\"elementor-element elementor-element-e8afdcd e-con-full e-flex e-con e-child\" data-id=\"e8afdcd\" data-element_type=\"container\" data-e-type=\"container\">\n\t\t\t\t<div class=\"elementor-element elementor-element-01ef020 e-transform elementor-widget elementor-widget-image\" data-id=\"01ef020\" data-element_type=\"widget\" data-e-type=\"widget\" data-settings=\"{&quot;_transform_scale_effect_hover&quot;:{&quot;unit&quot;:&quot;px&quot;,&quot;size&quot;:1.1,&quot;sizes&quot;:[]},&quot;_transform_scale_effect_hover_tablet&quot;:{&quot;unit&quot;:&quot;px&quot;,&quot;size&quot;:&quot;&quot;,&quot;sizes&quot;:[]},&quot;_transform_scale_effect_hover_mobile&quot;:{&quot;unit&quot;:&quot;px&quot;,&quot;size&quot;:&quot;&quot;,&quot;sizes&quot;:[]}}\" data-widget_type=\"image.default\">\n\t\t\t\t\t\t\t\t\t\t\t\t\t\t\t\t<a href=\"https:\/\/podcasts.apple.com\/us\/podcast\/digital-trailblazers\/id1746277825\">\n\t\t\t\t\t\t\t<img alt=\"\" decoding=\"async\" width=\"210\" height=\"300\" src=\"https:\/\/cloudity.com\/wp-content\/uploads\/2025\/12\/itu-210x300-1.png\" class=\"attachment-large size-large wp-image-12546\" alt=\"\" \/>\t\t\t\t\t\t\t\t<\/a>\n\t\t\t\t\t\t\t\t\t\t\t\t\t\t\t<\/div>\n\t\t\t\t<\/div>\n\t\t<div class=\"elementor-element elementor-element-9678cfc e-con-full e-flex e-con e-child\" data-id=\"9678cfc\" data-element_type=\"container\" data-e-type=\"container\">\n\t\t\t\t<div class=\"elementor-element elementor-element-8f421c0 e-transform elementor-widget elementor-widget-image\" data-id=\"8f421c0\" data-element_type=\"widget\" data-e-type=\"widget\" data-settings=\"{&quot;_transform_scale_effect_hover&quot;:{&quot;unit&quot;:&quot;px&quot;,&quot;size&quot;:1.1,&quot;sizes&quot;:[]},&quot;_transform_scale_effect_hover_tablet&quot;:{&quot;unit&quot;:&quot;px&quot;,&quot;size&quot;:&quot;&quot;,&quot;sizes&quot;:[]},&quot;_transform_scale_effect_hover_mobile&quot;:{&quot;unit&quot;:&quot;px&quot;,&quot;size&quot;:&quot;&quot;,&quot;sizes&quot;:[]}}\" data-widget_type=\"image.default\">\n\t\t\t\t\t\t\t\t\t\t\t\t\t\t\t\t<a href=\"https:\/\/open.spotify.com\/show\/4w0dEy8ur9ECUblXzHYGOX?si=4472b6255f7c408c\">\n\t\t\t\t\t\t\t<img alt=\"\" loading=\"lazy\" decoding=\"async\" width=\"210\" height=\"300\" src=\"https:\/\/cloudity.com\/wp-content\/uploads\/2025\/12\/spo-210x300-1.png\" class=\"attachment-large size-large wp-image-12547\" alt=\"\" \/>\t\t\t\t\t\t\t\t<\/a>\n\t\t\t\t\t\t\t\t\t\t\t\t\t\t\t<\/div>\n\t\t\t\t<\/div>\n\t\t<div class=\"elementor-element elementor-element-7001036 e-con-full e-flex e-con e-child\" data-id=\"7001036\" data-element_type=\"container\" data-e-type=\"container\">\n\t\t\t\t<div class=\"elementor-element elementor-element-6b24cd6 e-transform elementor-widget elementor-widget-image\" data-id=\"6b24cd6\" data-element_type=\"widget\" data-e-type=\"widget\" data-settings=\"{&quot;_transform_scale_effect_hover&quot;:{&quot;unit&quot;:&quot;px&quot;,&quot;size&quot;:1.1,&quot;sizes&quot;:[]},&quot;_transform_scale_effect_hover_tablet&quot;:{&quot;unit&quot;:&quot;px&quot;,&quot;size&quot;:&quot;&quot;,&quot;sizes&quot;:[]},&quot;_transform_scale_effect_hover_mobile&quot;:{&quot;unit&quot;:&quot;px&quot;,&quot;size&quot;:&quot;&quot;,&quot;sizes&quot;:[]}}\" data-widget_type=\"image.default\">\n\t\t\t\t\t\t\t\t\t\t\t\t\t\t\t\t<a href=\"https:\/\/youtu.be\/5aMEnbgOGx0\">\n\t\t\t\t\t\t\t<img alt=\"\" loading=\"lazy\" decoding=\"async\" width=\"210\" height=\"300\" src=\"https:\/\/cloudity.com\/wp-content\/uploads\/2025\/12\/yt-210x300-1.png\" class=\"attachment-large size-large wp-image-12548\" alt=\"\" \/>\t\t\t\t\t\t\t\t<\/a>\n\t\t\t\t\t\t\t\t\t\t\t\t\t\t\t<\/div>\n\t\t\t\t<\/div>\n\t\t\t\t<\/div>\n\t\t\t\t\t<\/div>\n\t\t\t\t<\/div>\n\t\t<div class=\"elementor-element elementor-element-4b63fb15 hero-grid e-flex e-con-boxed e-con e-parent\" data-id=\"4b63fb15\" data-element_type=\"container\" data-e-type=\"container\" data-settings=\"{&quot;background_background&quot;:&quot;classic&quot;}\">\n\t\t\t\t\t<div class=\"e-con-inner\">\n\t\t<div class=\"elementor-element elementor-element-6eb89a02 e-con-full e-flex e-con e-child\" data-id=\"6eb89a02\" data-element_type=\"container\" data-e-type=\"container\" data-settings=\"{&quot;background_background&quot;:&quot;classic&quot;}\">\n\t\t\t\t<div class=\"elementor-element elementor-element-56a4a773 elementor-widget elementor-widget-heading\" data-id=\"56a4a773\" data-element_type=\"widget\" data-e-type=\"widget\" data-widget_type=\"heading.default\">\n\t\t\t\t\t<h2 class=\"elementor-heading-title elementor-size-default\">\u00c0 QUI<span style=\"color:#0053FF\">S'ADRESSE CE PODCAST<\/span> \n\n<span style=\"color:#0053FF\">?<\/span><\/h2>\t\t\t\t<\/div>\n\t\t\t\t<div class=\"elementor-element elementor-element-609d7fd elementor-widget elementor-widget-spacer\" data-id=\"609d7fd\" data-element_type=\"widget\" data-e-type=\"widget\" data-widget_type=\"spacer.default\">\n\t\t\t\t\t\t\t<div class=\"elementor-spacer\">\n\t\t\t<div class=\"elementor-spacer-inner\"><\/div>\n\t\t<\/div>\n\t\t\t\t\t\t<\/div>\n\t\t\t\t<div class=\"elementor-element elementor-element-dd5d9f2 elementor-widget elementor-widget-text-editor\" data-id=\"dd5d9f2\" data-element_type=\"widget\" data-e-type=\"widget\" data-widget_type=\"text-editor.default\">\n\t\t\t\t\t\t\t\t\t<p>Le programme s&rsquo;adresse aux entrepreneurs, aux fondateurs d&rsquo;entreprises et aux personnes qui g\u00e8rent des domaines cl\u00e9s tels que les ventes, le marketing et le service \u00e0 la client\u00e8le, ainsi qu&rsquo;\u00e0 tous ceux qui souhaitent am\u00e9liorer les processus d&rsquo;entreprise et r\u00e9aliser de plus grands b\u00e9n\u00e9fices gr\u00e2ce \u00e0 la technologie.<\/p>\t\t\t\t\t\t\t\t<\/div>\n\t\t\t\t<\/div>\n\t\t<div class=\"elementor-element elementor-element-dbf2deb e-con-full e-flex e-con e-child\" data-id=\"dbf2deb\" data-element_type=\"container\" data-e-type=\"container\">\n\t\t<div class=\"elementor-element elementor-element-d73c3fe e-con-full e-flex e-con e-child\" data-id=\"d73c3fe\" data-element_type=\"container\" data-e-type=\"container\">\n\t\t\t\t<div class=\"elementor-element elementor-element-a56e5fb elementor-widget elementor-widget-image\" data-id=\"a56e5fb\" data-element_type=\"widget\" data-e-type=\"widget\" data-widget_type=\"image.default\">\n\t\t\t\t\t\t\t\t\t\t\t\t\t\t\t<img alt=\"\" loading=\"lazy\" decoding=\"async\" width=\"300\" height=\"300\" src=\"https:\/\/cloudity.com\/wp-content\/uploads\/2025\/12\/Czarek-LI-300x300-1.webp\" class=\"attachment-large size-large wp-image-12549\" alt=\"\" srcset=\"https:\/\/cloudity.com\/wp-content\/uploads\/2025\/12\/Czarek-LI-300x300-1.webp 300w, https:\/\/cloudity.com\/wp-content\/uploads\/2025\/12\/Czarek-LI-300x300-1-150x150.webp 150w\" sizes=\"(max-width: 300px) 100vw, 300px\" \/>\t\t\t\t\t\t\t\t\t\t\t\t\t\t\t<\/div>\n\t\t\t\t<div class=\"elementor-element elementor-element-72ee389 elementor-widget elementor-widget-heading\" data-id=\"72ee389\" data-element_type=\"widget\" data-e-type=\"widget\" data-widget_type=\"heading.default\">\n\t\t\t\t\t<p class=\"elementor-heading-title elementor-size-default\">Cezary Zajkowski\n\n\n\n\n\n\n\n\n\n\n\n<\/p>\t\t\t\t<\/div>\n\t\t\t\t<div class=\"elementor-element elementor-element-ecac3a0 elementor-widget elementor-widget-text-editor\" data-id=\"ecac3a0\" data-element_type=\"widget\" data-e-type=\"widget\" data-widget_type=\"text-editor.default\">\n\t\t\t\t\t\t\t\t\t<p><strong style=\"color: #0053ff;\">Animateur de podcast et leader de croissance  <\/strong><\/p>\t\t\t\t\t\t\t\t<\/div>\n\t\t\t\t<div class=\"elementor-element elementor-element-2c8f0a1 elementor-view-default elementor-widget elementor-widget-icon\" data-id=\"2c8f0a1\" data-element_type=\"widget\" data-e-type=\"widget\" data-widget_type=\"icon.default\">\n\t\t\t\t\t\t\t<div class=\"elementor-icon-wrapper\">\n\t\t\t<a class=\"elementor-icon\" href=\"https:\/\/www.linkedin.com\/in\/cezaryzajkowski\/\">\n\t\t\t<svg aria-hidden=\"true\" class=\"e-font-icon-svg e-fab-linkedin-in\" viewBox=\"0 0 448 512\" xmlns=\"http:\/\/www.w3.org\/2000\/svg\"><path d=\"M100.28 448H7.4V148.9h92.88zM53.79 108.1C24.09 108.1 0 83.5 0 53.8a53.79 53.79 0 0 1 107.58 0c0 29.7-24.1 54.3-53.79 54.3zM447.9 448h-92.68V302.4c0-34.7-.7-79.2-48.29-79.2-48.29 0-55.69 37.7-55.69 76.7V448h-92.78V148.9h89.08v40.8h1.3c12.4-23.5 42.69-48.3 87.88-48.3 94 0 111.28 61.9 111.28 142.3V448z\"><\/path><\/svg>\t\t\t<\/a>\n\t\t<\/div>\n\t\t\t\t\t\t<\/div>\n\t\t\t\t<\/div>\n\t\t<div class=\"elementor-element elementor-element-cec6cc5 e-con-full e-flex e-con e-child\" data-id=\"cec6cc5\" data-element_type=\"container\" data-e-type=\"container\">\n\t\t\t\t<div class=\"elementor-element elementor-element-f8793b5 elementor-widget elementor-widget-text-editor\" data-id=\"f8793b5\" data-element_type=\"widget\" data-e-type=\"widget\" data-widget_type=\"text-editor.default\">\n\t\t\t\t\t\t\t\t\t<p>Il est impliqu\u00e9 dans la technologie Salesforce depuis sept ans, participant \u00e0 des projets de transformation num\u00e9rique pour des entreprises de divers secteurs en tant que consultant et chef de projet. Il est actuellement impliqu\u00e9 dans le d\u00e9veloppement commercial par le biais des ventes, du marketing et des partenariats. <\/p>\t\t\t\t\t\t\t\t<\/div>\n\t\t\t\t<\/div>\n\t\t\t\t<\/div>\n\t\t\t\t\t<\/div>\n\t\t\t\t<\/div>\n\t\t<div class=\"elementor-element elementor-element-6bef7e63 hero-grid e-con-full e-flex e-con e-parent\" data-id=\"6bef7e63\" data-element_type=\"container\" data-e-type=\"container\" data-settings=\"{&quot;background_background&quot;:&quot;classic&quot;}\">\n\t\t<div class=\"elementor-element elementor-element-5862796b hero-grid e-flex e-con-boxed e-con e-child\" data-id=\"5862796b\" data-element_type=\"container\" data-e-type=\"container\" data-settings=\"{&quot;background_background&quot;:&quot;gradient&quot;}\">\n\t\t\t\t\t<div class=\"e-con-inner\">\n\t\t<div class=\"elementor-element elementor-element-c2e7ec9 e-con-full e-flex e-con e-child\" data-id=\"c2e7ec9\" data-element_type=\"container\" data-e-type=\"container\">\n\t\t\t\t<div class=\"elementor-element elementor-element-b636250 elementor-widget elementor-widget-heading\" data-id=\"b636250\" data-element_type=\"widget\" data-e-type=\"widget\" data-widget_type=\"heading.default\">\n\t\t\t\t\t<h2 class=\"elementor-heading-title elementor-size-default\">\nContactez-nous\n\n<\/h2>\t\t\t\t<\/div>\n\t\t\t\t<div class=\"elementor-element elementor-element-372e369 elementor-widget elementor-widget-text-editor\" data-id=\"372e369\" data-element_type=\"widget\" data-e-type=\"widget\" data-widget_type=\"text-editor.default\">\n\t\t\t\t\t\t\t\t\t<div class=\"sek-column sek-col-base sek-col-50 \" data-sek-level=\"column\" data-sek-id=\"__nimble__d50bfeccc8dc\">\n<div class=\"sek-column-inner \">\n<div class=\"sek-module \" title=\"\" data-sek-level=\"module\" data-sek-id=\"__nimble__12eea9a5b7e7\" data-sek-module-type=\"czr_tiny_mce_editor_module\">\n<div class=\"sek-module-inner\">\n<div class=\"sek-section sek-has-modules \" data-sek-level=\"section\" data-sek-id=\"__nimble__4330fa5ec674\">\n<div class=\"sek-container-fluid\">\n<div class=\"sek-row sek-sektion-inner\">\n<div class=\"sek-column sek-col-base sek-col-100 \" data-sek-level=\"column\" data-sek-id=\"__nimble__7612a9e17c91\">\n<div class=\"sek-column-inner \">\n<div class=\"sek-module \" title=\"\" data-sek-level=\"module\" data-sek-id=\"__nimble__abcf9210fe1a\" data-sek-module-type=\"czr_tiny_mce_editor_module\">\n<div class=\"sek-module-inner\">\n<p><span dir=\"auto\">Si vous recherchez des sp\u00e9cialistes Salesforce exp\u00e9riment\u00e9s, vous \u00eates au bon endroit. Envoyez-nous un message et nous vous contacterons dans un d\u00e9lai d&rsquo;un jour ouvrable pour discuter des besoins de votre entreprise. <\/span><\/p>\n<\/div>\n<\/div>\n<\/div>\n<\/div>\n<\/div>\n<\/div>\n<\/div>\n<div class=\"sek-section sek-has-modules \" data-sek-level=\"section\" data-sek-id=\"__nimble__684ea13bbf79\">\n<div class=\"sek-container-fluid\">\n<div class=\"sek-row sek-sektion-inner\">\n<div class=\"sek-column sek-col-base sek-col-50 sek-has-bg sek-lazy-loaded\" data-sek-level=\"column\" data-sek-id=\"__nimble__b225de562bc6\" data-sek-has-bg=\"true\" data-sek-src=\"https:\/\/pl.cloudity.digital\/wp-content\/uploads\/2021\/04\/Map.png\">\n<div class=\"sek-column-inner \">\n<div class=\"sek-module \" title=\"\" data-sek-level=\"module\" data-sek-id=\"__nimble__b02987821b9c\" data-sek-module-type=\"czr_tiny_mce_editor_module\">\n<div class=\"sek-module-inner\"> <\/div>\n<\/div>\n<\/div>\n<\/div>\n<\/div>\n<\/div>\n<\/div>\n<\/div>\n<\/div>\n<\/div>\n<\/div>\t\t\t\t\t\t\t\t<\/div>\n\t\t\t\t<div class=\"elementor-element elementor-element-7f7764f elementor-widget elementor-widget-html\" data-id=\"7f7764f\" data-element_type=\"widget\" data-e-type=\"widget\" data-widget_type=\"html.default\">\n\t\t\t\t\t<div style=\"position:relative;width:100%;aspect-ratio:1\/1;overflow:hidden;\">\n  <iframe src=\"https:\/\/www.google.com\/maps\/embed?pb=!1m18!1m12!1m3!1d4817.585857551928!2d21.004734397038774!3d52.228937159456784!2m3!1f0!2f0!3f0!3m2!1i1024!2i768!4f13.1!3m3!1m2!1s0x471eccea250002b7%3A0x17eb3e1ad5eb229c!2sCloudity%20%7C%20Salesforce%20Platinum%20Consulting%20Partner!5e1!3m2!1sen!2sus!4v1764688976488!5m2!1sen!2sus\" style=\"position:absolute;top:0;left:0;width:100%;height:100%;border:0;\" allowfullscreen=\"\" loading=\"lazy\" referrerpolicy=\"no-referrer-when-downgrade\">\n  <\/iframe>\n<\/div>\t\t\t\t<\/div>\n\t\t\t\t<\/div>\n\t\t<div class=\"elementor-element elementor-element-4d3dded e-con-full e-flex e-con e-child\" data-id=\"4d3dded\" data-element_type=\"container\" data-e-type=\"container\">\n\t\t\t\t<div class=\"elementor-element elementor-element-ad30f32 elementor-widget elementor-widget-html\" data-id=\"ad30f32\" data-element_type=\"widget\" data-e-type=\"widget\" data-widget_type=\"html.default\">\n\t\t\t\t\t<iframe src=\"https:\/\/go.contact.cloudity.pl\/l\/84132\/2025-09-23\/bnzdv1\" width=\"100%\" height=\"500\" type=\"text\/html\" frameborder=\"0\" allowtransparency=\"true\" style=\"border: 0\"><\/iframe>\t\t\t\t<\/div>\n\t\t\t\t<\/div>\n\t\t\t\t\t<\/div>\n\t\t\t\t<\/div>\n\t\t\t\t<\/div>\n\t\t\t\t<\/div>\n\t\t","protected":false},"excerpt":{"rendered":"<p>Digital Trailblazers PODCAST Dans ce podcast, nous discutons de la fa\u00e7on dont les entreprises de divers secteurs tirent parti de la technologie Salesforce et de l&rsquo;impact des outils de cet \u00e9cosyst\u00e8me sur les op\u00e9rations commerciales. Nous sommes passionn\u00e9s par les histoires de transformation num\u00e9rique de nos invit\u00e9s, qu&rsquo;il s&rsquo;agisse de leurs succ\u00e8s ou de leurs [&hellip;]<\/p>\n","protected":false},"author":2,"featured_media":0,"parent":0,"menu_order":0,"comment_status":"closed","ping_status":"closed","template":"elementor_header_footer","meta":{"_acf_changed":false,"_seopress_robots_primary_cat":"","_seopress_titles_title":"Podcast | Cloudity","_seopress_titles_desc":"Digital Trailblazers PODCAST Dans ce podcast, nous discutons de la fa\u00e7on dont les entreprises de divers secteurs tirent parti de la technologie\u2026","_seopress_robots_index":"","footnotes":""},"class_list":["post-12543","page","type-page","status-publish","hentry"],"acf":[],"_links":{"self":[{"href":"https:\/\/cloudity.com\/fr\/wp-json\/wp\/v2\/pages\/12543","targetHints":{"allow":["GET"]}}],"collection":[{"href":"https:\/\/cloudity.com\/fr\/wp-json\/wp\/v2\/pages"}],"about":[{"href":"https:\/\/cloudity.com\/fr\/wp-json\/wp\/v2\/types\/page"}],"author":[{"embeddable":true,"href":"https:\/\/cloudity.com\/fr\/wp-json\/wp\/v2\/users\/2"}],"replies":[{"embeddable":true,"href":"https:\/\/cloudity.com\/fr\/wp-json\/wp\/v2\/comments?post=12543"}],"version-history":[{"count":0,"href":"https:\/\/cloudity.com\/fr\/wp-json\/wp\/v2\/pages\/12543\/revisions"}],"wp:attachment":[{"href":"https:\/\/cloudity.com\/fr\/wp-json\/wp\/v2\/media?parent=12543"}],"curies":[{"name":"wp","href":"https:\/\/api.w.org\/{rel}","templated":true}]}}