{"id":12555,"date":"2025-11-13T15:12:36","date_gmt":"2025-11-13T15:12:36","guid":{"rendered":"https:\/\/lightgoldenrodyellow-horse-236112.hostingersite.com\/politique-de-cookies\/"},"modified":"2026-03-23T14:00:08","modified_gmt":"2026-03-23T14:00:08","slug":"notre-politique-de-cookies","status":"publish","type":"page","link":"https:\/\/cloudity.com\/fr\/notre-politique-de-cookies\/","title":{"rendered":"Politique de cookies"},"content":{"rendered":"\t\t<div data-elementor-type=\"wp-post\" data-elementor-id=\"12555\" class=\"elementor elementor-12555 elementor-1370\" data-elementor-post-type=\"page\">\n\t\t\t\t<div class=\"elementor-element elementor-element-1259f128 hero-grid e-flex e-con-boxed e-con e-parent\" data-id=\"1259f128\" data-element_type=\"container\" data-e-type=\"container\" data-settings=\"{&quot;background_background&quot;:&quot;gradient&quot;}\">\n\t\t\t\t\t<div class=\"e-con-inner\">\n\t\t<div class=\"elementor-element elementor-element-329ddd51 e-con-full e-flex e-con e-child\" data-id=\"329ddd51\" data-element_type=\"container\" data-e-type=\"container\">\n\t\t\t\t<div class=\"elementor-element elementor-element-15982a32 elementor-widget elementor-widget-heading\" data-id=\"15982a32\" data-element_type=\"widget\" data-e-type=\"widget\" data-widget_type=\"heading.default\">\n\t\t\t\t\t<h1 class=\"elementor-heading-title elementor-size-default\">Politique en mati\u00e8re de cookies<\/h1>\t\t\t\t<\/div>\n\t\t\t\t<div class=\"elementor-element elementor-element-13745e28 elementor-widget elementor-widget-spacer\" data-id=\"13745e28\" data-element_type=\"widget\" data-e-type=\"widget\" data-widget_type=\"spacer.default\">\n\t\t\t\t\t\t\t<div class=\"elementor-spacer\">\n\t\t\t<div class=\"elementor-spacer-inner\"><\/div>\n\t\t<\/div>\n\t\t\t\t\t\t<\/div>\n\t\t\t\t<div class=\"elementor-element elementor-element-15e31422 elementor-widget elementor-widget-spacer\" data-id=\"15e31422\" data-element_type=\"widget\" data-e-type=\"widget\" data-widget_type=\"spacer.default\">\n\t\t\t\t\t\t\t<div class=\"elementor-spacer\">\n\t\t\t<div class=\"elementor-spacer-inner\"><\/div>\n\t\t<\/div>\n\t\t\t\t\t\t<\/div>\n\t\t\t\t<\/div>\n\t\t<div class=\"elementor-element elementor-element-370f428 e-con-full e-flex e-con e-child\" data-id=\"370f428\" data-element_type=\"container\" data-e-type=\"container\">\n\t\t\t\t<\/div>\n\t\t\t\t\t<\/div>\n\t\t\t\t<\/div>\n\t\t<div class=\"elementor-element elementor-element-a0a11d6 e-flex e-con-boxed e-con e-parent\" data-id=\"a0a11d6\" data-element_type=\"container\" data-e-type=\"container\" data-settings=\"{&quot;background_background&quot;:&quot;classic&quot;}\">\n\t\t\t\t\t<div class=\"e-con-inner\">\n\t\t<div class=\"elementor-element elementor-element-7045596 e-con-full e-flex e-con e-child\" data-id=\"7045596\" data-element_type=\"container\" data-e-type=\"container\" data-settings=\"{&quot;background_background&quot;:&quot;classic&quot;}\">\n\t\t\t\t<div class=\"elementor-element elementor-element-7a3f386 elementor-widget elementor-widget-text-editor\" data-id=\"7a3f386\" data-element_type=\"widget\" data-e-type=\"widget\" data-widget_type=\"text-editor.default\">\n\t\t\t\t\t\t\t\t\t<h3>Qu&rsquo;est-ce qu&rsquo;un cookie ?<\/h3><p>Un cookie est un fichier texte qui est stock\u00e9 sur votre ordinateur lorsque vous visitez un site internet ou visualisez une publicit\u00e9. Il permet de collecter des informations relatives \u00e0 votre navigation et de vous pr\u00e9senter des services adapt\u00e9s \u00e0 votre terminal (ordinateur, mobile ou tablette). Les cookies sont g\u00e9r\u00e9s par votre navigateur, quel que soit l&rsquo;appareil utilis\u00e9.<\/p><p>L&rsquo;utilisation de ces cookies est soumise \u00e0 votre consentement lorsqu&rsquo;ils ne sont pas strictement n\u00e9cessaires au bon fonctionnement du site web.<\/p><h3>L&rsquo;utilisation de cookies sur notre site web<\/h3><p>Les cookies vous permettent de naviguer et de consulter notre site web. Ils nous permettent \u00e9galement d&rsquo;adapter le contenu ou l&rsquo;affichage de notre service \u00e0 votre appareil, d&rsquo;am\u00e9liorer votre exp\u00e9rience de navigation, d&rsquo;optimiser notre site web, d&rsquo;\u00e9tablir des statistiques et des mesures d&rsquo;audience, et d&rsquo;optimiser la diffusion des publicit\u00e9s, ainsi que de vous permettre de partager du contenu sur les m\u00e9dias sociaux.<br \/>Lorsque vous visitez notre site web, divers cookies sont stock\u00e9s sur votre ordinateur, votre t\u00e9l\u00e9phone mobile ou votre tablette.<\/p><p>Certaines fonctionnalit\u00e9s d\u00e9pendent de services fournis par des tiers. Vous pouvez donner ou retirer votre consentement \u00e0 tout moment.<\/p><ul><li><strong>\u00ab\u00a0Cookies strictement n\u00e9cessaires\u00a0\u00bb ou \u00ab\u00a0Cookies ne n\u00e9cessitant pas de consentement\u00a0\u00bb.<\/strong><\/li><\/ul><p>Ces cookies assurent le bon fonctionnement du site web et vous permettent de naviguer et d&rsquo;utiliser ses fonctionnalit\u00e9s.<\/p><ul><li><strong>\u00ab\u00a0Cookies statistiques\u00a0\u00bb<\/strong><\/li><\/ul><p>Afin de mieux vous servir et d&rsquo;am\u00e9liorer votre exp\u00e9rience, nous mesurons notre audience \u00e0 l&rsquo;aide d&rsquo;une solution reposant sur la technologie des cookies. Les donn\u00e9es collect\u00e9es permettent de r\u00e9aliser des statistiques anonymes (nombre de pages vues, nombre de visites, fr\u00e9quence de retour, etc.).<\/p><p>Notre site utilise Matomo et Google Tag Manager pour la mesure d&rsquo;audience.<br \/>Vous pouvez consulter leurs conditions d&rsquo;utilisation ici :<\/p><ul><li style=\"list-style-type: none;\"><ul><li><strong><a style=\"color: #3453ff;\" href=\"https:\/\/matomo.org\/privacy-policy\/\">Politique de confidentialit\u00e9 de Matomo<\/a><\/strong><\/li><li><strong><a style=\"color: #3453ff;\" href=\"https:\/\/policies.google.com\/privacy\">Google Tag Manager &#8211; R\u00e8gles de confidentialit\u00e9<\/a><\/strong><\/li><\/ul><\/li><\/ul><p>La d\u00e9sactivation de ces cookies nous emp\u00eache de collecter des informations relatives \u00e0 la navigation et d&rsquo;afficher un contenu adapt\u00e9.<\/p><ul><li><strong>\u00ab\u00a0Cookies de tiers\u00a0\u00bb<\/strong><\/li><\/ul><p>Notre site web utilise certains services offerts par des sites tiers, notamment :<\/p><ul><li style=\"list-style-type: none;\"><ul><li>Boutons de partage (LinkedIn)<\/li><li>Vid\u00e9os affich\u00e9es sur le site web (YouTube)<\/li><\/ul><\/li><\/ul><p>Nous vous encourageons \u00e0 lire les politiques de confidentialit\u00e9 de ces plateformes pour comprendre comment les donn\u00e9es de navigation collect\u00e9es sur via ces fonctionnalit\u00e9s peuvent \u00eatre utilis\u00e9es, y compris \u00e0 des fins publicitaires, et comment d\u00e9sactiver ce suivi.<\/p><p>Le refus de certains de ces cookies peut affecter certaines fonctions n\u00e9cessaires \u00e0 la navigation (par exemple, les probl\u00e8mes de lecture vid\u00e9o). Dans ce cas, nous ne pouvons \u00eatre tenus pour responsables.<\/p><h3>Comment pouvez-vous exprimer vos choix en mati\u00e8re de cookies ?<\/h3><p>Lors de votre premi\u00e8re visite sur notre site, une banni\u00e8re \u00ab\u00a0Cookies\u00a0\u00bb appara\u00eetra, vous permettant d&rsquo;accepter ou de refuser les diff\u00e9rentes cat\u00e9gories de cookies.<\/p><p>Vous pouvez modifier vos pr\u00e9f\u00e9rences \u00e0 tout moment en cliquant sur l&rsquo;ic\u00f4ne des cookies, en bas de chaque page, ou directement sur le lien suivant :<strong><a style=\"color: #3453ff;\" href=\"https:\/\/cloudity.com\/fr\/politique-de-confidentialite\/\" rel=\"nofollow \"> Politique de protection des donn\u00e9es personnelles<\/a><\/strong><\/p><p>Conform\u00e9ment \u00e0 la loi, les cookies sont stock\u00e9s pour une dur\u00e9e maximale de 13 mois.<br \/>Vous pouvez \u00e9galement configurer les param\u00e8tres de votre navigateur pour g\u00e9rer ou bloquer les cookies.<\/p><h3>Contactez-nous<\/h3><p>Pour toute question concernant les cookies ou vos donn\u00e9es personnelles, veuillez nous contacter via le lien suivant :<a style=\"color: #3453ff;\" href=\"https:\/\/cloudity.com\/fr\/contactez-nous\/\" rel=\"nofollow \"><strong> Contactez-nous<\/strong><br \/><\/a><\/p>\t\t\t\t\t\t\t\t<\/div>\n\t\t\t\t<\/div>\n\t\t\t\t\t<\/div>\n\t\t\t\t<\/div>\n\t\t\t\t<\/div>\n\t\t","protected":false},"excerpt":{"rendered":"<p>Politique en mati\u00e8re de cookies Qu&rsquo;est-ce qu&rsquo;un cookie ? Un cookie est un fichier texte qui est stock\u00e9 sur votre ordinateur lorsque vous visitez un site internet ou visualisez une publicit\u00e9. Il permet de collecter des informations relatives \u00e0 votre navigation et de vous pr\u00e9senter des services adapt\u00e9s \u00e0 votre terminal (ordinateur, mobile ou tablette). [&hellip;]<\/p>\n","protected":false},"author":2,"featured_media":0,"parent":0,"menu_order":0,"comment_status":"closed","ping_status":"closed","template":"elementor_header_footer","meta":{"_acf_changed":false,"_seopress_robots_primary_cat":"","_seopress_titles_title":"Politique de cookies - Cloudity","_seopress_titles_desc":"Politique en mati\u00e8re de cookies Qu'est-ce qu'un cookie ?Un cookie est un fichier texte qui est stock\u00e9 sur votre ordinateur lorsque vous visitez un\u2026","_seopress_robots_index":"","footnotes":""},"class_list":["post-12555","page","type-page","status-publish","hentry"],"acf":[],"_links":{"self":[{"href":"https:\/\/cloudity.com\/fr\/wp-json\/wp\/v2\/pages\/12555","targetHints":{"allow":["GET"]}}],"collection":[{"href":"https:\/\/cloudity.com\/fr\/wp-json\/wp\/v2\/pages"}],"about":[{"href":"https:\/\/cloudity.com\/fr\/wp-json\/wp\/v2\/types\/page"}],"author":[{"embeddable":true,"href":"https:\/\/cloudity.com\/fr\/wp-json\/wp\/v2\/users\/2"}],"replies":[{"embeddable":true,"href":"https:\/\/cloudity.com\/fr\/wp-json\/wp\/v2\/comments?post=12555"}],"version-history":[{"count":1,"href":"https:\/\/cloudity.com\/fr\/wp-json\/wp\/v2\/pages\/12555\/revisions"}],"predecessor-version":[{"id":21407,"href":"https:\/\/cloudity.com\/fr\/wp-json\/wp\/v2\/pages\/12555\/revisions\/21407"}],"wp:attachment":[{"href":"https:\/\/cloudity.com\/fr\/wp-json\/wp\/v2\/media?parent=12555"}],"curies":[{"name":"wp","href":"https:\/\/api.w.org\/{rel}","templated":true}]}}