{"id":12579,"date":"2025-11-13T15:09:43","date_gmt":"2025-11-13T15:09:43","guid":{"rendered":"https:\/\/lightgoldenrodyellow-horse-236112.hostingersite.com\/avis-juridique\/"},"modified":"2026-02-06T15:07:45","modified_gmt":"2026-02-06T15:07:45","slug":"avis-juridique","status":"publish","type":"page","link":"https:\/\/cloudity.com\/fr\/avis-juridique\/","title":{"rendered":"Mentions l\u00e9gales"},"content":{"rendered":"\t\t<div data-elementor-type=\"wp-post\" data-elementor-id=\"12579\" class=\"elementor elementor-12579 elementor-1365\" data-elementor-post-type=\"page\">\n\t\t\t\t<div class=\"elementor-element elementor-element-1259f128 hero-grid e-flex e-con-boxed e-con e-parent\" data-id=\"1259f128\" data-element_type=\"container\" data-e-type=\"container\" data-settings=\"{&quot;background_background&quot;:&quot;gradient&quot;}\">\n\t\t\t\t\t<div class=\"e-con-inner\">\n\t\t<div class=\"elementor-element elementor-element-329ddd51 e-con-full e-flex e-con e-child\" data-id=\"329ddd51\" data-element_type=\"container\" data-e-type=\"container\">\n\t\t\t\t<div class=\"elementor-element elementor-element-15982a32 elementor-widget elementor-widget-heading\" data-id=\"15982a32\" data-element_type=\"widget\" data-e-type=\"widget\" data-widget_type=\"heading.default\">\n\t\t\t\t\t<h1 class=\"elementor-heading-title elementor-size-default\">Mentions l\u00e9gales <\/h1>\t\t\t\t<\/div>\n\t\t\t\t<div class=\"elementor-element elementor-element-13745e28 elementor-hidden-mobile elementor-widget elementor-widget-spacer\" data-id=\"13745e28\" data-element_type=\"widget\" data-e-type=\"widget\" data-widget_type=\"spacer.default\">\n\t\t\t\t\t\t\t<div class=\"elementor-spacer\">\n\t\t\t<div class=\"elementor-spacer-inner\"><\/div>\n\t\t<\/div>\n\t\t\t\t\t\t<\/div>\n\t\t\t\t<div class=\"elementor-element elementor-element-15e31422 elementor-hidden-mobile elementor-widget elementor-widget-spacer\" data-id=\"15e31422\" data-element_type=\"widget\" data-e-type=\"widget\" data-widget_type=\"spacer.default\">\n\t\t\t\t\t\t\t<div class=\"elementor-spacer\">\n\t\t\t<div class=\"elementor-spacer-inner\"><\/div>\n\t\t<\/div>\n\t\t\t\t\t\t<\/div>\n\t\t\t\t<\/div>\n\t\t\t\t\t<\/div>\n\t\t\t\t<\/div>\n\t\t<div class=\"elementor-element elementor-element-a0a11d6 e-flex e-con-boxed e-con e-parent\" data-id=\"a0a11d6\" data-element_type=\"container\" data-e-type=\"container\" data-settings=\"{&quot;background_background&quot;:&quot;classic&quot;}\">\n\t\t\t\t\t<div class=\"e-con-inner\">\n\t\t<div class=\"elementor-element elementor-element-7045596 e-con-full elementor-hidden-desktop elementor-hidden-tablet elementor-hidden-mobile e-flex e-con e-child\" data-id=\"7045596\" data-element_type=\"container\" data-e-type=\"container\" data-settings=\"{&quot;background_background&quot;:&quot;classic&quot;}\">\n\t\t\t\t<div class=\"elementor-element elementor-element-a4b1f1f elementor-widget elementor-widget-spacer\" data-id=\"a4b1f1f\" data-element_type=\"widget\" data-e-type=\"widget\" data-widget_type=\"spacer.default\">\n\t\t\t\t\t\t\t<div class=\"elementor-spacer\">\n\t\t\t<div class=\"elementor-spacer-inner\"><\/div>\n\t\t<\/div>\n\t\t\t\t\t\t<\/div>\n\t\t\t\t<div class=\"elementor-element elementor-element-6dfc32b elementor-hidden-desktop elementor-hidden-tablet elementor-hidden-mobile elementor-widget elementor-widget-heading\" data-id=\"6dfc32b\" data-element_type=\"widget\" data-e-type=\"widget\" data-widget_type=\"heading.default\">\n\t\t\t\t\t<h3 class=\"elementor-heading-title elementor-size-default\">Informations sur l'\u00e9diteur  <\/h3>\t\t\t\t<\/div>\n\t\t\t\t<div class=\"elementor-element elementor-element-244a180 elementor-widget elementor-widget-spacer\" data-id=\"244a180\" data-element_type=\"widget\" data-e-type=\"widget\" data-widget_type=\"spacer.default\">\n\t\t\t\t\t\t\t<div class=\"elementor-spacer\">\n\t\t\t<div class=\"elementor-spacer-inner\"><\/div>\n\t\t<\/div>\n\t\t\t\t\t\t<\/div>\n\t\t\t\t<\/div>\n\t\t\t\t<div class=\"elementor-element elementor-element-7a3f386 elementor-widget elementor-widget-text-editor\" data-id=\"7a3f386\" data-element_type=\"widget\" data-e-type=\"widget\" data-widget_type=\"text-editor.default\">\n\t\t\t\t\t\t\t\t\t<h2 style=\"color: #121212; font-family: 'Open Sans', sans-serif;\"><span style=\"font-weight: bold;\">Informations sur l&rsquo;\u00e9diteur<\/span><\/h2><p>Le site web https:\/\/www.cloudity.com est publi\u00e9 conjointement par :<\/p><p><b><span data-contrast=\"auto\">CLOUDITY<\/span><\/b><\/p><ul><li><span data-contrast=\"auto\">SAS au capital social de 4 949 014,50 \u20ac<\/span><\/li><li><span data-contrast=\"auto\">Num\u00e9ro d&rsquo;immatriculation (RCS) : 913 269 973 R.C.S. Grenoble<\/span><\/li><li><span data-contrast=\"auto\">Num\u00e9ro de TVA : FR20913269973<\/span><\/li><li><span data-contrast=\"auto\">Si\u00e8ge social : <\/span><span data-contrast=\"auto\">8 Place de la R\u00e9sistance,\u00a0<\/span><span data-contrast=\"auto\">38000 Grenoble, France<\/span><\/li><\/ul><div>\u00a0<\/div><p><b><span data-contrast=\"auto\">CLOUDITY sp. z o. o. <\/span><\/b><\/p><ul><li><span data-contrast=\"auto\">Capital social : 39 000,00 PLN<\/span><\/li><li><span data-contrast=\"auto\">NIP : 951-23-79-071<\/span><\/li><li><span data-contrast=\"auto\">KRS : 0000505827<\/span><\/li><li><span data-contrast=\"auto\">REGON : 147192818<\/span><\/li><li><span data-contrast=\"auto\">Si\u00e8ge social : <\/span><span data-contrast=\"auto\">Kazimierza Brokla 2, <\/span><span data-contrast=\"auto\">00-032 Varsovie, Pologne<\/span><\/li><\/ul><div>\u00a0<\/div><p><b><span data-contrast=\"auto\">CLOUDITY GmbH<\/span><\/b><\/p><ul><li><span data-contrast=\"auto\">Capital : 50 000,00 \u20ac<\/span><\/li><li><span data-contrast=\"auto\">Num\u00e9ro de registre du commerce : HRB 210340<\/span><\/li><li><span data-contrast=\"auto\">Num\u00e9ro d&rsquo;identification fiscale : 29\/252\/33068<\/span><\/li><li><span data-contrast=\"auto\">Num\u00e9ro de TVA : DE 326 482 136<\/span><\/li><li><span data-contrast=\"auto\">Si\u00e8ge social : <\/span><span data-contrast=\"auto\">Krausenstrasse 9-10, <\/span><span data-contrast=\"auto\">10117 Berlin, Allemagne<\/span><\/li><\/ul><div>\u00a0<\/div><p><b><span data-contrast=\"auto\">CLOUDITY Sp. z o.o. filial<\/span><\/b><\/p><ul><li><span data-contrast=\"auto\">Num\u00e9ro de TVA : SE 516 411 699 701<\/span><\/li><li><span data-contrast=\"auto\">Si\u00e8ge social : KAM Redovisning AB, Box 47089, 100-74, Stockholm<\/span><\/li><\/ul><div>\u00a0<\/div><p><span data-contrast=\"auto\">Contact :<\/span><span data-contrast=\"auto\"><a style=\"color: #3453ff;\" href=\"https:\/\/cloudity.com\/fr\/contactez-nous\/\" rel=\"nofollow \">\u00a0formulaire de contact<br \/><\/a><br \/><\/span><\/p><h2><b><span data-contrast=\"auto\">Fournisseur d&rsquo;h\u00e9bergement<\/span><\/b><\/h2><p><span data-contrast=\"auto\">Le site https:\/\/www.cloudity.com est h\u00e9berg\u00e9 par :<br \/><\/span><\/p><p><b><span data-contrast=\"auto\">OVH<\/span><\/b><br \/><span data-contrast=\"auto\">2 rue Kellermann<\/span><br \/><span data-contrast=\"auto\">59100 Roubaix, France<\/span><br \/><span data-contrast=\"auto\">T\u00e9l\u00e9phone : 09 72 10 10 07<\/span><\/p><h2 style=\"color: #121212; font-family: 'Open Sans', sans-serif;\"><span style=\"font-weight: bold;\">Propri\u00e9t\u00e9 intellectuelle<\/span><\/h2><p><span data-contrast=\"auto\">Le contenu du site https:\/\/www.cloudity.com comprend divers \u00e9l\u00e9ments (textes, m\u00e9dias, graphiques, dessins, marques, etc.) prot\u00e9g\u00e9s par les lois sur la propri\u00e9t\u00e9 intellectuelle, y compris le droit d&rsquo;auteur.<\/span><\/p><p><span data-contrast=\"auto\">Toute reproduction, repr\u00e9sentation, modification ou publication, partielle ou int\u00e9grale, du contenu du site, par quelque proc\u00e9d\u00e9 que ce soit, est strictement interdite et pourra faire l&rsquo;objet de poursuites judiciaires conform\u00e9ment aux lois en vigueur.<br \/><\/span><\/p><p><b><span data-contrast=\"auto\">CLOUDITY\u00a0<\/span><\/b><span data-contrast=\"auto\">est le propri\u00e9taire de la\u00a0<\/span><span data-contrast=\"auto\">marque d\u00e9pos\u00e9e CLOUDITY.<\/span><\/p><p><span data-contrast=\"auto\">Toute reproduction, repr\u00e9sentation, adaptation ou utilisation non autoris\u00e9e de cette marque est strictement interdite et constitue une contrefa\u00e7on passible de poursuites en vertu des lois sur les marques applicables.<br \/><\/span><\/p>\t\t\t\t\t\t\t\t<\/div>\n\t\t\t\t\t<\/div>\n\t\t\t\t<\/div>\n\t\t\t\t<\/div>\n\t\t","protected":false},"excerpt":{"rendered":"<p>Mentions l\u00e9gales Informations sur l&rsquo;\u00e9diteur Informations sur l&rsquo;\u00e9diteur Le site web https:\/\/www.cloudity.com est publi\u00e9 conjointement par : CLOUDITY SAS au capital social de 4 949 014,50 \u20ac Num\u00e9ro d&rsquo;immatriculation (RCS) : 913 269 973 R.C.S. Grenoble Num\u00e9ro de TVA : FR20913269973 Si\u00e8ge social : 8 Place de la R\u00e9sistance,\u00a038000 Grenoble, France \u00a0 CLOUDITY sp. z [&hellip;]<\/p>\n","protected":false},"author":2,"featured_media":0,"parent":0,"menu_order":0,"comment_status":"closed","ping_status":"closed","template":"elementor_header_footer","meta":{"_acf_changed":false,"_seopress_robots_primary_cat":"","_seopress_titles_title":"Mentions l\u00e9gales - Cloudity","_seopress_titles_desc":"Consultez Mentions l\u00e9gales de Cloudity. Vos droits et nos engagements concernant legal matters.","_seopress_robots_index":"","footnotes":""},"class_list":["post-12579","page","type-page","status-publish","hentry"],"acf":[],"_links":{"self":[{"href":"https:\/\/cloudity.com\/fr\/wp-json\/wp\/v2\/pages\/12579","targetHints":{"allow":["GET"]}}],"collection":[{"href":"https:\/\/cloudity.com\/fr\/wp-json\/wp\/v2\/pages"}],"about":[{"href":"https:\/\/cloudity.com\/fr\/wp-json\/wp\/v2\/types\/page"}],"author":[{"embeddable":true,"href":"https:\/\/cloudity.com\/fr\/wp-json\/wp\/v2\/users\/2"}],"replies":[{"embeddable":true,"href":"https:\/\/cloudity.com\/fr\/wp-json\/wp\/v2\/comments?post=12579"}],"version-history":[{"count":0,"href":"https:\/\/cloudity.com\/fr\/wp-json\/wp\/v2\/pages\/12579\/revisions"}],"wp:attachment":[{"href":"https:\/\/cloudity.com\/fr\/wp-json\/wp\/v2\/media?parent=12579"}],"curies":[{"name":"wp","href":"https:\/\/api.w.org\/{rel}","templated":true}]}}