{"id":10905,"date":"2025-11-18T14:59:49","date_gmt":"2025-11-18T14:59:49","guid":{"rendered":"https:\/\/lightgoldenrodyellow-horse-236112.hostingersite.com\/branze\/"},"modified":"2026-02-12T12:58:19","modified_gmt":"2026-02-12T12:58:19","slug":"branze","status":"publish","type":"page","link":"https:\/\/cloudity.com\/pl\/branze\/","title":{"rendered":"Bran\u017ce"},"content":{"rendered":"\t\t<div data-elementor-type=\"wp-post\" data-elementor-id=\"10905\" class=\"elementor elementor-10905 elementor-1739\" data-elementor-post-type=\"page\">\n\t\t\t\t<div class=\"elementor-element elementor-element-1259f128 hero-grid e-flex e-con-boxed e-con e-parent\" data-id=\"1259f128\" data-element_type=\"container\" data-e-type=\"container\" data-settings=\"{&quot;background_background&quot;:&quot;gradient&quot;}\">\n\t\t\t\t\t<div class=\"e-con-inner\">\n\t\t<div class=\"elementor-element elementor-element-329ddd51 e-con-full e-flex e-con e-child\" data-id=\"329ddd51\" data-element_type=\"container\" data-e-type=\"container\">\n\t\t\t\t<div class=\"elementor-element elementor-element-15982a32 elementor-widget elementor-widget-heading\" data-id=\"15982a32\" data-element_type=\"widget\" data-e-type=\"widget\" data-widget_type=\"heading.default\">\n\t\t\t\t\t<h1 class=\"elementor-heading-title elementor-size-default\">Bran\u017ce<\/h1>\t\t\t\t<\/div>\n\t\t\t\t<\/div>\n\t\t<div class=\"elementor-element elementor-element-370f428 e-con-full e-flex e-con e-child\" data-id=\"370f428\" data-element_type=\"container\" data-e-type=\"container\">\n\t\t\t\t<\/div>\n\t\t\t\t\t<\/div>\n\t\t\t\t<\/div>\n\t\t<div class=\"elementor-element elementor-element-a0a11d6 e-flex e-con-boxed e-con e-parent\" data-id=\"a0a11d6\" data-element_type=\"container\" data-e-type=\"container\" data-settings=\"{&quot;background_background&quot;:&quot;classic&quot;}\">\n\t\t\t\t\t<div class=\"e-con-inner\">\n\t\t<div class=\"elementor-element elementor-element-7045596 e-con-full e-flex e-con e-child\" data-id=\"7045596\" data-element_type=\"container\" data-e-type=\"container\" data-settings=\"{&quot;background_background&quot;:&quot;classic&quot;}\">\n\t\t\t\t<div class=\"elementor-element elementor-element-a4b1f1f elementor-widget elementor-widget-spacer\" data-id=\"a4b1f1f\" data-element_type=\"widget\" data-e-type=\"widget\" data-widget_type=\"spacer.default\">\n\t\t\t\t\t\t\t<div class=\"elementor-spacer\">\n\t\t\t<div class=\"elementor-spacer-inner\"><\/div>\n\t\t<\/div>\n\t\t\t\t\t\t<\/div>\n\t\t\t\t<div class=\"elementor-element elementor-element-7a3f386 elementor-widget elementor-widget-text-editor\" data-id=\"7a3f386\" data-element_type=\"widget\" data-e-type=\"widget\" data-widget_type=\"text-editor.default\">\n\t\t\t\t\t\t\t\t\t<h2>Nasze bran\u017ce<\/h2><ul><li><a style=\"color: #3453ff;\" href=\"http:\/\/cloudity.com\/pl\/branze\/towary-konsumpcyjne-i-handel-detaliczny\/\" target=\"_blank\" rel=\"noopener\">Dobra Konsumpcyjne i Handel Detaliczny<\/a><\/li><li><a style=\"color: #3453ff;\" href=\"http:\/\/cloudity.com\/pl\/branze\/edukacja\/\" target=\"_blank\" rel=\"noopener\">Edukacja<\/a><\/li><li><a style=\"color: #3453ff;\" href=\"http:\/\/cloudity.com\/pl\/branze\/energia-i-media\/\" target=\"_blank\" rel=\"noopener\">Energia i U\u017cyteczno\u015b\u0107 Publiczna<\/a><\/li><li><a style=\"color: #3453ff;\" href=\"http:\/\/cloudity.com\/pl\/branze\/uslugi-finansowe\/\" target=\"_blank\" rel=\"noopener\">Us\u0142ugi Finansowe<\/a><\/li><li><a style=\"color: #3453ff;\" href=\"http:\/\/cloudity.com\/pl\/branze\/opieka-zdrowotna-i-nauki-przyrodnicze\/\" target=\"_blank\" rel=\"noopener\">Opieka zdrowotna<\/a><\/li><li><a style=\"color: #3453ff;\" href=\"http:\/\/cloudity.com\/pl\/branze\/przetworstwo\/\" target=\"_blank\" rel=\"noopener\">Produkcja<\/a><\/li><li><a style=\"color: #3453ff;\" href=\"http:\/\/cloudity.com\/pl\/branze\/uslugi-profesjonalne\/\" target=\"_blank\" rel=\"noopener\">Us\u0142ugi Profesjonalne<\/a><\/li><li><a style=\"color: #3453ff;\" href=\"http:\/\/cloudity.com\/pl\/branze\/dostawcy-technologii-i-oprogramowania\/\" target=\"_blank\" rel=\"noopener\">Technologia<\/a><\/li><li><a style=\"color: #3453ff;\" href=\"http:\/\/cloudity.com\/pl\/branze\/logistyka\/\" target=\"_blank\" rel=\"noopener\">Transport<\/a><\/li><li><a style=\"color: #3453ff;\" href=\"http:\/\/cloudity.com\/pl\/branze\/inne\/\" target=\"_blank\" rel=\"noopener\">Inne<\/a><\/li><\/ul>\t\t\t\t\t\t\t\t<\/div>\n\t\t\t\t<\/div>\n\t\t\t\t\t<\/div>\n\t\t\t\t<\/div>\n\t\t\t\t<\/div>\n\t\t","protected":false},"excerpt":{"rendered":"<p>Bran\u017ce Nasze bran\u017ce Dobra Konsumpcyjne i Handel Detaliczny Edukacja Energia i U\u017cyteczno\u015b\u0107 Publiczna Us\u0142ugi Finansowe Opieka zdrowotna Produkcja Us\u0142ugi Profesjonalne Technologia Transport Inne<\/p>\n","protected":false},"author":2,"featured_media":0,"parent":0,"menu_order":0,"comment_status":"closed","ping_status":"closed","template":"elementor_header_footer","meta":{"_acf_changed":false,"_seopress_robots_primary_cat":"","_seopress_titles_title":"Bran\u017ce | Cloudity","_seopress_titles_desc":"Bran\u017ce Nasze bran\u017ceDobra Konsumpcyjne i Handel DetalicznyEdukacjaEnergia i U\u017cyteczno\u015b\u0107 PublicznaUs\u0142ugi FinansoweOpieka zdrowotnaProdukcjaUs\u0142ugi\u2026","_seopress_robots_index":"","footnotes":""},"class_list":["post-10905","page","type-page","status-publish","hentry"],"acf":[],"_links":{"self":[{"href":"https:\/\/cloudity.com\/pl\/wp-json\/wp\/v2\/pages\/10905","targetHints":{"allow":["GET"]}}],"collection":[{"href":"https:\/\/cloudity.com\/pl\/wp-json\/wp\/v2\/pages"}],"about":[{"href":"https:\/\/cloudity.com\/pl\/wp-json\/wp\/v2\/types\/page"}],"author":[{"embeddable":true,"href":"https:\/\/cloudity.com\/pl\/wp-json\/wp\/v2\/users\/2"}],"replies":[{"embeddable":true,"href":"https:\/\/cloudity.com\/pl\/wp-json\/wp\/v2\/comments?post=10905"}],"version-history":[{"count":0,"href":"https:\/\/cloudity.com\/pl\/wp-json\/wp\/v2\/pages\/10905\/revisions"}],"wp:attachment":[{"href":"https:\/\/cloudity.com\/pl\/wp-json\/wp\/v2\/media?parent=10905"}],"curies":[{"name":"wp","href":"https:\/\/api.w.org\/{rel}","templated":true}]}}