{"id":10922,"date":"2025-12-02T14:32:46","date_gmt":"2025-12-02T14:32:46","guid":{"rendered":"https:\/\/lightgoldenrodyellow-horse-236112.hostingersite.com\/podcast\/"},"modified":"2026-02-18T17:52:16","modified_gmt":"2026-02-18T17:52:16","slug":"podcast","status":"publish","type":"page","link":"https:\/\/cloudity.com\/pl\/podcast\/","title":{"rendered":"Podcast"},"content":{"rendered":"\t\t<div data-elementor-type=\"wp-post\" data-elementor-id=\"10922\" class=\"elementor elementor-10922 elementor-5590\" data-elementor-post-type=\"page\">\n\t\t\t\t<div class=\"elementor-element elementor-element-1259f128 hero-grid e-flex e-con-boxed e-con e-parent\" data-id=\"1259f128\" data-element_type=\"container\" data-e-type=\"container\" data-settings=\"{&quot;background_background&quot;:&quot;gradient&quot;}\">\n\t\t\t\t\t<div class=\"e-con-inner\">\n\t\t<div class=\"elementor-element elementor-element-329ddd51 e-con-full e-flex e-con e-child\" data-id=\"329ddd51\" data-element_type=\"container\" data-e-type=\"container\">\n\t\t\t\t<div class=\"elementor-element elementor-element-15982a32 elementor-widget elementor-widget-heading\" data-id=\"15982a32\" data-element_type=\"widget\" data-e-type=\"widget\" data-widget_type=\"heading.default\">\n\t\t\t\t\t<h1 class=\"elementor-heading-title elementor-size-default\">Digital Trailblazers PODCAST\n\n<\/h1>\t\t\t\t<\/div>\n\t\t\t\t<div class=\"elementor-element elementor-element-13745e28 elementor-widget elementor-widget-spacer\" data-id=\"13745e28\" data-element_type=\"widget\" data-e-type=\"widget\" data-widget_type=\"spacer.default\">\n\t\t\t\t\t\t\t<div class=\"elementor-spacer\">\n\t\t\t<div class=\"elementor-spacer-inner\"><\/div>\n\t\t<\/div>\n\t\t\t\t\t\t<\/div>\n\t\t\t\t<div class=\"elementor-element elementor-element-4f9661ab elementor-widget elementor-widget-text-editor\" data-id=\"4f9661ab\" data-element_type=\"widget\" data-e-type=\"widget\" data-widget_type=\"text-editor.default\">\n\t\t\t\t\t\t\t\t\t<p>W podca\u015bcie omawiamy, w jaki spos\u00f3b organizacje z r\u00f3\u017cnych bran\u017c wykorzystuj\u0105 technologi\u0119 Salesforce i jak narz\u0119dzia z tego ekosystemu wp\u0142ywaj\u0105 na operacje biznesowe. Jeste\u015bmy pasjonatami s\u0142uchania historii transformacji cyfrowej naszych go\u015bci, zar\u00f3wno ich sukces\u00f3w, jak i pora\u017cek, oraz lekcji, jakie z nich wyci\u0105gn\u0119li &#8211; w\u0142a\u015bnie o to b\u0119dziemy ich pyta\u0107!<\/p>\t\t\t\t\t\t\t\t<\/div>\n\t\t\t\t<div class=\"elementor-element elementor-element-15e31422 elementor-widget elementor-widget-spacer\" data-id=\"15e31422\" data-element_type=\"widget\" data-e-type=\"widget\" data-widget_type=\"spacer.default\">\n\t\t\t\t\t\t\t<div class=\"elementor-spacer\">\n\t\t\t<div class=\"elementor-spacer-inner\"><\/div>\n\t\t<\/div>\n\t\t\t\t\t\t<\/div>\n\t\t<div class=\"elementor-element elementor-element-3a43ec6c e-con-full e-flex e-con e-child\" data-id=\"3a43ec6c\" data-element_type=\"container\" data-e-type=\"container\">\n\t\t\t\t<div class=\"elementor-element elementor-element-12505e21 elementor-widget elementor-widget-button\" data-id=\"12505e21\" data-element_type=\"widget\" data-e-type=\"widget\" data-widget_type=\"button.default\">\n\t\t\t\t\t\t\t\t\t\t<a class=\"elementor-button elementor-button-link elementor-size-sm\" href=\"#listen\">\n\t\t\t\t\t\t<span class=\"elementor-button-content-wrapper\">\n\t\t\t\t\t\t<span class=\"elementor-button-icon\">\n\t\t\t\t<svg aria-hidden=\"true\" class=\"e-font-icon-svg e-far-play-circle\" viewBox=\"0 0 512 512\" xmlns=\"http:\/\/www.w3.org\/2000\/svg\"><path d=\"M371.7 238l-176-107c-15.8-8.8-35.7 2.5-35.7 21v208c0 18.4 19.8 29.8 35.7 21l176-101c16.4-9.1 16.4-32.8 0-42zM504 256C504 119 393 8 256 8S8 119 8 256s111 248 248 248 248-111 248-248zm-448 0c0-110.5 89.5-200 200-200s200 89.5 200 200-89.5 200-200 200S56 366.5 56 256z\"><\/path><\/svg>\t\t\t<\/span>\n\t\t\t\t\t\t\t\t\t<span class=\"elementor-button-text\">Pos\u0142uchaj<\/span>\n\t\t\t\t\t<\/span>\n\t\t\t\t\t<\/a>\n\t\t\t\t\t\t\t\t<\/div>\n\t\t\t\t<\/div>\n\t\t<div class=\"elementor-element elementor-element-9c35cbf e-con-full e-flex e-con e-child\" data-id=\"9c35cbf\" data-element_type=\"container\" data-e-type=\"container\">\n\t\t\t\t<\/div>\n\t\t\t\t<\/div>\n\t\t<div class=\"elementor-element elementor-element-370f428 e-con-full e-flex e-con e-child\" data-id=\"370f428\" data-element_type=\"container\" data-e-type=\"container\">\n\t\t\t\t<div class=\"elementor-element elementor-element-e7b9e1c elementor-widget elementor-widget-image\" data-id=\"e7b9e1c\" data-element_type=\"widget\" data-e-type=\"widget\" data-widget_type=\"image.default\">\n\t\t\t\t\t\t\t\t\t\t\t\t\t\t\t<img alt=\"\" fetchpriority=\"high\" decoding=\"async\" width=\"800\" height=\"394\" src=\"https:\/\/cloudity.com\/wp-content\/uploads\/2025\/12\/202402-Logo-Podcast-Digital-Trailblazers-White-Text-02-1024x504.png\" class=\"attachment-large size-large wp-image-10931\" alt=\"\" srcset=\"https:\/\/cloudity.com\/wp-content\/uploads\/2025\/12\/202402-Logo-Podcast-Digital-Trailblazers-White-Text-02-1024x504.png 1024w, https:\/\/cloudity.com\/wp-content\/uploads\/2025\/12\/202402-Logo-Podcast-Digital-Trailblazers-White-Text-02-300x148.png 300w, https:\/\/cloudity.com\/wp-content\/uploads\/2025\/12\/202402-Logo-Podcast-Digital-Trailblazers-White-Text-02-768x378.png 768w, https:\/\/cloudity.com\/wp-content\/uploads\/2025\/12\/202402-Logo-Podcast-Digital-Trailblazers-White-Text-02-1536x755.png 1536w, https:\/\/cloudity.com\/wp-content\/uploads\/2025\/12\/202402-Logo-Podcast-Digital-Trailblazers-White-Text-02.png 1712w\" sizes=\"(max-width: 800px) 100vw, 800px\" \/>\t\t\t\t\t\t\t\t\t\t\t\t\t\t\t<\/div>\n\t\t\t\t<\/div>\n\t\t\t\t\t<\/div>\n\t\t\t\t<\/div>\n\t\t<div class=\"elementor-element elementor-element-a32656e hero-grid e-flex e-con-boxed e-con e-parent\" data-id=\"a32656e\" data-element_type=\"container\" data-e-type=\"container\" data-settings=\"{&quot;background_background&quot;:&quot;gradient&quot;}\">\n\t\t\t\t\t<div class=\"e-con-inner\">\n\t\t<div class=\"elementor-element elementor-element-ac68eff e-con-full e-flex e-con e-child\" data-id=\"ac68eff\" data-element_type=\"container\" data-e-type=\"container\" data-settings=\"{&quot;background_background&quot;:&quot;classic&quot;}\">\n\t\t\t\t<div class=\"elementor-element elementor-element-8dee07a elementor-widget elementor-widget-heading\" data-id=\"8dee07a\" data-element_type=\"widget\" data-e-type=\"widget\" data-widget_type=\"heading.default\">\n\t\t\t\t\t<h2 class=\"elementor-heading-title elementor-size-default\">CZEGO DOWIESZ SI\u0118 Z \n\n<span style=\"color:#0053FF\"> PODCASTU?<\/span><\/h2>\t\t\t\t<\/div>\n\t\t\t\t<div class=\"elementor-element elementor-element-cf4881d elementor-widget elementor-widget-spacer\" data-id=\"cf4881d\" data-element_type=\"widget\" data-e-type=\"widget\" data-widget_type=\"spacer.default\">\n\t\t\t\t\t\t\t<div class=\"elementor-spacer\">\n\t\t\t<div class=\"elementor-spacer-inner\"><\/div>\n\t\t<\/div>\n\t\t\t\t\t\t<\/div>\n\t\t<div class=\"elementor-element elementor-element-e69f69a e-con-full e-flex e-con e-child\" data-id=\"e69f69a\" data-element_type=\"container\" data-e-type=\"container\">\n\t\t<div class=\"elementor-element elementor-element-d824035 e-con-full e-flex e-con e-child\" data-id=\"d824035\" data-element_type=\"container\" data-e-type=\"container\">\n\t\t\t\t<div class=\"elementor-element elementor-element-d92ce7a elementor-widget elementor-widget-image\" data-id=\"d92ce7a\" data-element_type=\"widget\" data-e-type=\"widget\" data-widget_type=\"image.default\">\n\t\t\t\t\t\t\t\t\t\t\t\t\t\t\t<img alt=\"\" decoding=\"async\" width=\"779\" height=\"842\" src=\"https:\/\/cloudity.com\/wp-content\/uploads\/2025\/12\/202402-Podcast-Digital-Trailblazers-Symbol02.png\" class=\"attachment-large size-large wp-image-10930\" alt=\"\" srcset=\"https:\/\/cloudity.com\/wp-content\/uploads\/2025\/12\/202402-Podcast-Digital-Trailblazers-Symbol02.png 779w, https:\/\/cloudity.com\/wp-content\/uploads\/2025\/12\/202402-Podcast-Digital-Trailblazers-Symbol02-278x300.png 278w, https:\/\/cloudity.com\/wp-content\/uploads\/2025\/12\/202402-Podcast-Digital-Trailblazers-Symbol02-768x830.png 768w\" sizes=\"(max-width: 779px) 100vw, 779px\" \/>\t\t\t\t\t\t\t\t\t\t\t\t\t\t\t<\/div>\n\t\t\t\t<\/div>\n\t\t<div class=\"elementor-element elementor-element-bd6f472 e-con-full e-flex e-con e-child\" data-id=\"bd6f472\" data-element_type=\"container\" data-e-type=\"container\">\n\t\t\t\t<div class=\"elementor-element elementor-element-66741e5 elementor-widget elementor-widget-text-editor\" data-id=\"66741e5\" data-element_type=\"widget\" data-e-type=\"widget\" data-widget_type=\"text-editor.default\">\n\t\t\t\t\t\t\t\t\t<ul><li aria-level=\"1\"><span dir=\"auto\">jak planowa\u0107 wdra\u017canie nowych technologii,<\/span><\/li><li aria-level=\"1\"><span dir=\"auto\">jak przygotowa\u0107 organizacj\u0119 na nowe narz\u0119dzia,<\/span><\/li><li aria-level=\"1\"><span dir=\"auto\">na co zwr\u00f3ci\u0107 uwag\u0119 przy wyborze partnera wdro\u017ceniowego, <\/span><\/li><li aria-level=\"1\"><span dir=\"auto\">jak unikn\u0105\u0107 b\u0142\u0119d\u00f3w,<\/span><\/li><li aria-level=\"1\"><span dir=\"auto\">co zyska\u0142y firmy dzi\u0119ki cyfrowej transformacji,<\/span><\/li><li aria-level=\"1\"><span dir=\"auto\">jak osi\u0105ga\u0107 lepsze wyniki w wielu obszarach dzia\u0142alno\u015bci biznesowej.<\/span><\/li><\/ul>\t\t\t\t\t\t\t\t<\/div>\n\t\t\t\t<\/div>\n\t\t\t\t<\/div>\n\t\t\t\t<\/div>\n\t\t\t\t<div class=\"elementor-element elementor-element-c6b02a7 elementor-widget elementor-widget-heading\" data-id=\"c6b02a7\" data-element_type=\"widget\" data-e-type=\"widget\" id=\"listen\" data-widget_type=\"heading.default\">\n\t\t\t\t\t<h2 class=\"elementor-heading-title elementor-size-default\">S\u0142uchaj tam,\n\n<span style=\"color:#0053FF\"> gdzie Ci wygodnie<\/span><\/h2>\t\t\t\t<\/div>\n\t\t\t\t<div class=\"elementor-element elementor-element-08c53ee elementor-widget elementor-widget-spacer\" data-id=\"08c53ee\" data-element_type=\"widget\" data-e-type=\"widget\" data-widget_type=\"spacer.default\">\n\t\t\t\t\t\t\t<div class=\"elementor-spacer\">\n\t\t\t<div class=\"elementor-spacer-inner\"><\/div>\n\t\t<\/div>\n\t\t\t\t\t\t<\/div>\n\t\t<div class=\"elementor-element elementor-element-32417af e-con-full e-flex e-con e-child\" data-id=\"32417af\" data-element_type=\"container\" data-e-type=\"container\">\n\t\t<div class=\"elementor-element elementor-element-e8afdcd e-con-full e-flex e-con e-child\" data-id=\"e8afdcd\" data-element_type=\"container\" data-e-type=\"container\">\n\t\t\t\t<div class=\"elementor-element elementor-element-01ef020 e-transform elementor-widget elementor-widget-image\" data-id=\"01ef020\" data-element_type=\"widget\" data-e-type=\"widget\" data-settings=\"{&quot;_transform_scale_effect_hover&quot;:{&quot;unit&quot;:&quot;px&quot;,&quot;size&quot;:1.1,&quot;sizes&quot;:[]},&quot;_transform_scale_effect_hover_tablet&quot;:{&quot;unit&quot;:&quot;px&quot;,&quot;size&quot;:&quot;&quot;,&quot;sizes&quot;:[]},&quot;_transform_scale_effect_hover_mobile&quot;:{&quot;unit&quot;:&quot;px&quot;,&quot;size&quot;:&quot;&quot;,&quot;sizes&quot;:[]}}\" data-widget_type=\"image.default\">\n\t\t\t\t\t\t\t\t\t\t\t\t\t\t\t\t<a href=\"https:\/\/podcasts.apple.com\/us\/podcast\/digital-trailblazers\/id1746277825\">\n\t\t\t\t\t\t\t<img alt=\"\" decoding=\"async\" width=\"210\" height=\"300\" src=\"https:\/\/cloudity.com\/wp-content\/uploads\/2025\/12\/itu-210x300-1.png\" class=\"attachment-large size-large wp-image-10925\" alt=\"\" \/>\t\t\t\t\t\t\t\t<\/a>\n\t\t\t\t\t\t\t\t\t\t\t\t\t\t\t<\/div>\n\t\t\t\t<\/div>\n\t\t<div class=\"elementor-element elementor-element-9678cfc e-con-full e-flex e-con e-child\" data-id=\"9678cfc\" data-element_type=\"container\" data-e-type=\"container\">\n\t\t\t\t<div class=\"elementor-element elementor-element-8f421c0 e-transform elementor-widget elementor-widget-image\" data-id=\"8f421c0\" data-element_type=\"widget\" data-e-type=\"widget\" data-settings=\"{&quot;_transform_scale_effect_hover&quot;:{&quot;unit&quot;:&quot;px&quot;,&quot;size&quot;:1.1,&quot;sizes&quot;:[]},&quot;_transform_scale_effect_hover_tablet&quot;:{&quot;unit&quot;:&quot;px&quot;,&quot;size&quot;:&quot;&quot;,&quot;sizes&quot;:[]},&quot;_transform_scale_effect_hover_mobile&quot;:{&quot;unit&quot;:&quot;px&quot;,&quot;size&quot;:&quot;&quot;,&quot;sizes&quot;:[]}}\" data-widget_type=\"image.default\">\n\t\t\t\t\t\t\t\t\t\t\t\t\t\t\t\t<a href=\"https:\/\/open.spotify.com\/show\/4w0dEy8ur9ECUblXzHYGOX?si=4472b6255f7c408c\">\n\t\t\t\t\t\t\t<img alt=\"\" loading=\"lazy\" decoding=\"async\" width=\"210\" height=\"300\" src=\"https:\/\/cloudity.com\/wp-content\/uploads\/2025\/12\/spo-210x300-1.png\" class=\"attachment-large size-large wp-image-10926\" alt=\"\" \/>\t\t\t\t\t\t\t\t<\/a>\n\t\t\t\t\t\t\t\t\t\t\t\t\t\t\t<\/div>\n\t\t\t\t<\/div>\n\t\t<div class=\"elementor-element elementor-element-7001036 e-con-full e-flex e-con e-child\" data-id=\"7001036\" data-element_type=\"container\" data-e-type=\"container\">\n\t\t\t\t<div class=\"elementor-element elementor-element-6b24cd6 e-transform elementor-widget elementor-widget-image\" data-id=\"6b24cd6\" data-element_type=\"widget\" data-e-type=\"widget\" data-settings=\"{&quot;_transform_scale_effect_hover&quot;:{&quot;unit&quot;:&quot;px&quot;,&quot;size&quot;:1.1,&quot;sizes&quot;:[]},&quot;_transform_scale_effect_hover_tablet&quot;:{&quot;unit&quot;:&quot;px&quot;,&quot;size&quot;:&quot;&quot;,&quot;sizes&quot;:[]},&quot;_transform_scale_effect_hover_mobile&quot;:{&quot;unit&quot;:&quot;px&quot;,&quot;size&quot;:&quot;&quot;,&quot;sizes&quot;:[]}}\" data-widget_type=\"image.default\">\n\t\t\t\t\t\t\t\t\t\t\t\t\t\t\t\t<a href=\"https:\/\/youtu.be\/5aMEnbgOGx0\">\n\t\t\t\t\t\t\t<img alt=\"\" loading=\"lazy\" decoding=\"async\" width=\"210\" height=\"300\" src=\"https:\/\/cloudity.com\/wp-content\/uploads\/2025\/12\/yt-210x300-1.png\" class=\"attachment-large size-large wp-image-10927\" alt=\"\" \/>\t\t\t\t\t\t\t\t<\/a>\n\t\t\t\t\t\t\t\t\t\t\t\t\t\t\t<\/div>\n\t\t\t\t<\/div>\n\t\t\t\t<\/div>\n\t\t\t\t\t<\/div>\n\t\t\t\t<\/div>\n\t\t<div class=\"elementor-element elementor-element-4b63fb15 hero-grid e-flex e-con-boxed e-con e-parent\" data-id=\"4b63fb15\" data-element_type=\"container\" data-e-type=\"container\" data-settings=\"{&quot;background_background&quot;:&quot;classic&quot;}\">\n\t\t\t\t\t<div class=\"e-con-inner\">\n\t\t<div class=\"elementor-element elementor-element-6eb89a02 e-con-full e-flex e-con e-child\" data-id=\"6eb89a02\" data-element_type=\"container\" data-e-type=\"container\" data-settings=\"{&quot;background_background&quot;:&quot;classic&quot;}\">\n\t\t\t\t<div class=\"elementor-element elementor-element-56a4a773 elementor-widget elementor-widget-heading\" data-id=\"56a4a773\" data-element_type=\"widget\" data-e-type=\"widget\" data-widget_type=\"heading.default\">\n\t\t\t\t\t<h2 class=\"elementor-heading-title elementor-size-default\"><span style=\"color:#0053FF\">DLA<\/span> KOGO PRZEZNACZONY JEST TEN<span style=\"color:#0053FF\"> PODCAST<\/span> \n\n<span style=\"color:#0053FF\">?<\/span><\/h2>\t\t\t\t<\/div>\n\t\t\t\t<div class=\"elementor-element elementor-element-609d7fd elementor-widget elementor-widget-spacer\" data-id=\"609d7fd\" data-element_type=\"widget\" data-e-type=\"widget\" data-widget_type=\"spacer.default\">\n\t\t\t\t\t\t\t<div class=\"elementor-spacer\">\n\t\t\t<div class=\"elementor-spacer-inner\"><\/div>\n\t\t<\/div>\n\t\t\t\t\t\t<\/div>\n\t\t\t\t<div class=\"elementor-element elementor-element-dd5d9f2 elementor-widget elementor-widget-text-editor\" data-id=\"dd5d9f2\" data-element_type=\"widget\" data-e-type=\"widget\" data-widget_type=\"text-editor.default\">\n\t\t\t\t\t\t\t\t\t<p>Podcast skierowany jest do przedsi\u0119biorc\u00f3w, za\u0142o\u017cycieli firm oraz os\u00f3b zarz\u0105dzaj\u0105cych kluczowymi obszarami &#8211; takimi jak sprzeda\u017c, marketing czy obs\u0142uga klienta &#8211; a tak\u017ce wszystkich tych, kt\u00f3rzy chc\u0105 usprawni\u0107 procesy biznesowe i osi\u0105ga\u0107 wi\u0119ksze zyski przy wsparciu technologii.<\/p>\t\t\t\t\t\t\t\t<\/div>\n\t\t\t\t<\/div>\n\t\t<div class=\"elementor-element elementor-element-dbf2deb e-con-full e-flex e-con e-child\" data-id=\"dbf2deb\" data-element_type=\"container\" data-e-type=\"container\">\n\t\t<div class=\"elementor-element elementor-element-d73c3fe e-con-full e-flex e-con e-child\" data-id=\"d73c3fe\" data-element_type=\"container\" data-e-type=\"container\">\n\t\t\t\t<div class=\"elementor-element elementor-element-a56e5fb elementor-widget elementor-widget-image\" data-id=\"a56e5fb\" data-element_type=\"widget\" data-e-type=\"widget\" data-widget_type=\"image.default\">\n\t\t\t\t\t\t\t\t\t\t\t\t\t\t\t<img alt=\"\" loading=\"lazy\" decoding=\"async\" width=\"300\" height=\"300\" src=\"https:\/\/cloudity.com\/wp-content\/uploads\/2025\/12\/Czarek-LI-300x300-1.webp\" class=\"attachment-large size-large wp-image-10928\" alt=\"\" srcset=\"https:\/\/cloudity.com\/wp-content\/uploads\/2025\/12\/Czarek-LI-300x300-1.webp 300w, https:\/\/cloudity.com\/wp-content\/uploads\/2025\/12\/Czarek-LI-300x300-1-150x150.webp 150w\" sizes=\"(max-width: 300px) 100vw, 300px\" \/>\t\t\t\t\t\t\t\t\t\t\t\t\t\t\t<\/div>\n\t\t\t\t<div class=\"elementor-element elementor-element-72ee389 elementor-widget elementor-widget-heading\" data-id=\"72ee389\" data-element_type=\"widget\" data-e-type=\"widget\" data-widget_type=\"heading.default\">\n\t\t\t\t\t<p class=\"elementor-heading-title elementor-size-default\">Cezary Zajkowski\n\n\n\n\n\n\n\n\n\n\n\n<\/p>\t\t\t\t<\/div>\n\t\t\t\t<div class=\"elementor-element elementor-element-ecac3a0 elementor-widget elementor-widget-text-editor\" data-id=\"ecac3a0\" data-element_type=\"widget\" data-e-type=\"widget\" data-widget_type=\"text-editor.default\">\n\t\t\t\t\t\t\t\t\t<p><strong style=\"color: #0053ff;\">Prowadz\u0105cy podcast, Growth Leader, Cloudity<\/strong><\/p>\t\t\t\t\t\t\t\t<\/div>\n\t\t\t\t<div class=\"elementor-element elementor-element-2c8f0a1 elementor-view-default elementor-widget elementor-widget-icon\" data-id=\"2c8f0a1\" data-element_type=\"widget\" data-e-type=\"widget\" data-widget_type=\"icon.default\">\n\t\t\t\t\t\t\t<div class=\"elementor-icon-wrapper\">\n\t\t\t<a class=\"elementor-icon\" href=\"https:\/\/www.linkedin.com\/in\/cezaryzajkowski\/\">\n\t\t\t<svg aria-hidden=\"true\" class=\"e-font-icon-svg e-fab-linkedin-in\" viewBox=\"0 0 448 512\" xmlns=\"http:\/\/www.w3.org\/2000\/svg\"><path d=\"M100.28 448H7.4V148.9h92.88zM53.79 108.1C24.09 108.1 0 83.5 0 53.8a53.79 53.79 0 0 1 107.58 0c0 29.7-24.1 54.3-53.79 54.3zM447.9 448h-92.68V302.4c0-34.7-.7-79.2-48.29-79.2-48.29 0-55.69 37.7-55.69 76.7V448h-92.78V148.9h89.08v40.8h1.3c12.4-23.5 42.69-48.3 87.88-48.3 94 0 111.28 61.9 111.28 142.3V448z\"><\/path><\/svg>\t\t\t<\/a>\n\t\t<\/div>\n\t\t\t\t\t\t<\/div>\n\t\t\t\t<\/div>\n\t\t<div class=\"elementor-element elementor-element-cec6cc5 e-con-full e-flex e-con e-child\" data-id=\"cec6cc5\" data-element_type=\"container\" data-e-type=\"container\">\n\t\t\t\t<div class=\"elementor-element elementor-element-f8793b5 elementor-widget elementor-widget-text-editor\" data-id=\"f8793b5\" data-element_type=\"widget\" data-e-type=\"widget\" data-widget_type=\"text-editor.default\">\n\t\t\t\t\t\t\t\t\t<p>Zwi\u0105zany z technologi\u0105 Salesforce od o\u015bmiu lat, uczestniczy\u0142 w projektach transformacji cyfrowej dla firm z r\u00f3\u017cnych bran\u017c jako konsultant biznesowy oraz project manager. Obecnie zajmuje si\u0119 rozwojem biznesu poprzez sprzeda\u017c, marketing i partnerstwa.<\/p>\t\t\t\t\t\t\t\t<\/div>\n\t\t\t\t<\/div>\n\t\t\t\t<\/div>\n\t\t\t\t\t<\/div>\n\t\t\t\t<\/div>\n\t\t<div class=\"elementor-element elementor-element-6bef7e63 hero-grid e-con-full e-flex e-con e-parent\" data-id=\"6bef7e63\" data-element_type=\"container\" data-e-type=\"container\" data-settings=\"{&quot;background_background&quot;:&quot;classic&quot;}\">\n\t\t<div class=\"elementor-element elementor-element-5862796b hero-grid e-flex e-con-boxed e-con e-child\" data-id=\"5862796b\" data-element_type=\"container\" data-e-type=\"container\" data-settings=\"{&quot;background_background&quot;:&quot;gradient&quot;}\">\n\t\t\t\t\t<div class=\"e-con-inner\">\n\t\t<div class=\"elementor-element elementor-element-c2e7ec9 e-con-full e-flex e-con e-child\" data-id=\"c2e7ec9\" data-element_type=\"container\" data-e-type=\"container\">\n\t\t\t\t<div class=\"elementor-element elementor-element-b636250 elementor-widget elementor-widget-heading\" data-id=\"b636250\" data-element_type=\"widget\" data-e-type=\"widget\" data-widget_type=\"heading.default\">\n\t\t\t\t\t<h2 class=\"elementor-heading-title elementor-size-default\">\nSkontaktuj si\u0119 z nami\n\n<\/h2>\t\t\t\t<\/div>\n\t\t\t\t<div class=\"elementor-element elementor-element-372e369 elementor-widget elementor-widget-text-editor\" data-id=\"372e369\" data-element_type=\"widget\" data-e-type=\"widget\" data-widget_type=\"text-editor.default\">\n\t\t\t\t\t\t\t\t\t<div class=\"sek-column sek-col-base sek-col-50 \" data-sek-level=\"column\" data-sek-id=\"__nimble__d50bfeccc8dc\">\n<div class=\"sek-column-inner \">\n<div class=\"sek-module \" title=\"\" data-sek-level=\"module\" data-sek-id=\"__nimble__12eea9a5b7e7\" data-sek-module-type=\"czr_tiny_mce_editor_module\">\n<div class=\"sek-module-inner\">\n<div class=\"sek-section sek-has-modules \" data-sek-level=\"section\" data-sek-id=\"__nimble__4330fa5ec674\">\n<div class=\"sek-container-fluid\">\n<div class=\"sek-row sek-sektion-inner\">\n<div class=\"sek-column sek-col-base sek-col-100 \" data-sek-level=\"column\" data-sek-id=\"__nimble__7612a9e17c91\">\n<div class=\"sek-column-inner \">\n<div class=\"sek-module \" title=\"\" data-sek-level=\"module\" data-sek-id=\"__nimble__abcf9210fe1a\" data-sek-module-type=\"czr_tiny_mce_editor_module\">\n<div class=\"sek-module-inner\">\n<p><span dir=\"auto\">Je\u015bli szukasz do\u015bwiadczonych specjalist\u00f3w Salesforce, trafi\u0142e\u015b we w\u0142a\u015bciwe miejsce. Wy\u015blij nam wiadomo\u015b\u0107, a my skontaktujemy si\u0119 z Tob\u0105 w ci\u0105gu jednego dnia roboczego, aby om\u00f3wi\u0107 Twoje potrzeby biznesowe. <\/span><\/p>\n<\/div>\n<\/div>\n<\/div>\n<\/div>\n<\/div>\n<\/div>\n<\/div>\n<div class=\"sek-section sek-has-modules \" data-sek-level=\"section\" data-sek-id=\"__nimble__684ea13bbf79\">\n<div class=\"sek-container-fluid\">\n<div class=\"sek-row sek-sektion-inner\">\n<div class=\"sek-column sek-col-base sek-col-50 sek-has-bg sek-lazy-loaded\" data-sek-level=\"column\" data-sek-id=\"__nimble__b225de562bc6\" data-sek-has-bg=\"true\" data-sek-src=\"https:\/\/pl.cloudity.digital\/wp-content\/uploads\/2021\/04\/Map.png\">\n<div class=\"sek-column-inner \">\n<div class=\"sek-module \" title=\"\" data-sek-level=\"module\" data-sek-id=\"__nimble__b02987821b9c\" data-sek-module-type=\"czr_tiny_mce_editor_module\">\n<div class=\"sek-module-inner\"> <\/div>\n<\/div>\n<\/div>\n<\/div>\n<\/div>\n<\/div>\n<\/div>\n<\/div>\n<\/div>\n<\/div>\n<\/div>\t\t\t\t\t\t\t\t<\/div>\n\t\t\t\t<\/div>\n\t\t<div class=\"elementor-element elementor-element-4d3dded e-con-full e-flex e-con e-child\" data-id=\"4d3dded\" data-element_type=\"container\" data-e-type=\"container\">\n\t\t\t\t<div class=\"elementor-element elementor-element-3449fe2 elementor-widget elementor-widget-button\" data-id=\"3449fe2\" data-element_type=\"widget\" data-e-type=\"widget\" data-widget_type=\"button.default\">\n\t\t\t\t\t\t\t\t\t\t<a class=\"elementor-button elementor-button-link elementor-size-sm\" href=\"https:\/\/cloudity.com\/pl\/kontakt\/\" target=\"_blank\">\n\t\t\t\t\t\t<span class=\"elementor-button-content-wrapper\">\n\t\t\t\t\t\t<span class=\"elementor-button-icon\">\n\t\t\t\t<svg aria-hidden=\"true\" class=\"e-font-icon-svg e-far-envelope\" viewBox=\"0 0 512 512\" xmlns=\"http:\/\/www.w3.org\/2000\/svg\"><path d=\"M464 64H48C21.49 64 0 85.49 0 112v288c0 26.51 21.49 48 48 48h416c26.51 0 48-21.49 48-48V112c0-26.51-21.49-48-48-48zm0 48v40.805c-22.422 18.259-58.168 46.651-134.587 106.49-16.841 13.247-50.201 45.072-73.413 44.701-23.208.375-56.579-31.459-73.413-44.701C106.18 199.465 70.425 171.067 48 152.805V112h416zM48 400V214.398c22.914 18.251 55.409 43.862 104.938 82.646 21.857 17.205 60.134 55.186 103.062 54.955 42.717.231 80.509-37.199 103.053-54.947 49.528-38.783 82.032-64.401 104.947-82.653V400H48z\"><\/path><\/svg>\t\t\t<\/span>\n\t\t\t\t\t\t\t\t\t<span class=\"elementor-button-text\">Wy\u015blij wiadomo\u015b\u0107<\/span>\n\t\t\t\t\t<\/span>\n\t\t\t\t\t<\/a>\n\t\t\t\t\t\t\t\t<\/div>\n\t\t\t\t<\/div>\n\t\t\t\t\t<\/div>\n\t\t\t\t<\/div>\n\t\t\t\t<\/div>\n\t\t\t\t<\/div>\n\t\t","protected":false},"excerpt":{"rendered":"<p>Digital Trailblazers PODCAST W podca\u015bcie omawiamy, w jaki spos\u00f3b organizacje z r\u00f3\u017cnych bran\u017c wykorzystuj\u0105 technologi\u0119 Salesforce i jak narz\u0119dzia z tego ekosystemu wp\u0142ywaj\u0105 na operacje biznesowe. Jeste\u015bmy pasjonatami s\u0142uchania historii transformacji cyfrowej naszych go\u015bci, zar\u00f3wno ich sukces\u00f3w, jak i pora\u017cek, oraz lekcji, jakie z nich wyci\u0105gn\u0119li &#8211; w\u0142a\u015bnie o to b\u0119dziemy ich pyta\u0107! Pos\u0142uchaj CZEGO [&hellip;]<\/p>\n","protected":false},"author":2,"featured_media":0,"parent":0,"menu_order":0,"comment_status":"closed","ping_status":"closed","template":"elementor_header_footer","meta":{"_acf_changed":false,"_seopress_robots_primary_cat":"","_seopress_titles_title":"Podcast | Cloudity","_seopress_titles_desc":"Digital Trailblazers PODCAST W podca\u015bcie omawiamy, w jaki spos\u00f3b organizacje z r\u00f3\u017cnych bran\u017c wykorzystuj\u0105 technologi\u0119 Salesforce i jak narz\u0119dzia z\u2026","_seopress_robots_index":"","footnotes":""},"class_list":["post-10922","page","type-page","status-publish","hentry"],"acf":[],"_links":{"self":[{"href":"https:\/\/cloudity.com\/pl\/wp-json\/wp\/v2\/pages\/10922","targetHints":{"allow":["GET"]}}],"collection":[{"href":"https:\/\/cloudity.com\/pl\/wp-json\/wp\/v2\/pages"}],"about":[{"href":"https:\/\/cloudity.com\/pl\/wp-json\/wp\/v2\/types\/page"}],"author":[{"embeddable":true,"href":"https:\/\/cloudity.com\/pl\/wp-json\/wp\/v2\/users\/2"}],"replies":[{"embeddable":true,"href":"https:\/\/cloudity.com\/pl\/wp-json\/wp\/v2\/comments?post=10922"}],"version-history":[{"count":1,"href":"https:\/\/cloudity.com\/pl\/wp-json\/wp\/v2\/pages\/10922\/revisions"}],"predecessor-version":[{"id":19886,"href":"https:\/\/cloudity.com\/pl\/wp-json\/wp\/v2\/pages\/10922\/revisions\/19886"}],"wp:attachment":[{"href":"https:\/\/cloudity.com\/pl\/wp-json\/wp\/v2\/media?parent=10922"}],"curies":[{"name":"wp","href":"https:\/\/api.w.org\/{rel}","templated":true}]}}