{"id":10957,"date":"2025-11-13T15:21:50","date_gmt":"2025-11-13T15:21:50","guid":{"rendered":"https:\/\/lightgoldenrodyellow-horse-236112.hostingersite.com\/etyka-i-zgodnosc\/"},"modified":"2026-01-21T11:04:40","modified_gmt":"2026-01-21T11:04:40","slug":"etyka-i-zgodnosc","status":"publish","type":"page","link":"https:\/\/cloudity.com\/pl\/etyka-i-zgodnosc\/","title":{"rendered":"Etyka i zgodno\u015b\u0107"},"content":{"rendered":"\t\t<div data-elementor-type=\"wp-post\" data-elementor-id=\"10957\" class=\"elementor elementor-10957 elementor-1385\" data-elementor-post-type=\"page\">\n\t\t\t\t<div class=\"elementor-element elementor-element-1259f128 hero-grid e-flex e-con-boxed e-con e-parent\" data-id=\"1259f128\" data-element_type=\"container\" data-e-type=\"container\" data-settings=\"{&quot;background_background&quot;:&quot;gradient&quot;}\">\n\t\t\t\t\t<div class=\"e-con-inner\">\n\t\t<div class=\"elementor-element elementor-element-329ddd51 e-con-full e-flex e-con e-child\" data-id=\"329ddd51\" data-element_type=\"container\" data-e-type=\"container\">\n\t\t\t\t<div class=\"elementor-element elementor-element-15982a32 elementor-widget elementor-widget-heading\" data-id=\"15982a32\" data-element_type=\"widget\" data-e-type=\"widget\" data-widget_type=\"heading.default\">\n\t\t\t\t\t<h1 class=\"elementor-heading-title elementor-size-default\">Etyka i zgodno\u015b\u0107<\/h1>\t\t\t\t<\/div>\n\t\t\t\t<div class=\"elementor-element elementor-element-13745e28 elementor-widget elementor-widget-spacer\" data-id=\"13745e28\" data-element_type=\"widget\" data-e-type=\"widget\" data-widget_type=\"spacer.default\">\n\t\t\t\t\t\t\t<div class=\"elementor-spacer\">\n\t\t\t<div class=\"elementor-spacer-inner\"><\/div>\n\t\t<\/div>\n\t\t\t\t\t\t<\/div>\n\t\t\t\t<\/div>\n\t\t<div class=\"elementor-element elementor-element-370f428 e-con-full e-flex e-con e-child\" data-id=\"370f428\" data-element_type=\"container\" data-e-type=\"container\">\n\t\t\t\t<\/div>\n\t\t\t\t\t<\/div>\n\t\t\t\t<\/div>\n\t\t<div class=\"elementor-element elementor-element-a0a11d6 e-flex e-con-boxed e-con e-parent\" data-id=\"a0a11d6\" data-element_type=\"container\" data-e-type=\"container\" data-settings=\"{&quot;background_background&quot;:&quot;classic&quot;}\">\n\t\t\t\t\t<div class=\"e-con-inner\">\n\t\t<div class=\"elementor-element elementor-element-7045596 e-con-full e-flex e-con e-child\" data-id=\"7045596\" data-element_type=\"container\" data-e-type=\"container\" data-settings=\"{&quot;background_background&quot;:&quot;classic&quot;}\">\n\t\t\t\t<div class=\"elementor-element elementor-element-a4b1f1f elementor-widget elementor-widget-spacer\" data-id=\"a4b1f1f\" data-element_type=\"widget\" data-e-type=\"widget\" data-widget_type=\"spacer.default\">\n\t\t\t\t\t\t\t<div class=\"elementor-spacer\">\n\t\t\t<div class=\"elementor-spacer-inner\"><\/div>\n\t\t<\/div>\n\t\t\t\t\t\t<\/div>\n\t\t\t\t<div class=\"elementor-element elementor-element-483e112 elementor-widget elementor-widget-spacer\" data-id=\"483e112\" data-element_type=\"widget\" data-e-type=\"widget\" data-widget_type=\"spacer.default\">\n\t\t\t\t\t\t\t<div class=\"elementor-spacer\">\n\t\t\t<div class=\"elementor-spacer-inner\"><\/div>\n\t\t<\/div>\n\t\t\t\t\t\t<\/div>\n\t\t\t\t<div class=\"elementor-element elementor-element-6dfc32b elementor-widget elementor-widget-heading\" data-id=\"6dfc32b\" data-element_type=\"widget\" data-e-type=\"widget\" data-widget_type=\"heading.default\">\n\t\t\t\t\t<h3 class=\"elementor-heading-title elementor-size-default\">Etyka i zgodno\u015b\u0107 Hardis Group.  <\/h3>\t\t\t\t<\/div>\n\t\t\t\t<div class=\"elementor-element elementor-element-244a180 elementor-widget elementor-widget-spacer\" data-id=\"244a180\" data-element_type=\"widget\" data-e-type=\"widget\" data-widget_type=\"spacer.default\">\n\t\t\t\t\t\t\t<div class=\"elementor-spacer\">\n\t\t\t<div class=\"elementor-spacer-inner\"><\/div>\n\t\t<\/div>\n\t\t\t\t\t\t<\/div>\n\t\t\t\t<div class=\"elementor-element elementor-element-13cf884 elementor-align-left elementor-widget elementor-widget-button\" data-id=\"13cf884\" data-element_type=\"widget\" data-e-type=\"widget\" data-widget_type=\"button.default\">\n\t\t\t\t\t\t\t\t\t\t<a class=\"elementor-button elementor-button-link elementor-size-sm\" href=\"https:\/\/www.hardis-group.com\/en\/ethics-and-compliance\/%20\">\n\t\t\t\t\t\t<span class=\"elementor-button-content-wrapper\">\n\t\t\t\t\t\t\t\t\t<span class=\"elementor-button-text\">Dowiedz si\u0119 wi\u0119cej o etyce i zgodno\u015bci z przepisami<\/span>\n\t\t\t\t\t<\/span>\n\t\t\t\t\t<\/a>\n\t\t\t\t\t\t\t\t<\/div>\n\t\t\t\t<\/div>\n\t\t\t\t\t<\/div>\n\t\t\t\t<\/div>\n\t\t\t\t<\/div>\n\t\t","protected":false},"excerpt":{"rendered":"<p>Etyka i zgodno\u015b\u0107 Etyka i zgodno\u015b\u0107 Hardis Group. Dowiedz si\u0119 wi\u0119cej o etyce i zgodno\u015bci z przepisami<\/p>\n","protected":false},"author":2,"featured_media":0,"parent":0,"menu_order":0,"comment_status":"closed","ping_status":"closed","template":"elementor_header_footer","meta":{"_acf_changed":false,"_seopress_robots_primary_cat":"","_seopress_titles_title":"Etyka i zgodno\u015b\u0107 - Cloudity","_seopress_titles_desc":"Przeczytaj Etyka i zgodno\u015b\u0107 Cloudity. Twoje prawa i nasze zobowi\u0105zania dotycz\u0105ce legal matters.","_seopress_robots_index":"","footnotes":""},"class_list":["post-10957","page","type-page","status-publish","hentry"],"acf":[],"_links":{"self":[{"href":"https:\/\/cloudity.com\/pl\/wp-json\/wp\/v2\/pages\/10957","targetHints":{"allow":["GET"]}}],"collection":[{"href":"https:\/\/cloudity.com\/pl\/wp-json\/wp\/v2\/pages"}],"about":[{"href":"https:\/\/cloudity.com\/pl\/wp-json\/wp\/v2\/types\/page"}],"author":[{"embeddable":true,"href":"https:\/\/cloudity.com\/pl\/wp-json\/wp\/v2\/users\/2"}],"replies":[{"embeddable":true,"href":"https:\/\/cloudity.com\/pl\/wp-json\/wp\/v2\/comments?post=10957"}],"version-history":[{"count":0,"href":"https:\/\/cloudity.com\/pl\/wp-json\/wp\/v2\/pages\/10957\/revisions"}],"wp:attachment":[{"href":"https:\/\/cloudity.com\/pl\/wp-json\/wp\/v2\/media?parent=10957"}],"curies":[{"name":"wp","href":"https:\/\/api.w.org\/{rel}","templated":true}]}}