{"id":11061,"date":"2025-11-13T15:12:36","date_gmt":"2025-11-13T15:12:36","guid":{"rendered":"https:\/\/lightgoldenrodyellow-horse-236112.hostingersite.com\/polityka-plikow-cookie\/"},"modified":"2026-03-23T14:01:03","modified_gmt":"2026-03-23T14:01:03","slug":"nasza-polityke-dotyczaca-plikow-cookie","status":"publish","type":"page","link":"https:\/\/cloudity.com\/pl\/nasza-polityke-dotyczaca-plikow-cookie\/","title":{"rendered":"Polityka plik\u00f3w cookie"},"content":{"rendered":"\t\t<div data-elementor-type=\"wp-post\" data-elementor-id=\"11061\" class=\"elementor elementor-11061 elementor-1370\" data-elementor-post-type=\"page\">\n\t\t\t\t<div class=\"elementor-element elementor-element-1259f128 hero-grid e-flex e-con-boxed e-con e-parent\" data-id=\"1259f128\" data-element_type=\"container\" data-e-type=\"container\" data-settings=\"{&quot;background_background&quot;:&quot;gradient&quot;}\">\n\t\t\t\t\t<div class=\"e-con-inner\">\n\t\t<div class=\"elementor-element elementor-element-329ddd51 e-con-full e-flex e-con e-child\" data-id=\"329ddd51\" data-element_type=\"container\" data-e-type=\"container\">\n\t\t\t\t<div class=\"elementor-element elementor-element-15982a32 elementor-widget elementor-widget-heading\" data-id=\"15982a32\" data-element_type=\"widget\" data-e-type=\"widget\" data-widget_type=\"heading.default\">\n\t\t\t\t\t<h1 class=\"elementor-heading-title elementor-size-default\">Polityka plik\u00f3w cookie<\/h1>\t\t\t\t<\/div>\n\t\t\t\t<div class=\"elementor-element elementor-element-13745e28 elementor-widget elementor-widget-spacer\" data-id=\"13745e28\" data-element_type=\"widget\" data-e-type=\"widget\" data-widget_type=\"spacer.default\">\n\t\t\t\t\t\t\t<div class=\"elementor-spacer\">\n\t\t\t<div class=\"elementor-spacer-inner\"><\/div>\n\t\t<\/div>\n\t\t\t\t\t\t<\/div>\n\t\t\t\t<div class=\"elementor-element elementor-element-15e31422 elementor-widget elementor-widget-spacer\" data-id=\"15e31422\" data-element_type=\"widget\" data-e-type=\"widget\" data-widget_type=\"spacer.default\">\n\t\t\t\t\t\t\t<div class=\"elementor-spacer\">\n\t\t\t<div class=\"elementor-spacer-inner\"><\/div>\n\t\t<\/div>\n\t\t\t\t\t\t<\/div>\n\t\t\t\t<\/div>\n\t\t<div class=\"elementor-element elementor-element-370f428 e-con-full e-flex e-con e-child\" data-id=\"370f428\" data-element_type=\"container\" data-e-type=\"container\">\n\t\t\t\t<\/div>\n\t\t\t\t\t<\/div>\n\t\t\t\t<\/div>\n\t\t<div class=\"elementor-element elementor-element-a0a11d6 e-flex e-con-boxed e-con e-parent\" data-id=\"a0a11d6\" data-element_type=\"container\" data-e-type=\"container\" data-settings=\"{&quot;background_background&quot;:&quot;classic&quot;}\">\n\t\t\t\t\t<div class=\"e-con-inner\">\n\t\t<div class=\"elementor-element elementor-element-7045596 e-con-full e-flex e-con e-child\" data-id=\"7045596\" data-element_type=\"container\" data-e-type=\"container\" data-settings=\"{&quot;background_background&quot;:&quot;classic&quot;}\">\n\t\t\t\t<div class=\"elementor-element elementor-element-9b798a1 elementor-widget elementor-widget-html\" data-id=\"9b798a1\" data-element_type=\"widget\" data-e-type=\"widget\" data-widget_type=\"html.default\">\n\t\t\t\t\t<script id=\"CookieDeclaration\" src=\"https:\/\/consent.cookiebot.com\/62ab96ed-56d2-42e6-b79e-df02064ac9ad\/cd.js\" type=\"text\/javascript\" async><\/script>\t\t\t\t<\/div>\n\t\t\t\t<div class=\"elementor-element elementor-element-7a3f386 elementor-widget elementor-widget-text-editor\" data-id=\"7a3f386\" data-element_type=\"widget\" data-e-type=\"widget\" data-widget_type=\"text-editor.default\">\n\t\t\t\t\t\t\t\t\t<h3>Co to jest plik cookie<\/h3><p>Plik cookie to plik tekstowy, kt\u00f3ry jest przechowywany na komputerze u\u017cytkownika podczas odwiedzania strony internetowej lub wy\u015bwietlania reklamy.<br \/>S\u0142u\u017cy do zbierania informacji o przegl\u0105daniu i wy\u015bwietlania us\u0142ug dostosowanych do urz\u0105dzenia<br \/>(komputer, telefon kom\u00f3rkowy lub tablet). Pliki cookie s\u0105 zarz\u0105dzane przez przegl\u0105dark\u0119, niezale\u017cnie od u\u017cywanego urz\u0105dzenia.<\/p><p>Korzystanie z tych plik\u00f3w cookie wymaga zgody u\u017cytkownika, je\u015bli nie s\u0105 one absolutnie niezb\u0119dne do prawid\u0142owego funkcjonowania strony internetowej.<\/p><h3>Korzystanie z plik\u00f3w cookie na naszej stronie internetowej<\/h3><p>Pliki cookie umo\u017cliwiaj\u0105 przegl\u0105danie naszej witryny internetowej. Pozwalaj\u0105 nam r\u00f3wnie\u017c na dostosowanie tre\u015bci lub wy\u015bwietlania naszej us\u0142ugi<br \/>do urz\u0105dzenia u\u017cytkownika, popraw\u0119 komfortu przegl\u0105dania, optymalizacj\u0119 naszej strony internetowej, tworzenie statystyk i wska\u017anik\u00f3w ogl\u0105dalno\u015bci<br \/>oraz optymalizacj\u0119 dostarczania reklam, a tak\u017ce umo\u017cliwiaj\u0105 udost\u0119pnianie tre\u015bci w mediach spo\u0142eczno\u015bciowych.<br \/>Podczas odwiedzania naszej strony internetowej na komputerze, telefonie kom\u00f3rkowym lub tablecie u\u017cytkownika zapisywane s\u0105 r\u00f3\u017cne pliki cookie.<\/p><p>Niekt\u00f3re funkcje zale\u017c\u0105 od us\u0142ug \u015bwiadczonych przez strony trzecie. U\u017cytkownik mo\u017ce wyrazi\u0107 lub wycofa\u0107 swoj\u0105 zgod\u0119 w dowolnym momencie.<\/p><ul><li><strong>&#8222;Niezb\u0119dne pliki cookie&#8221; lub &#8222;Pliki cookie niewymagaj\u0105ce zgody&#8221;<\/strong><\/li><\/ul><p>Te pliki cookie zapewniaj\u0105 prawid\u0142owe funkcjonowanie strony internetowej i umo\u017cliwiaj\u0105 przegl\u0105danie i korzystanie z jej funkcji.<\/p><ul><li><strong>&#8222;Statystyczne pliki cookie&#8221;<\/strong><\/li><\/ul><p>Aby lepiej s\u0142u\u017cy\u0107 u\u017cytkownikom i ulepsza\u0107 ich do\u015bwiadczenia, mierzymy nasz\u0105 publiczno\u015b\u0107 za pomoc\u0105 rozwi\u0105zania opartego na technologii plik\u00f3w cookie<br \/>. Zebrane dane zapewniaj\u0105 anonimowe wska\u017aniki statystyczne (liczba przegl\u0105danych stron, liczba odwiedzin, cz\u0119stotliwo\u015b\u0107 powrot\u00f3w itp.)<\/p><p>Nasza strona internetowa korzysta z Matomo, Google Tag Manager i Google Analytics do pomiaru ogl\u0105dalno\u015bci.<br \/>Mo\u017cesz zapozna\u0107 si\u0119 z ich warunkami u\u017cytkowania tutaj:<\/p><ul><li style=\"list-style-type: none;\"><ul><li><strong><a style=\"color: #3453ff;\" href=\"https:\/\/matomo.org\/privacy-policy\/\">Polityka prywatno\u015bci Matomo<\/a><\/strong><\/li><li><strong><a style=\"color: #3453ff;\" href=\"https:\/\/policies.google.com\/privacy\">Google Tag Manager &#8211; Polityka prywatno\u015bci<\/a><\/strong><\/li><li><strong><a style=\"color: #3453ff;\" href=\"https:\/\/policies.google.com\/technologies\/partner-sites\">Google Analytics &#8211; Zasady dotycz\u0105ce witryn partnerskich<\/a><\/strong><\/li><\/ul><\/li><\/ul><p>Wy\u0142\u0105czenie tych plik\u00f3w cookie uniemo\u017cliwia nam zbieranie informacji zwi\u0105zanych z przegl\u0105daniem i wy\u015bwietlanie dostosowanych tre\u015bci.<\/p><ul><li><strong>&#8222;Pliki cookie stron trzecich&#8221;<\/strong><\/li><\/ul><p>Nasza witryna internetowa korzysta z niekt\u00f3rych us\u0142ug oferowanych przez witryny os\u00f3b trzecich, w tym:<\/p><ul><li style=\"list-style-type: none;\"><ul><li>Przyciski udost\u0119pniania (Twitter i Facebook)<\/li><li>Filmy wy\u015bwietlane na stronie internetowej (YouTube)<\/li><\/ul><\/li><\/ul><p>Zach\u0119camy do zapoznania si\u0119 z polityk\u0105 prywatno\u015bci tych platform, aby zrozumie\u0107, w jaki spos\u00f3b dane przegl\u0105dania zebrane<br \/>za po\u015brednictwem tych funkcji mog\u0105 by\u0107 wykorzystywane, w tym do cel\u00f3w reklamowych, oraz jak wy\u0142\u0105czy\u0107 takie \u015bledzenie.<\/p><p>Odrzucenie niekt\u00f3rych z tych plik\u00f3w cookie mo\u017ce mie\u0107 wp\u0142yw na niekt\u00f3re funkcje wymagane do przegl\u0105dania (np. problemy z odtwarzaniem wideo).<br \/>W takich przypadkach nie ponosimy odpowiedzialno\u015bci.<\/p><h3>Jak mo\u017cna wyrazi\u0107 swoje wybory dotycz\u0105ce plik\u00f3w cookie?<\/h3><p>Podczas pierwszej wizyty na naszej stronie internetowej pojawi si\u0119 baner &#8222;Pliki cookie&#8221;, umo\u017cliwiaj\u0105cy zaakceptowanie lub odrzucenie<br \/>r\u00f3\u017cnych kategorii plik\u00f3w cookie.<\/p><p>Mo\u017cesz zmieni\u0107 swoje preferencje w dowolnym momencie, klikaj\u0105c ikon\u0119 pliku cookie na dole ka\u017cdej strony,<br \/>lub bezpo\u015brednio na poni\u017cszy link:<strong><a style=\"color: #3453ff;\" href=\"http:\/\/cloudity.com\/privacy-policy\/\"> Polityka ochrony danych osobowych<\/a><\/strong><\/p><p>Zgodnie z wymogami prawa pliki cookie s\u0105 przechowywane przez maksymalny okres 13 miesi\u0119cy.<br \/>Mo\u017cna r\u00f3wnie\u017c skonfigurowa\u0107 ustawienia przegl\u0105darki, aby zarz\u0105dza\u0107 plikami cookie lub je blokowa\u0107.<\/p><h3>Skontaktuj si\u0119 z nami<\/h3><p>W przypadku jakichkolwiek pyta\u0144 dotycz\u0105cych plik\u00f3w cookie lub danych osobowych, prosimy o kontakt za po\u015brednictwem poni\u017cszego \u0142\u0105cza:<a style=\"color: #3453ff;\" href=\"http:\/\/cloudity.com\/contact-us\/\"><strong> Kontakt<\/strong><br \/><\/a><\/p>\t\t\t\t\t\t\t\t<\/div>\n\t\t\t\t<\/div>\n\t\t\t\t\t<\/div>\n\t\t\t\t<\/div>\n\t\t\t\t<\/div>\n\t\t","protected":false},"excerpt":{"rendered":"<p>Polityka plik\u00f3w cookie Co to jest plik cookie Plik cookie to plik tekstowy, kt\u00f3ry jest przechowywany na komputerze u\u017cytkownika podczas odwiedzania strony internetowej lub wy\u015bwietlania reklamy.S\u0142u\u017cy do zbierania informacji o przegl\u0105daniu i wy\u015bwietlania us\u0142ug dostosowanych do urz\u0105dzenia(komputer, telefon kom\u00f3rkowy lub tablet). Pliki cookie s\u0105 zarz\u0105dzane przez przegl\u0105dark\u0119, niezale\u017cnie od u\u017cywanego urz\u0105dzenia. Korzystanie z tych plik\u00f3w [&hellip;]<\/p>\n","protected":false},"author":2,"featured_media":0,"parent":0,"menu_order":0,"comment_status":"closed","ping_status":"closed","template":"elementor_header_footer","meta":{"_acf_changed":false,"_seopress_robots_primary_cat":"","_seopress_titles_title":"Polityka plik\u00f3w cookie - Cloudity","_seopress_titles_desc":"Przeczytaj Polityka plik\u00f3w cookie Cloudity. Twoje prawa i nasze zobowi\u0105zania dotycz\u0105ce legal matters.","_seopress_robots_index":"","footnotes":""},"class_list":["post-11061","page","type-page","status-publish","hentry"],"acf":[],"_links":{"self":[{"href":"https:\/\/cloudity.com\/pl\/wp-json\/wp\/v2\/pages\/11061","targetHints":{"allow":["GET"]}}],"collection":[{"href":"https:\/\/cloudity.com\/pl\/wp-json\/wp\/v2\/pages"}],"about":[{"href":"https:\/\/cloudity.com\/pl\/wp-json\/wp\/v2\/types\/page"}],"author":[{"embeddable":true,"href":"https:\/\/cloudity.com\/pl\/wp-json\/wp\/v2\/users\/2"}],"replies":[{"embeddable":true,"href":"https:\/\/cloudity.com\/pl\/wp-json\/wp\/v2\/comments?post=11061"}],"version-history":[{"count":1,"href":"https:\/\/cloudity.com\/pl\/wp-json\/wp\/v2\/pages\/11061\/revisions"}],"predecessor-version":[{"id":21408,"href":"https:\/\/cloudity.com\/pl\/wp-json\/wp\/v2\/pages\/11061\/revisions\/21408"}],"wp:attachment":[{"href":"https:\/\/cloudity.com\/pl\/wp-json\/wp\/v2\/media?parent=11061"}],"curies":[{"name":"wp","href":"https:\/\/api.w.org\/{rel}","templated":true}]}}