{"id":11076,"date":"2025-11-13T15:13:48","date_gmt":"2025-11-13T15:13:48","guid":{"rendered":"https:\/\/lightgoldenrodyellow-horse-236112.hostingersite.com\/polityka-prywatnosci\/"},"modified":"2026-03-11T13:01:16","modified_gmt":"2026-03-11T13:01:16","slug":"polityka-prywatnosci","status":"publish","type":"page","link":"https:\/\/cloudity.com\/pl\/polityka-prywatnosci\/","title":{"rendered":"Polityka prywatno\u015bci"},"content":{"rendered":"\t\t<div data-elementor-type=\"wp-post\" data-elementor-id=\"11076\" class=\"elementor elementor-11076 elementor-1375\" data-elementor-post-type=\"page\">\n\t\t\t\t<div class=\"elementor-element elementor-element-1259f128 hero-grid e-flex e-con-boxed e-con e-parent\" data-id=\"1259f128\" data-element_type=\"container\" data-e-type=\"container\" data-settings=\"{&quot;background_background&quot;:&quot;gradient&quot;}\">\n\t\t\t\t\t<div class=\"e-con-inner\">\n\t\t<div class=\"elementor-element elementor-element-329ddd51 e-con-full e-flex e-con e-child\" data-id=\"329ddd51\" data-element_type=\"container\" data-e-type=\"container\">\n\t\t\t\t<div class=\"elementor-element elementor-element-15982a32 elementor-widget elementor-widget-heading\" data-id=\"15982a32\" data-element_type=\"widget\" data-e-type=\"widget\" data-widget_type=\"heading.default\">\n\t\t\t\t\t<h1 class=\"elementor-heading-title elementor-size-default\">Polityka prywatno\u015bci<\/h1>\t\t\t\t<\/div>\n\t\t\t\t<div class=\"elementor-element elementor-element-13745e28 elementor-widget elementor-widget-spacer\" data-id=\"13745e28\" data-element_type=\"widget\" data-e-type=\"widget\" data-widget_type=\"spacer.default\">\n\t\t\t\t\t\t\t<div class=\"elementor-spacer\">\n\t\t\t<div class=\"elementor-spacer-inner\"><\/div>\n\t\t<\/div>\n\t\t\t\t\t\t<\/div>\n\t\t\t\t<div class=\"elementor-element elementor-element-15e31422 elementor-widget elementor-widget-spacer\" data-id=\"15e31422\" data-element_type=\"widget\" data-e-type=\"widget\" data-widget_type=\"spacer.default\">\n\t\t\t\t\t\t\t<div class=\"elementor-spacer\">\n\t\t\t<div class=\"elementor-spacer-inner\"><\/div>\n\t\t<\/div>\n\t\t\t\t\t\t<\/div>\n\t\t\t\t<\/div>\n\t\t<div class=\"elementor-element elementor-element-370f428 e-con-full e-flex e-con e-child\" data-id=\"370f428\" data-element_type=\"container\" data-e-type=\"container\">\n\t\t\t\t<\/div>\n\t\t\t\t\t<\/div>\n\t\t\t\t<\/div>\n\t\t<div class=\"elementor-element elementor-element-a0a11d6 e-flex e-con-boxed e-con e-parent\" data-id=\"a0a11d6\" data-element_type=\"container\" data-e-type=\"container\" data-settings=\"{&quot;background_background&quot;:&quot;classic&quot;}\">\n\t\t\t\t\t<div class=\"e-con-inner\">\n\t\t<div class=\"elementor-element elementor-element-7045596 e-con-full e-flex e-con e-child\" data-id=\"7045596\" data-element_type=\"container\" data-e-type=\"container\" data-settings=\"{&quot;background_background&quot;:&quot;classic&quot;}\">\n\t\t\t\t<div class=\"elementor-element elementor-element-a4b1f1f elementor-widget elementor-widget-spacer\" data-id=\"a4b1f1f\" data-element_type=\"widget\" data-e-type=\"widget\" data-widget_type=\"spacer.default\">\n\t\t\t\t\t\t\t<div class=\"elementor-spacer\">\n\t\t\t<div class=\"elementor-spacer-inner\"><\/div>\n\t\t<\/div>\n\t\t\t\t\t\t<\/div>\n\t\t\t\t<div class=\"elementor-element elementor-element-6dfc32b elementor-hidden-desktop elementor-hidden-tablet elementor-hidden-mobile elementor-widget elementor-widget-heading\" data-id=\"6dfc32b\" data-element_type=\"widget\" data-e-type=\"widget\" data-widget_type=\"heading.default\">\n\t\t\t\t\t<h3 class=\"elementor-heading-title elementor-size-default\">Jakie dane gromadzimy?  <\/h3>\t\t\t\t<\/div>\n\t\t\t\t<div class=\"elementor-element elementor-element-244a180 elementor-widget elementor-widget-spacer\" data-id=\"244a180\" data-element_type=\"widget\" data-e-type=\"widget\" data-widget_type=\"spacer.default\">\n\t\t\t\t\t\t\t<div class=\"elementor-spacer\">\n\t\t\t<div class=\"elementor-spacer-inner\"><\/div>\n\t\t<\/div>\n\t\t\t\t\t\t<\/div>\n\t\t\t\t<div class=\"elementor-element elementor-element-7a3f386 elementor-widget elementor-widget-text-editor\" data-id=\"7a3f386\" data-element_type=\"widget\" data-e-type=\"widget\" data-widget_type=\"text-editor.default\">\n\t\t\t\t\t\t\t\t\t<p><span style=\"font-weight: 400;\">Cloudity przywi\u0105zuje du\u017c\u0105 wag\u0119 do ochrony Twoich danych osobowych oraz Twojej prywatno\u015bci. Niniejsza Polityka prywatno\u015bci (dalej: \u201ePolityka\u201d) zawiera informacje dotycz\u0105ce sposobu gromadzenia i przetwarzania danych osobowych, kt\u00f3re przekazujesz nam za po\u015brednictwem naszej strony internetowej www.cloudity.com (dalej: \u201eStrona\u201d).<\/span><\/p><h3><b>Jakie dane gromadzimy?<\/b><\/h3><p><b>Dane gromadzone bezpo\u015brednio<\/b><span style=\"font-weight: 400;\">\u00a0<\/span><\/p><p><span style=\"font-weight: 400;\">Korzystaj\u0105c z naszej strony internetowej, mo\u017cesz zosta\u0107 poproszony o podanie danych osobowych (np. przez wype\u0142nienie formularza).<\/span><\/p><p><b>Dane gromadzone po\u015brednio od os\u00f3b trzecich<\/b><span style=\"font-weight: 400;\">\u00a0<\/span><\/p><p><span style=\"font-weight: 400;\">W przypadku danych pochodz\u0105cych z innych \u017ar\u00f3de\u0142, mo\u017cemy uzyska\u0107 Twoje dane kontaktowe i inne dane osobowe od naszych sp\u00f3\u0142ek zale\u017cnych oraz os\u00f3b trzecich, w tym:<\/span><\/p><ul><li style=\"font-weight: 400;\" aria-level=\"1\"><span style=\"font-weight: 400;\">za po\u015brednictwem plik\u00f3w cookies i tracker\u00f3w zamieszczonych na Twoim urz\u0105dzeniu lub odczytywanych z niego;<\/span><\/li><li style=\"font-weight: 400;\" aria-level=\"1\"><span style=\"font-weight: 400;\">ze \u017ar\u00f3de\u0142 udost\u0119pnionych przez partner\u00f3w na podstawie naszego prawnie uzasadnionego interesu lub obowi\u0105zk\u00f3w prawnych wymagaj\u0105cych Twojej zgody;<\/span><\/li><li style=\"font-weight: 400;\" aria-level=\"1\"><span style=\"font-weight: 400;\">ze \u017ar\u00f3de\u0142 publicznie dost\u0119pnych.<\/span><\/li><\/ul><p><span style=\"font-weight: 400;\">Gromadzone dane osobowe mog\u0105 obejmowa\u0107:<\/span><\/p><ul><li style=\"font-weight: 400;\" aria-level=\"1\"><b>Dane identyfikacyjne<\/b><span style=\"font-weight: 400;\"> (takie jak: imi\u0119, nazwisko, adres e-mail, numer telefonu);<\/span><\/li><li style=\"font-weight: 400;\" aria-level=\"1\"><b>Dane dotycz\u0105ce \u017cycia zawodowego<\/b><span style=\"font-weight: 400;\"> (takie jak: nazwa firmy, s\u0142u\u017cbowy numer telefonu, s\u0142u\u017cbowy adres e-mail, stanowisko).<\/span><\/li><\/ul><h3><b>W jakim celu gromadzimy Twoje dane osobowe?<\/b><\/h3><p><span style=\"font-weight: 400;\">Gromadzimy i przetwarzamy Twoje dane osobowe w nast\u0119puj\u0105cych celach:<\/span><\/p><ul><li style=\"font-weight: 400;\" aria-level=\"1\"><span style=\"font-weight: 400;\">aby odpowiada\u0107 na Twoje zapytania ofertowe i informacyjne;<\/span><\/li><li style=\"font-weight: 400;\" aria-level=\"1\"><span style=\"font-weight: 400;\">aby zapewni\u0107 prawid\u0142owe funkcjonowanie i bezpiecze\u0144stwo naszej Strony;<\/span><\/li><li style=\"font-weight: 400;\" aria-level=\"1\"><span style=\"font-weight: 400;\">aby poprawi\u0107 funkcjonalno\u015b\u0107 i jako\u015b\u0107 nawigacji na naszej Stronie poprzez przeprowadzanie analiz, bada\u0144 i ankiet;<\/span><\/li><li style=\"font-weight: 400;\" aria-level=\"1\"><span style=\"font-weight: 400;\">aby zarz\u0105dza\u0107 aplikacjami w procesach rekrutacyjnych prowadzonych przez Stron\u0119;<\/span><\/li><li style=\"font-weight: 400;\" aria-level=\"1\"><span style=\"font-weight: 400;\">aby prowadzi\u0107 dzia\u0142ania w zakresie prospekcji handlowej;<\/span><\/li><li style=\"font-weight: 400;\" aria-level=\"1\"><span style=\"font-weight: 400;\">aby przesy\u0142a\u0107 aktualizacje, powiadomienia o zmianach lub inne wiadomo\u015bci zwi\u0105zane z nasz\u0105 Stron\u0105;<\/span><\/li><li style=\"font-weight: 400;\" aria-level=\"1\"><span style=\"font-weight: 400;\">aby zaprasza\u0107 Ci\u0119 na wydarzenia, kt\u00f3re organizujemy samodzielnie lub w partnerstwie;<\/span><\/li><li style=\"font-weight: 400;\" aria-level=\"1\"><span style=\"font-weight: 400;\">aby zaprasza\u0107 Ci\u0119 do udzia\u0142u w badaniach satysfakcji klient\u00f3w, konkursach reklamowych i r\u00f3\u017cnych promocjach;<\/span><\/li><li style=\"font-weight: 400;\" aria-level=\"1\"><span style=\"font-weight: 400;\">aby wype\u0142nia\u0107 obowi\u0105zki prawne, kt\u00f3rym podlegamy;<\/span><\/li><li style=\"font-weight: 400;\" aria-level=\"1\"><span style=\"font-weight: 400;\">aby wykonywa\u0107 i egzekwowa\u0107 postanowienia obowi\u0105zuj\u0105cych nas um\u00f3w.<\/span><\/li><\/ul><h3><b>Na jakiej podstawie prawnej gromadzimy Twoje dane osobowe?<\/b><\/h3><p><span style=\"font-weight: 400;\">Gromadzimy i przetwarzamy Twoje dane osobowe zgodnie z Rozporz\u0105dzeniem Parlamentu Europejskiego i Rady (UE) 2016\/2017 (RODO) i wy\u0142\u0105cznie na nast\u0119puj\u0105cych podstawach prawnych:<\/span><\/p><ul><li style=\"font-weight: 400;\" aria-level=\"1\"><span style=\"font-weight: 400;\">gdy jest to niezb\u0119dne do wykonania umowy zawartej z Tob\u0105;<\/span><\/li><li style=\"font-weight: 400;\" aria-level=\"1\"><span style=\"font-weight: 400;\">gdy jest to niezb\u0119dne do wype\u0142nienia le\u017c\u0105cego na nas obowi\u0105zku prawnego;<\/span><\/li><li style=\"font-weight: 400;\" aria-level=\"1\"><span style=\"font-weight: 400;\">gdy wyrazi\u0142e\u015b wyra\u017an\u0105 zgod\u0119 na przetwarzanie swoich danych osobowych;<\/span><\/li><li style=\"font-weight: 400;\" aria-level=\"1\"><span style=\"font-weight: 400;\">gdy jest to niezb\u0119dne do zabezpieczenia naszych prawnie uzasadnionych interes\u00f3w;<\/span><\/li><li style=\"font-weight: 400;\" aria-level=\"1\"><span style=\"font-weight: 400;\">gdy jest to niezb\u0119dne w kontek\u015bcie interesu publicznego.<\/span><\/li><\/ul><h3><b>Jak d\u0142ugo przechowujemy Twoje dane osobowe?<\/b><\/h3><p><span style=\"font-weight: 400;\">Twoje dane osobowe s\u0105 przechowywane wy\u0142\u0105cznie przez okres \u015bci\u015ble niezb\u0119dny do osi\u0105gni\u0119cia cel\u00f3w, dla kt\u00f3rych zosta\u0142y zebrane, zgodnie z niniejsz\u0105 Polityk\u0105 oraz obowi\u0105zuj\u0105cymi przepisami prawa. Po tym okresie dane zostan\u0105 usuni\u0119te.<\/span><\/p><p><b>Okresy przechowywania:<\/b><\/p><ul><li style=\"font-weight: 400;\" aria-level=\"1\"><b>Dane dotycz\u0105ce rekrutacji:<\/b><span style=\"font-weight: 400;\"> przechowywane przez 2 lata.<\/span><\/li><li style=\"font-weight: 400;\" aria-level=\"1\"><b>Dane u\u017cywane do zarz\u0105dzania relacjami handlowymi i prospekcji:<\/b><span style=\"font-weight: 400;\"> przechowywane przez 3 lata od ostatniego kontaktu.<\/span><\/li><\/ul><h3><b>Kto jest administratorem Twoich danych osobowych?<\/b><\/h3><p><span style=\"font-weight: 400;\">Administratorem Twoich danych osobowych jest <\/span><b>Cloudity sp. z o.o.<\/b><span style=\"font-weight: 400;\"> z siedzib\u0105 w Warszawie (00-032), ul. Kazimierza Brokla 2, wpisana do Rejestru Przedsi\u0119biorc\u00f3w prowadzonego przez S\u0105d Rejonowy dla m.st. Warszawy w Warszawie, XII Wydzia\u0142 Gospodarczy Krajowego Rejestru S\u0105dowego pod numerem KRS: 0000505827 (NIP: 9512379071; REGON: 147192818), o kapitale zak\u0142adowym w wysoko\u015bci 39.900 PLN i\/lub jej sp\u00f3\u0142ki zale\u017cne.<\/span><\/p><h3><b>Kto jest odbiorc\u0105 Twoich danych osobowych?<\/b><\/h3><p><span style=\"font-weight: 400;\">Dost\u0119p do niekt\u00f3rych danych mo\u017ce zosta\u0107 przyznany personelowi i partnerom HARDIS GROUP, jej sp\u00f3\u0142kom zale\u017cnym oraz ich podmiotom przetwarzaj\u0105cym dane wy\u0142\u0105cznie w celach operacyjnych. HARDIS GROUP ujawnia dane tylko tym podmiotom przetwarzaj\u0105cym, z kt\u00f3rymi zawarte zosta\u0142y odpowiednie umowy dotycz\u0105ce przetwarzania danych osobowych, zapewniaj\u0105cym odpowiednie gwarancje bezpiecze\u0144stwa i poufno\u015bci.<\/span><\/p><p><span style=\"font-weight: 400;\">Dane mog\u0105 by\u0107 przekazywane w\u0142a\u015bciwym organom na ich \u017c\u0105danie w ramach prowadzonych post\u0119powa\u0144 s\u0105dowych i dochodze\u0144 lub w celu wype\u0142nienia innych obowi\u0105zk\u00f3w prawnych. Mog\u0105 by\u0107 r\u00f3wnie\u017c przekazywane stronom trzecim upowa\u017cnionym otrzymania tych danych na podstawie orzecze\u0144 s\u0105dowych.<\/span><\/p><h3><b>Jakie prawa przys\u0142uguj\u0105 Ci w odniesieniu do Twoich danych?<\/b><\/h3><p><span style=\"font-weight: 400;\">W dowolnym momencie mo\u017cesz skorzysta\u0107 z praw przyznanych przez RODO:<\/span><\/p><ul><li style=\"font-weight: 400;\" aria-level=\"1\"><span style=\"font-weight: 400;\">prawo dost\u0119pu do swoich danych osobowych;<\/span><\/li><li style=\"font-weight: 400;\" aria-level=\"1\"><span style=\"font-weight: 400;\">prawo do sprostowania nieprawid\u0142owych danych osobowych;<\/span><\/li><li style=\"font-weight: 400;\" aria-level=\"1\"><span style=\"font-weight: 400;\">prawo do usuni\u0119cia danych osobowych (\u201eprawo do bycia zapomnianym\u201d);<\/span><\/li><li style=\"font-weight: 400;\" aria-level=\"1\"><span style=\"font-weight: 400;\">prawo do ograniczenia przetwarzania danych osobowych;<\/span><\/li><li style=\"font-weight: 400;\" aria-level=\"1\"><span style=\"font-weight: 400;\">prawo do wycofania zgody na przetwarzanie danych osobowych;<\/span><\/li><li style=\"font-weight: 400;\" aria-level=\"1\"><span style=\"font-weight: 400;\">prawo do sprzeciwu wobec przetwarzania danych osobowych;<\/span><\/li><li style=\"font-weight: 400;\" aria-level=\"1\"><span style=\"font-weight: 400;\">prawo do przenoszenia danych osobowych.<\/span><\/li><\/ul><p><span style=\"font-weight: 400;\">Aby skorzysta\u0107 z tych praw, mo\u017cesz skontaktowa\u0107 si\u0119 z nami:\u00a0<\/span><\/p><p><b>IOD<\/b><span style=\"font-weight: 400;\">: Katarzyna Jastrz\u0119bska-Bieszke. Adres e-mail: <\/span><b>iodo@cloudity.com<\/b><\/p><h3><b>Czy przekazujemy Twoje dane osobowe?<\/b><\/h3><p><span style=\"font-weight: 400;\">Twoje dane s\u0105 przetwarzane przede wszystkim na obszarze Unii Europejskiej, jednak mog\u0105 by\u0107 r\u00f3wnie\u017c przekazywane do pa\u0144stw trzecich poza Europejski Obszar Gospodarczy (EOG). W takich przypadkach w celu zapewnienia odpowiedniego poziomu ochrony Twoich danych osobowych transfery odbywaj\u0105 si\u0119 w oparciu o mechanizmy okre\u015blone w art. 46 RODO, takie jak standardowe klauzule umowne lub decyzja o stwierdzeniu odpowiedniego stopnia ochrony.<\/span><\/p><h3><b>Zmiany w naszej polityce prywatno\u015bci<\/b><\/h3><p><span style=\"font-weight: 400;\">Polityka mo\u017ce by\u0107 okresowo modyfikowana w celu dostosowania jej do zmian regulacyjnych, orzeczniczych lub technicznych. W takim przypadku zaktualizujemy dat\u0119 ostatniej aktualizacji na Stronie. By pozosta\u0107 na bie\u017c\u0105co z aktualizacjami naszej Polityki, zalecamy regularne odwiedzanie tej Strony.<\/span><\/p>\t\t\t\t\t\t\t\t<\/div>\n\t\t\t\t<\/div>\n\t\t\t\t\t<\/div>\n\t\t\t\t<\/div>\n\t\t\t\t<\/div>\n\t\t","protected":false},"excerpt":{"rendered":"<p>Polityka prywatno\u015bci Jakie dane gromadzimy? Cloudity przywi\u0105zuje du\u017c\u0105 wag\u0119 do ochrony Twoich danych osobowych oraz Twojej prywatno\u015bci. Niniejsza Polityka prywatno\u015bci (dalej: \u201ePolityka\u201d) zawiera informacje dotycz\u0105ce sposobu gromadzenia i przetwarzania danych osobowych, kt\u00f3re przekazujesz nam za po\u015brednictwem naszej strony internetowej www.cloudity.com (dalej: \u201eStrona\u201d). Jakie dane gromadzimy? Dane gromadzone bezpo\u015brednio\u00a0 Korzystaj\u0105c z naszej strony internetowej, mo\u017cesz zosta\u0107 [&hellip;]<\/p>\n","protected":false},"author":2,"featured_media":0,"parent":0,"menu_order":0,"comment_status":"closed","ping_status":"closed","template":"elementor_header_footer","meta":{"_acf_changed":false,"_seopress_robots_primary_cat":"","_seopress_titles_title":"Polityka prywatno\u015bci - Cloudity","_seopress_titles_desc":"Dowiedz si\u0119, jak Cloudity zbiera i chroni Twoje dane osobowe. Przeczytaj nasz\u0105 polityk\u0119 prywatno\u015bci i poznaj swoje prawa.","_seopress_robots_index":"","footnotes":""},"class_list":["post-11076","page","type-page","status-publish","hentry"],"acf":[],"_links":{"self":[{"href":"https:\/\/cloudity.com\/pl\/wp-json\/wp\/v2\/pages\/11076","targetHints":{"allow":["GET"]}}],"collection":[{"href":"https:\/\/cloudity.com\/pl\/wp-json\/wp\/v2\/pages"}],"about":[{"href":"https:\/\/cloudity.com\/pl\/wp-json\/wp\/v2\/types\/page"}],"author":[{"embeddable":true,"href":"https:\/\/cloudity.com\/pl\/wp-json\/wp\/v2\/users\/2"}],"replies":[{"embeddable":true,"href":"https:\/\/cloudity.com\/pl\/wp-json\/wp\/v2\/comments?post=11076"}],"version-history":[{"count":1,"href":"https:\/\/cloudity.com\/pl\/wp-json\/wp\/v2\/pages\/11076\/revisions"}],"predecessor-version":[{"id":19807,"href":"https:\/\/cloudity.com\/pl\/wp-json\/wp\/v2\/pages\/11076\/revisions\/19807"}],"wp:attachment":[{"href":"https:\/\/cloudity.com\/pl\/wp-json\/wp\/v2\/media?parent=11076"}],"curies":[{"name":"wp","href":"https:\/\/api.w.org\/{rel}","templated":true}]}}