{"id":11619,"date":"2025-11-13T15:09:43","date_gmt":"2025-11-13T15:09:43","guid":{"rendered":"https:\/\/lightgoldenrodyellow-horse-236112.hostingersite.com\/nota-prawna\/"},"modified":"2026-02-06T15:10:33","modified_gmt":"2026-02-06T15:10:33","slug":"nota-prawna","status":"publish","type":"page","link":"https:\/\/cloudity.com\/pl\/nota-prawna\/","title":{"rendered":"Nota prawna"},"content":{"rendered":"\t\t<div data-elementor-type=\"wp-post\" data-elementor-id=\"11619\" class=\"elementor elementor-11619 elementor-1365\" data-elementor-post-type=\"page\">\n\t\t\t\t<div class=\"elementor-element elementor-element-1259f128 hero-grid e-flex e-con-boxed e-con e-parent\" data-id=\"1259f128\" data-element_type=\"container\" data-e-type=\"container\" data-settings=\"{&quot;background_background&quot;:&quot;gradient&quot;}\">\n\t\t\t\t\t<div class=\"e-con-inner\">\n\t\t<div class=\"elementor-element elementor-element-329ddd51 e-con-full e-flex e-con e-child\" data-id=\"329ddd51\" data-element_type=\"container\" data-e-type=\"container\">\n\t\t\t\t<div class=\"elementor-element elementor-element-15982a32 elementor-widget elementor-widget-heading\" data-id=\"15982a32\" data-element_type=\"widget\" data-e-type=\"widget\" data-widget_type=\"heading.default\">\n\t\t\t\t\t<h1 class=\"elementor-heading-title elementor-size-default\">Nota prawna  <\/h1>\t\t\t\t<\/div>\n\t\t\t\t<div class=\"elementor-element elementor-element-13745e28 elementor-widget elementor-widget-spacer\" data-id=\"13745e28\" data-element_type=\"widget\" data-e-type=\"widget\" data-widget_type=\"spacer.default\">\n\t\t\t\t\t\t\t<div class=\"elementor-spacer\">\n\t\t\t<div class=\"elementor-spacer-inner\"><\/div>\n\t\t<\/div>\n\t\t\t\t\t\t<\/div>\n\t\t\t\t<div class=\"elementor-element elementor-element-15e31422 elementor-widget elementor-widget-spacer\" data-id=\"15e31422\" data-element_type=\"widget\" data-e-type=\"widget\" data-widget_type=\"spacer.default\">\n\t\t\t\t\t\t\t<div class=\"elementor-spacer\">\n\t\t\t<div class=\"elementor-spacer-inner\"><\/div>\n\t\t<\/div>\n\t\t\t\t\t\t<\/div>\n\t\t\t\t<\/div>\n\t\t<div class=\"elementor-element elementor-element-370f428 e-con-full e-flex e-con e-child\" data-id=\"370f428\" data-element_type=\"container\" data-e-type=\"container\">\n\t\t\t\t<\/div>\n\t\t\t\t\t<\/div>\n\t\t\t\t<\/div>\n\t\t<div class=\"elementor-element elementor-element-a0a11d6 e-flex e-con-boxed e-con e-parent\" data-id=\"a0a11d6\" data-element_type=\"container\" data-e-type=\"container\" data-settings=\"{&quot;background_background&quot;:&quot;classic&quot;}\">\n\t\t\t\t\t<div class=\"e-con-inner\">\n\t\t<div class=\"elementor-element elementor-element-7045596 e-con-full e-flex e-con e-child\" data-id=\"7045596\" data-element_type=\"container\" data-e-type=\"container\" data-settings=\"{&quot;background_background&quot;:&quot;classic&quot;}\">\n\t\t\t\t<div class=\"elementor-element elementor-element-a4b1f1f elementor-widget elementor-widget-spacer\" data-id=\"a4b1f1f\" data-element_type=\"widget\" data-e-type=\"widget\" data-widget_type=\"spacer.default\">\n\t\t\t\t\t\t\t<div class=\"elementor-spacer\">\n\t\t\t<div class=\"elementor-spacer-inner\"><\/div>\n\t\t<\/div>\n\t\t\t\t\t\t<\/div>\n\t\t\t\t<div class=\"elementor-element elementor-element-6dfc32b elementor-widget elementor-widget-heading\" data-id=\"6dfc32b\" data-element_type=\"widget\" data-e-type=\"widget\" data-widget_type=\"heading.default\">\n\t\t\t\t\t<h3 class=\"elementor-heading-title elementor-size-default\">Informacje o wydawcy  <\/h3>\t\t\t\t<\/div>\n\t\t\t\t<div class=\"elementor-element elementor-element-244a180 elementor-widget elementor-widget-spacer\" data-id=\"244a180\" data-element_type=\"widget\" data-e-type=\"widget\" data-widget_type=\"spacer.default\">\n\t\t\t\t\t\t\t<div class=\"elementor-spacer\">\n\t\t\t<div class=\"elementor-spacer-inner\"><\/div>\n\t\t<\/div>\n\t\t\t\t\t\t<\/div>\n\t\t\t\t<div class=\"elementor-element elementor-element-7a3f386 elementor-widget elementor-widget-text-editor\" data-id=\"7a3f386\" data-element_type=\"widget\" data-e-type=\"widget\" data-widget_type=\"text-editor.default\">\n\t\t\t\t\t\t\t\t\t<p><span data-contrast=\"auto\"><br \/>Strona internetowa https:\/\/www.cloudity.com jest opublikowana wsp\u00f3lnie przez:<br \/><\/span><\/p><p><b><span data-contrast=\"auto\">CLOUDITY SAS<\/span><\/b><\/p><ul><li><span data-contrast=\"auto\">Kapita\u0142 zak\u0142adowy: 4 949 013,50 EUR<\/span><\/li><li><span data-contrast=\"auto\">Numer rejestracyjny sp\u00f3\u0142ki (RCS): 913 269 973 R.C.S. Grenoble<\/span><\/li><li><span data-contrast=\"auto\">Numer VAT: FR20913269973<\/span><\/li><li><span data-contrast=\"auto\">Siedziba statutowa:<\/span><br \/><span data-contrast=\"auto\">8 Place de la R\u00e9sistance<\/span><br \/><span data-contrast=\"auto\">38000 Grenoble, Francja<\/span><\/li><\/ul><p><b><span data-contrast=\"auto\">CLOUDITY sp. z o. o. <\/span><\/b><\/p><ul><li><span data-contrast=\"auto\">Kapita\u0142 zak\u0142adowy: 39.000,00 PLN<\/span><\/li><li><span data-contrast=\"auto\">NIP: 951-23-79-071<\/span><\/li><li><span data-contrast=\"auto\">KRS: 0000505827<\/span><\/li><li><span data-contrast=\"auto\">REGON: 147192818<\/span><\/li><li><span data-contrast=\"auto\">Siedziba sp\u00f3\u0142ki:<\/span><br \/><span data-contrast=\"auto\">Kazimierza Brokla 2<\/span><br \/><span data-contrast=\"auto\">00-032 Warszawa, Polska<\/span><\/li><\/ul><p><b><span data-contrast=\"auto\">CLOUDITY GmbH<\/span><\/b><\/p><ul><li><span data-contrast=\"auto\">Kapita\u0142: \u20ac50,000.00<\/span><br \/><span data-contrast=\"auto\">Numer rejestru handlowego: HRB 210340<\/span><br \/><span data-contrast=\"auto\">IDENTYFIKATOR PODATKOWY: 29\/252\/33068<\/span><br \/><span data-contrast=\"auto\">Numer VAT: DE 326 482 136<\/span><\/li><li><span data-contrast=\"auto\">Siedziba statutowa:<\/span><br \/><span data-contrast=\"auto\">Krausenstrasse 9-10<\/span><br \/><span data-contrast=\"auto\">10117 Berlin<\/span><\/li><\/ul><p><b><span data-contrast=\"auto\">CLOUDITY Sp. z o.o. filia <\/span><\/b><br \/><span data-contrast=\"auto\">Numer VAT: SE 516 411 699 701<\/span><br \/><span data-contrast=\"auto\">Siedziba statutowa:<\/span><br \/><span data-contrast=\"auto\">KAM Redovisning AB, Box 47089, 100-74, Stockholm<\/span><\/p><p><b><span data-contrast=\"auto\">Kontakt: <\/span><\/b><span data-contrast=\"auto\"><a style=\"color: #3453ff;\" href=\"http:\/\/cloudity.com\/contact-us\/\">poprzez formularz kontaktowy<br \/><\/a><br \/><\/span><\/p><p><b><span data-contrast=\"auto\">Dostawca hostingu<\/span><\/b><\/p><p><span data-contrast=\"auto\">Strona https:\/\/www.cloudity.com jest hostowana przez:<br \/><\/span><\/p><p><b><span data-contrast=\"auto\">OVH<\/span><\/b><br \/><span data-contrast=\"auto\">2, rue Kellermann<\/span><br \/><span data-contrast=\"auto\">59100 Roubaix, Francja<\/span><br \/><span data-contrast=\"auto\">Telefon: +33(0)9 72 10 10 07<\/span><\/p><p><b><span data-contrast=\"auto\">Lokalizacja hostingu:<\/span><\/b><br \/><span data-contrast=\"auto\">XXX, Francja<\/span><\/p><p><b><span data-contrast=\"auto\">W\u0142asno\u015b\u0107 intelektualna<\/span><\/b><\/p><p><span data-contrast=\"auto\">Zawarto\u015b\u0107 strony https:\/\/www.cloudity.com zawiera r\u00f3\u017cne elementy (teksty, media, grafiki, projekty, znaki towarowe itp.) chronione prawem w\u0142asno\u015bci intelektualnej, w tym prawem autorskim. <\/span><span data-contrast=\"auto\">Jakiekolwiek cz\u0119\u015bciowe lub ca\u0142kowite powielanie, przedstawianie, modyfikowanie lub publikowanie zawarto\u015bci strony internetowej w jakikolwiek spos\u00f3b jest surowo zabronione i mo\u017ce skutkowa\u0107 podj\u0119ciem krok\u00f3w prawnych zgodnie z obowi\u0105zuj\u0105cymi przepisami prawa.<br \/><\/span><\/p><p><b><span data-contrast=\"auto\">CLOUDITY <\/span><\/b><span data-contrast=\"auto\">jest w\u0142a\u015bcicielem znaku towarowego <\/span><b><span data-contrast=\"auto\">CLOUDITY. <\/span><\/b><span data-contrast=\"auto\">Jakiekolwiek powielanie, przedstawianie, adaptacja lub nieautoryzowane u\u017cycie tego znaku towarowego jest surowo zabronione i stanowi naruszenie \u015bcigane na mocy obowi\u0105zuj\u0105cych przepis\u00f3w dotycz\u0105cych znak\u00f3w towarowych.<br \/><\/span><\/p>\t\t\t\t\t\t\t\t<\/div>\n\t\t\t\t<\/div>\n\t\t\t\t\t<\/div>\n\t\t\t\t<\/div>\n\t\t\t\t<\/div>\n\t\t","protected":false},"excerpt":{"rendered":"<p>Nota prawna Informacje o wydawcy Strona internetowa https:\/\/www.cloudity.com jest opublikowana wsp\u00f3lnie przez: CLOUDITY SAS Kapita\u0142 zak\u0142adowy: 4 949 013,50 EUR Numer rejestracyjny sp\u00f3\u0142ki (RCS): 913 269 973 R.C.S. Grenoble Numer VAT: FR20913269973 Siedziba statutowa:8 Place de la R\u00e9sistance38000 Grenoble, Francja CLOUDITY sp. z o. o. Kapita\u0142 zak\u0142adowy: 39.000,00 PLN NIP: 951-23-79-071 KRS: 0000505827 REGON: 147192818 [&hellip;]<\/p>\n","protected":false},"author":2,"featured_media":0,"parent":0,"menu_order":0,"comment_status":"closed","ping_status":"closed","template":"elementor_header_footer","meta":{"_acf_changed":false,"_seopress_robots_primary_cat":"","_seopress_titles_title":"Nota prawna - Cloudity","_seopress_titles_desc":"Przeczytaj Nota prawna Cloudity. Twoje prawa i nasze zobowi\u0105zania dotycz\u0105ce legal matters.","_seopress_robots_index":"","footnotes":""},"class_list":["post-11619","page","type-page","status-publish","hentry"],"acf":[],"_links":{"self":[{"href":"https:\/\/cloudity.com\/pl\/wp-json\/wp\/v2\/pages\/11619","targetHints":{"allow":["GET"]}}],"collection":[{"href":"https:\/\/cloudity.com\/pl\/wp-json\/wp\/v2\/pages"}],"about":[{"href":"https:\/\/cloudity.com\/pl\/wp-json\/wp\/v2\/types\/page"}],"author":[{"embeddable":true,"href":"https:\/\/cloudity.com\/pl\/wp-json\/wp\/v2\/users\/2"}],"replies":[{"embeddable":true,"href":"https:\/\/cloudity.com\/pl\/wp-json\/wp\/v2\/comments?post=11619"}],"version-history":[{"count":0,"href":"https:\/\/cloudity.com\/pl\/wp-json\/wp\/v2\/pages\/11619\/revisions"}],"wp:attachment":[{"href":"https:\/\/cloudity.com\/pl\/wp-json\/wp\/v2\/media?parent=11619"}],"curies":[{"name":"wp","href":"https:\/\/api.w.org\/{rel}","templated":true}]}}